{"id":1672,"date":"2022-04-04T07:34:21","date_gmt":"2022-04-04T07:34:21","guid":{"rendered":"https:\/\/debebe.vamtam.com\/?page_id=1672"},"modified":"2023-10-26T10:58:55","modified_gmt":"2023-10-26T10:58:55","slug":"terms-conditions","status":"publish","type":"page","link":"http:\/\/olilioli.md\/ru\/terms-conditions\/","title":{"rendered":"Termeni \u0219i condi\u021bii"},"content":{"rendered":"<div data-elementor-type=\"wp-page\" data-elementor-id=\"1672\" class=\"elementor elementor-1672\" data-elementor-post-type=\"page\">\n\t\t\t\t\t\t\t\t\t<section class=\"elementor-section elementor-top-section elementor-element elementor-element-45f0895 elementor-section-boxed elementor-section-height-default elementor-section-height-default\" data-id=\"45f0895\" data-element_type=\"section\">\n\t\t\t\t\t\t<div class=\"elementor-container elementor-column-gap-no\">\n\t\t\t\t\t<div class=\"elementor-column elementor-col-100 elementor-top-column elementor-element elementor-element-f874ba0\" data-id=\"f874ba0\" data-element_type=\"column\">\n\t\t\t<div class=\"elementor-widget-wrap elementor-element-populated\">\n\t\t\t\t\t\t\t\t<div class=\"elementor-element elementor-element-6a3dea7 elementor-widget elementor-widget-heading\" data-id=\"6a3dea7\" data-element_type=\"widget\" data-widget_type=\"heading.default\">\n\t\t\t\t<div class=\"elementor-widget-container\">\n\t\t\t<style>\/*! elementor - v3.17.0 - 25-10-2023 *\/\n.elementor-heading-title{padding:0;margin:0;line-height:1}.elementor-widget-heading .elementor-heading-title[class*=elementor-size-]>a{color:inherit;font-size:inherit;line-height:inherit}.elementor-widget-heading .elementor-heading-title.elementor-size-small{font-size:15px}.elementor-widget-heading .elementor-heading-title.elementor-size-medium{font-size:19px}.elementor-widget-heading .elementor-heading-title.elementor-size-large{font-size:29px}.elementor-widget-heading .elementor-heading-title.elementor-size-xl{font-size:39px}.elementor-widget-heading .elementor-heading-title.elementor-size-xxl{font-size:59px}<\/style><h3 class=\"elementor-heading-title elementor-size-default\">Termeni \u0219i Condi\u021bii<\/h3>\t\t<\/div>\n\t\t\t\t<\/div>\n\t\t\t\t<div class=\"elementor-element elementor-element-ab3328b elementor-widget elementor-widget-text-editor\" data-id=\"ab3328b\" data-element_type=\"widget\" data-widget_type=\"text-editor.default\">\n\t\t\t\t<div class=\"elementor-widget-container\">\n\t\t\t<style>\/*! elementor - v3.17.0 - 25-10-2023 *\/\n.elementor-widget-text-editor.elementor-drop-cap-view-stacked .elementor-drop-cap{background-color:#69727d;color:#fff}.elementor-widget-text-editor.elementor-drop-cap-view-framed .elementor-drop-cap{color:#69727d;border:3px solid;background-color:transparent}.elementor-widget-text-editor:not(.elementor-drop-cap-view-default) .elementor-drop-cap{margin-top:8px}.elementor-widget-text-editor:not(.elementor-drop-cap-view-default) .elementor-drop-cap-letter{width:1em;height:1em}.elementor-widget-text-editor .elementor-drop-cap{float:left;text-align:center;line-height:1;font-size:50px}.elementor-widget-text-editor .elementor-drop-cap-letter{display:inline-block}<\/style>\t\t\t\t<p style=\"font-weight: 400;\">Termeni \u0219i Condi\u021bii pentru Utilizarea Site-ului olilioli.md<\/p><p style=\"font-weight: 400;\">Data intr\u0103rii \u00een vigoare: 26 Octombrie 2023<\/p>\t\t\t\t\t\t<\/div>\n\t\t\t\t<\/div>\n\t\t\t\t<div class=\"elementor-element elementor-element-e92385c elementor-widget elementor-widget-heading\" data-id=\"e92385c\" data-element_type=\"widget\" data-widget_type=\"heading.default\">\n\t\t\t\t<div class=\"elementor-widget-container\">\n\t\t\t<h3 class=\"elementor-heading-title elementor-size-default\">Acceptarea Termenilor \u0219i Condi\u021biilor<\/h3>\t\t<\/div>\n\t\t\t\t<\/div>\n\t\t\t\t<div class=\"elementor-element elementor-element-39aaa0e elementor-widget elementor-widget-text-editor\" data-id=\"39aaa0e\" data-element_type=\"widget\" data-widget_type=\"text-editor.default\">\n\t\t\t\t<div class=\"elementor-widget-container\">\n\t\t\t\t\t\t\t<p style=\"font-weight: 400;\">Prin utilizarea site-ului olilioli.md, sunte\u021bi de acord cu ace\u0219ti Termeni \u0219i Condi\u021bii. Dac\u0103 nu sunte\u021bi de acord cu ace\u0219ti termeni, v\u0103 rug\u0103m s\u0103 nu utiliza\u021bi site-ul olilioli.md.<\/p>\t\t\t\t\t\t<\/div>\n\t\t\t\t<\/div>\n\t\t\t\t<div class=\"elementor-element elementor-element-4cc6b49 elementor-widget elementor-widget-heading\" data-id=\"4cc6b49\" data-element_type=\"widget\" data-widget_type=\"heading.default\">\n\t\t\t\t<div class=\"elementor-widget-container\">\n\t\t\t<h3 class=\"elementor-heading-title elementor-size-default\">\u0414\u043e\u0441\u0442\u0430\u0432\u043a\u0430<\/h3>\t\t<\/div>\n\t\t\t\t<\/div>\n\t\t\t\t<div class=\"elementor-element elementor-element-7e0415a elementor-widget elementor-widget-text-editor\" data-id=\"7e0415a\" data-element_type=\"widget\" data-widget_type=\"text-editor.default\">\n\t\t\t\t<div class=\"elementor-widget-container\">\n\t\t\t\t\t\t\t<ol><li style=\"font-weight: 400;\">Pentru comenzile cu livrare \u00een Chi\u0219in\u0103u, livrarea este gratuit\u0103.<\/li><li style=\"font-weight: 400;\">Pentru comenzile cu livrare \u00een Moldova, se percepe o tax\u0103 de livrare de 60 lei.<\/li><li style=\"font-weight: 400;\">Pentru comenzile cu livrare \u00een Rom\u00e2nia, se percepe o tax\u0103 de livrare de 400 lei.<\/li><\/ol>\t\t\t\t\t\t<\/div>\n\t\t\t\t<\/div>\n\t\t\t\t<div class=\"elementor-element elementor-element-541512b elementor-widget elementor-widget-heading\" data-id=\"541512b\" data-element_type=\"widget\" data-widget_type=\"heading.default\">\n\t\t\t\t<div class=\"elementor-widget-container\">\n\t\t\t<h3 class=\"elementor-heading-title elementor-size-default\">Retur<\/h3>\t\t<\/div>\n\t\t\t\t<\/div>\n\t\t\t\t<div class=\"elementor-element elementor-element-10ce53d elementor-widget elementor-widget-text-editor\" data-id=\"10ce53d\" data-element_type=\"widget\" data-widget_type=\"text-editor.default\">\n\t\t\t\t<div class=\"elementor-widget-container\">\n\t\t\t\t\t\t\t<p style=\"font-weight: 400;\">Este permis returul produselor achizi\u021bionate \u00een termen de 14 zile de la data achizi\u021bion\u0103rii. Produsul returnat trebuie s\u0103 fie \u00een stare perfect\u0103, cu ambalajul original \u0219i f\u0103r\u0103 semne de uzur\u0103. Costurile de returnare vor fi suportate de c\u0103tre cump\u0103r\u0103tor.<\/p>\t\t\t\t\t\t<\/div>\n\t\t\t\t<\/div>\n\t\t\t\t<div class=\"elementor-element elementor-element-4c4637d elementor-widget elementor-widget-heading\" data-id=\"4c4637d\" data-element_type=\"widget\" data-widget_type=\"heading.default\">\n\t\t\t\t<div class=\"elementor-widget-container\">\n\t\t\t<h3 class=\"elementor-heading-title elementor-size-default\">Plat\u0103<\/h3>\t\t<\/div>\n\t\t\t\t<\/div>\n\t\t\t\t<div class=\"elementor-element elementor-element-e8e97e1 elementor-widget elementor-widget-text-editor\" data-id=\"e8e97e1\" data-element_type=\"widget\" data-widget_type=\"text-editor.default\">\n\t\t\t\t<div class=\"elementor-widget-container\">\n\t\t\t\t\t\t\t<ol><li style=\"font-weight: 400;\">Plata se poate efectua online cu cardul Visa\/Mastercard pe site-ul olilioli.md.<\/li><li style=\"font-weight: 400;\">Plata se poate efectua \u0219i \u00een numerar la momentul primirii produselor.<\/li><\/ol>\t\t\t\t\t\t<\/div>\n\t\t\t\t<\/div>\n\t\t\t\t<div class=\"elementor-element elementor-element-a8bbd21 elementor-widget elementor-widget-heading\" data-id=\"a8bbd21\" data-element_type=\"widget\" data-widget_type=\"heading.default\">\n\t\t\t\t<div class=\"elementor-widget-container\">\n\t\t\t<h3 class=\"elementor-heading-title elementor-size-default\">Informa\u021bii despre Companie<\/h3>\t\t<\/div>\n\t\t\t\t<\/div>\n\t\t\t\t<div class=\"elementor-element elementor-element-5aae2c3 elementor-widget elementor-widget-text-editor\" data-id=\"5aae2c3\" data-element_type=\"widget\" data-widget_type=\"text-editor.default\">\n\t\t\t\t<div class=\"elementor-widget-container\">\n\t\t\t\t\t\t\t<p style=\"font-weight: 400;\">Numele Companiei: &#8220;Davidoli&#8221; S.R.L.<\/p><p style=\"font-weight: 400;\">Adresa Companiei: MD-2005, str. Albisoara 82\/1 ap. 84, Republica Moldova.<\/p><p style=\"font-weight: 400;\">Num\u0103r de \u00eenregistrare fiscal\u0103 (CIF): 1020600002713<\/p><p style=\"font-weight: 400;\">Banca: BC &#8220;Moldova-Agroindbank&#8221; SA<\/p><p style=\"font-weight: 400;\">Codul SWIFT al B\u0103ncii: AGRNMD2X<\/p><p style=\"font-weight: 400;\">IBAN: MD74AG000000022513903532<\/p><p style=\"font-weight: 400;\">Num\u0103r de telefon: +373 79782226<\/p><p style=\"font-weight: 400;\">Adres\u0103 de email: <a href=\"mailto:davidion44@gmail.com\">davidion44@gmail.com<\/a><\/p>\t\t\t\t\t\t<\/div>\n\t\t\t\t<\/div>\n\t\t\t\t<div class=\"elementor-element elementor-element-5f59a75 elementor-widget elementor-widget-heading\" data-id=\"5f59a75\" data-element_type=\"widget\" data-widget_type=\"heading.default\">\n\t\t\t\t<div class=\"elementor-widget-container\">\n\t\t\t<h3 class=\"elementor-heading-title elementor-size-default\">Adresa Atelierului<\/h3>\t\t<\/div>\n\t\t\t\t<\/div>\n\t\t\t\t<div class=\"elementor-element elementor-element-f2c29de elementor-widget elementor-widget-text-editor\" data-id=\"f2c29de\" data-element_type=\"widget\" data-widget_type=\"text-editor.default\">\n\t\t\t\t<div class=\"elementor-widget-container\">\n\t\t\t\t\t\t\t<p style=\"font-weight: 400;\">Adresa atelierului este: Petru Rare\u0219 77.<\/p>\t\t\t\t\t\t<\/div>\n\t\t\t\t<\/div>\n\t\t\t\t<div class=\"elementor-element elementor-element-ec069a8 elementor-widget elementor-widget-heading\" data-id=\"ec069a8\" data-element_type=\"widget\" data-widget_type=\"heading.default\">\n\t\t\t\t<div class=\"elementor-widget-container\">\n\t\t\t<h3 class=\"elementor-heading-title elementor-size-default\">Modific\u0103ri ale Termenilor \u0219i Condi\u021biilor<\/h3>\t\t<\/div>\n\t\t\t\t<\/div>\n\t\t\t\t<div class=\"elementor-element elementor-element-73b9f4d elementor-widget elementor-widget-text-editor\" data-id=\"73b9f4d\" data-element_type=\"widget\" data-widget_type=\"text-editor.default\">\n\t\t\t\t<div class=\"elementor-widget-container\">\n\t\t\t\t\t\t\t<p style=\"font-weight: 400;\">Ace\u0219ti Termeni \u0219i Condi\u021bii pot fi modifica\u021bi \u00een orice moment, f\u0103r\u0103 notificare prealabil\u0103. V\u0103 recomand\u0103m s\u0103 verifica\u021bi periodic aceast\u0103 pagin\u0103 pentru a v\u0103 asigura c\u0103 sunte\u021bi de acord cu toate condi\u021biile \u00een vigoare. Continuarea utiliz\u0103rii site-ului olilioli.md dup\u0103 modific\u0103rile aduse Termenilor \u0219i Condi\u021biilor constituie acceptarea acestora.<\/p>\t\t\t\t\t\t<\/div>\n\t\t\t\t<\/div>\n\t\t\t\t<div class=\"elementor-element elementor-element-5cab338 elementor-widget elementor-widget-heading\" data-id=\"5cab338\" data-element_type=\"widget\" data-widget_type=\"heading.default\">\n\t\t\t\t<div class=\"elementor-widget-container\">\n\t\t\t<h3 class=\"elementor-heading-title elementor-size-default\">Contact<\/h3>\t\t<\/div>\n\t\t\t\t<\/div>\n\t\t\t\t<div class=\"elementor-element elementor-element-5d0a68e elementor-widget elementor-widget-text-editor\" data-id=\"5d0a68e\" data-element_type=\"widget\" data-widget_type=\"text-editor.default\">\n\t\t\t\t<div class=\"elementor-widget-container\">\n\t\t\t\t\t\t\t<p style=\"font-weight: 400;\">Pentru orice \u00eentreb\u0103ri sau nel\u0103muriri, v\u0103 rug\u0103m s\u0103 ne contacta\u021bi la adresa de email sau num\u0103rul de telefon furnizate mai sus.<\/p>\t\t\t\t\t\t<\/div>\n\t\t\t\t<\/div>\n\t\t\t\t<div class=\"elementor-element elementor-element-0545dc5 elementor-widget elementor-widget-text-editor\" data-id=\"0545dc5\" data-element_type=\"widget\" data-widget_type=\"text-editor.default\">\n\t\t\t\t<div class=\"elementor-widget-container\">\n\t\t\t\t\t\t\t<p style=\"font-weight: 400;\">V\u0103 mul\u021bumim pentru utilizarea site-ului olilioli.md. Apreciem \u00eencrederea dvs. \u0219i v\u0103 asigur\u0103m c\u0103 facem tot posibilul pentru a v\u0103 oferi o experien\u021b\u0103 de cump\u0103rare pl\u0103cut\u0103 \u0219i sigur\u0103.<\/p><p style=\"font-weight: 400;\">\u00a0<\/p>\t\t\t\t\t\t<\/div>\n\t\t\t\t<\/div>\n\t\t\t\t<div class=\"vamtam-has-theme-widget-styles elementor-element elementor-element-c097678 elementor-widget elementor-widget-image\" data-id=\"c097678\" data-element_type=\"widget\" data-widget_type=\"image.default\">\n\t\t\t\t<div class=\"elementor-widget-container\">\n\t\t\t<style>\/*! elementor - v3.17.0 - 25-10-2023 *\/\n.elementor-widget-image{text-align:center}.elementor-widget-image a{display:inline-block}.elementor-widget-image a img[src$=\".svg\"]{width:48px}.elementor-widget-image img{vertical-align:middle;display:inline-block}<\/style>\t\t\t\t<div class=\"elementor-image\">\n\t\t\t\t\t\t\t\t\t\t\t\t\t\t\t\t\t\t\t\t\t<img decoding=\"async\" width=\"500\" height=\"500\" src=\"https:\/\/olilioli.md\/wp-content\/uploads\/2023\/03\/elefant-albastru.jpg\" class=\"attachment-large size-large wp-image-988498\" alt=\"\" srcset=\"https:\/\/olilioli.md\/wp-content\/uploads\/2023\/03\/elefant-albastru.jpg 500w, https:\/\/olilioli.md\/wp-content\/uploads\/2023\/03\/elefant-albastru-420x420.jpg 420w, https:\/\/olilioli.md\/wp-content\/uploads\/2023\/03\/elefant-albastru-315x315.jpg 315w\" sizes=\"(max-width: 500px) 100vw, 500px\" \/>\t\t\t\t\t\t\t\t\t\t\t\t\t\t\t\t\t\t\t\t\t\t\t\t<\/div>\n\t\t\t\t\t\t<\/div>\n\t\t\t\t<\/div>\n\t\t\t\t<div class=\"vamtam-has-theme-widget-styles elementor-element elementor-element-bf9d6b1 elementor-widget elementor-widget-image\" data-id=\"bf9d6b1\" data-element_type=\"widget\" data-widget_type=\"image.default\">\n\t\t\t\t<div class=\"elementor-widget-container\">\n\t\t\t\t\t\t\t<div class=\"elementor-image\">\n\t\t\t\t\t\t\t\t\t\t\t\t\t\t\t\t\t\t\t\t\t<img decoding=\"async\" width=\"130\" height=\"25\" src=\"https:\/\/olilioli.md\/wp-content\/uploads\/2022\/06\/animal-underline.svg\" class=\"attachment-large size-large wp-image-6961\" alt=\"\" \/>\t\t\t\t\t\t\t\t\t\t\t\t\t\t\t\t\t\t\t\t\t\t\t\t<\/div>\n\t\t\t\t\t\t<\/div>\n\t\t\t\t<\/div>\n\t\t\t\t\t<\/div>\n\t\t<\/div>\n\t\t\t\t\t\t\t<\/div>\n\t\t<\/section>\n\t\t\t\t\t\t\t<\/div>","protected":false},"excerpt":{"rendered":"<p>Termeni \u0219i Condi\u021bii Termeni \u0219i Condi\u021bii pentru Utilizarea Site-ului olilioli.md Data intr\u0103rii \u00een vigoare: 26 Octombrie 2023 Acceptarea Termenilor \u0219i Condi\u021biilor Prin utilizarea site-ului olilioli.md, sunte\u021bi de acord cu ace\u0219ti Termeni \u0219i Condi\u021bii. Dac\u0103 nu sunte\u021bi de acord cu ace\u0219ti termeni, v\u0103 rug\u0103m s\u0103 nu utiliza\u021bi site-ul olilioli.md. Livrare Pentru comenzile cu livrare \u00een Chi\u0219in\u0103u,&#8230;<\/p>","protected":false},"author":1,"featured_media":0,"parent":0,"menu_order":0,"comment_status":"closed","ping_status":"closed","template":"","meta":{"om_disable_all_campaigns":false,"footnotes":""},"class_list":["post-1672","page","type-page","status-publish","hentry"],"yoast_head":"<!-- This site is optimized with the Yoast SEO plugin v24.4 - https:\/\/yoast.com\/wordpress\/plugins\/seo\/ -->\n<title>Termeni \u0219i condi\u021bii - Olilioli<\/title>\n<meta name=\"robots\" content=\"index, follow, max-snippet:-1, max-image-preview:large, max-video-preview:-1\" \/>\n<link rel=\"canonical\" href=\"http:\/\/olilioli.md\/ru\/terms-conditions\/\" \/>\n<meta property=\"og:locale\" content=\"ru_RU\" \/>\n<meta property=\"og:type\" content=\"article\" \/>\n<meta property=\"og:title\" content=\"Termeni \u0219i condi\u021bii - Olilioli\" \/>\n<meta property=\"og:description\" content=\"Termeni \u0219i Condi\u021bii Termeni \u0219i Condi\u021bii pentru Utilizarea Site-ului olilioli.md Data intr\u0103rii \u00een vigoare: 26 Octombrie 2023 Acceptarea Termenilor \u0219i Condi\u021biilor Prin utilizarea site-ului olilioli.md, sunte\u021bi de acord cu ace\u0219ti Termeni \u0219i Condi\u021bii. Dac\u0103 nu sunte\u021bi de acord cu ace\u0219ti termeni, v\u0103 rug\u0103m s\u0103 nu utiliza\u021bi site-ul olilioli.md. Livrare Pentru comenzile cu livrare \u00een Chi\u0219in\u0103u,...\" \/>\n<meta property=\"og:url\" content=\"http:\/\/olilioli.md\/ru\/terms-conditions\/\" \/>\n<meta property=\"og:site_name\" content=\"Olilioli\" \/>\n<meta property=\"article:modified_time\" content=\"2023-10-26T10:58:55+00:00\" \/>\n<meta property=\"og:image\" content=\"https:\/\/olilioli.md\/wp-content\/uploads\/2023\/03\/elefant-albastru.jpg\" \/>\n<meta name=\"twitter:card\" content=\"summary_large_image\" \/>\n<meta name=\"twitter:label1\" content=\"\u041f\u0440\u0438\u043c\u0435\u0440\u043d\u043e\u0435 \u0432\u0440\u0435\u043c\u044f \u0434\u043b\u044f \u0447\u0442\u0435\u043d\u0438\u044f\" \/>\n\t<meta name=\"twitter:data1\" content=\"2 \u043c\u0438\u043d\u0443\u0442\u044b\" \/>\n<script type=\"application\/ld+json\" class=\"yoast-schema-graph\">{\"@context\":\"https:\/\/schema.org\",\"@graph\":[{\"@type\":\"WebPage\",\"@id\":\"http:\/\/olilioli.md\/terms-conditions\/\",\"url\":\"http:\/\/olilioli.md\/terms-conditions\/\",\"name\":\"Termeni \u0219i condi\u021bii - Olilioli\",\"isPartOf\":{\"@id\":\"http:\/\/olilioli.md\/#website\"},\"primaryImageOfPage\":{\"@id\":\"http:\/\/olilioli.md\/terms-conditions\/#primaryimage\"},\"image\":{\"@id\":\"http:\/\/olilioli.md\/terms-conditions\/#primaryimage\"},\"thumbnailUrl\":\"https:\/\/olilioli.md\/wp-content\/uploads\/2023\/03\/elefant-albastru.jpg\",\"datePublished\":\"2022-04-04T07:34:21+00:00\",\"dateModified\":\"2023-10-26T10:58:55+00:00\",\"breadcrumb\":{\"@id\":\"http:\/\/olilioli.md\/terms-conditions\/#breadcrumb\"},\"inLanguage\":\"ru-RU\",\"potentialAction\":[{\"@type\":\"ReadAction\",\"target\":[\"http:\/\/olilioli.md\/terms-conditions\/\"]}]},{\"@type\":\"ImageObject\",\"inLanguage\":\"ru-RU\",\"@id\":\"http:\/\/olilioli.md\/terms-conditions\/#primaryimage\",\"url\":\"https:\/\/olilioli.md\/wp-content\/uploads\/2023\/03\/elefant-albastru.jpg\",\"contentUrl\":\"https:\/\/olilioli.md\/wp-content\/uploads\/2023\/03\/elefant-albastru.jpg\"},{\"@type\":\"BreadcrumbList\",\"@id\":\"http:\/\/olilioli.md\/terms-conditions\/#breadcrumb\",\"itemListElement\":[{\"@type\":\"ListItem\",\"position\":1,\"name\":\"Prima pagin\u0103\",\"item\":\"http:\/\/olilioli.md\/\"},{\"@type\":\"ListItem\",\"position\":2,\"name\":\"Termeni \u0219i condi\u021bii\"}]},{\"@type\":\"WebSite\",\"@id\":\"http:\/\/olilioli.md\/#website\",\"url\":\"http:\/\/olilioli.md\/\",\"name\":\"Olilioli\",\"description\":\"produse ecologice pentru copii\",\"publisher\":{\"@id\":\"http:\/\/olilioli.md\/#organization\"},\"potentialAction\":[{\"@type\":\"SearchAction\",\"target\":{\"@type\":\"EntryPoint\",\"urlTemplate\":\"http:\/\/olilioli.md\/?s={search_term_string}\"},\"query-input\":{\"@type\":\"PropertyValueSpecification\",\"valueRequired\":true,\"valueName\":\"search_term_string\"}}],\"inLanguage\":\"ru-RU\"},{\"@type\":\"Organization\",\"@id\":\"http:\/\/olilioli.md\/#organization\",\"name\":\"Olilioli\",\"url\":\"http:\/\/olilioli.md\/\",\"logo\":{\"@type\":\"ImageObject\",\"inLanguage\":\"ru-RU\",\"@id\":\"http:\/\/olilioli.md\/#\/schema\/logo\/image\/\",\"url\":\"https:\/\/olilioli.md\/wp-content\/uploads\/2023\/02\/olilioli_logo-min.png\",\"contentUrl\":\"https:\/\/olilioli.md\/wp-content\/uploads\/2023\/02\/olilioli_logo-min.png\",\"width\":138,\"height\":36,\"caption\":\"Olilioli\"},\"image\":{\"@id\":\"http:\/\/olilioli.md\/#\/schema\/logo\/image\/\"}}]}<\/script>\n<!-- \/ Yoast SEO plugin. -->","yoast_head_json":{"title":"Termeni \u0219i condi\u021bii - Olilioli","robots":{"index":"index","follow":"follow","max-snippet":"max-snippet:-1","max-image-preview":"max-image-preview:large","max-video-preview":"max-video-preview:-1"},"canonical":"http:\/\/olilioli.md\/ru\/terms-conditions\/","og_locale":"ru_RU","og_type":"article","og_title":"Termeni \u0219i condi\u021bii - Olilioli","og_description":"Termeni \u0219i Condi\u021bii Termeni \u0219i Condi\u021bii pentru Utilizarea Site-ului olilioli.md Data intr\u0103rii \u00een vigoare: 26 Octombrie 2023 Acceptarea Termenilor \u0219i Condi\u021biilor Prin utilizarea site-ului olilioli.md, sunte\u021bi de acord cu ace\u0219ti Termeni \u0219i Condi\u021bii. Dac\u0103 nu sunte\u021bi de acord cu ace\u0219ti termeni, v\u0103 rug\u0103m s\u0103 nu utiliza\u021bi site-ul olilioli.md. Livrare Pentru comenzile cu livrare \u00een Chi\u0219in\u0103u,...","og_url":"http:\/\/olilioli.md\/ru\/terms-conditions\/","og_site_name":"Olilioli","article_modified_time":"2023-10-26T10:58:55+00:00","og_image":[{"url":"https:\/\/olilioli.md\/wp-content\/uploads\/2023\/03\/elefant-albastru.jpg","type":"","width":"","height":""}],"twitter_card":"summary_large_image","twitter_misc":{"\u041f\u0440\u0438\u043c\u0435\u0440\u043d\u043e\u0435 \u0432\u0440\u0435\u043c\u044f \u0434\u043b\u044f \u0447\u0442\u0435\u043d\u0438\u044f":"2 \u043c\u0438\u043d\u0443\u0442\u044b"},"schema":{"@context":"https:\/\/schema.org","@graph":[{"@type":"WebPage","@id":"http:\/\/olilioli.md\/terms-conditions\/","url":"http:\/\/olilioli.md\/terms-conditions\/","name":"Termeni \u0219i condi\u021bii - Olilioli","isPartOf":{"@id":"http:\/\/olilioli.md\/#website"},"primaryImageOfPage":{"@id":"http:\/\/olilioli.md\/terms-conditions\/#primaryimage"},"image":{"@id":"http:\/\/olilioli.md\/terms-conditions\/#primaryimage"},"thumbnailUrl":"https:\/\/olilioli.md\/wp-content\/uploads\/2023\/03\/elefant-albastru.jpg","datePublished":"2022-04-04T07:34:21+00:00","dateModified":"2023-10-26T10:58:55+00:00","breadcrumb":{"@id":"http:\/\/olilioli.md\/terms-conditions\/#breadcrumb"},"inLanguage":"ru-RU","potentialAction":[{"@type":"ReadAction","target":["http:\/\/olilioli.md\/terms-conditions\/"]}]},{"@type":"ImageObject","inLanguage":"ru-RU","@id":"http:\/\/olilioli.md\/terms-conditions\/#primaryimage","url":"https:\/\/olilioli.md\/wp-content\/uploads\/2023\/03\/elefant-albastru.jpg","contentUrl":"https:\/\/olilioli.md\/wp-content\/uploads\/2023\/03\/elefant-albastru.jpg"},{"@type":"BreadcrumbList","@id":"http:\/\/olilioli.md\/terms-conditions\/#breadcrumb","itemListElement":[{"@type":"ListItem","position":1,"name":"Prima pagin\u0103","item":"http:\/\/olilioli.md\/"},{"@type":"ListItem","position":2,"name":"Termeni \u0219i condi\u021bii"}]},{"@type":"WebSite","@id":"http:\/\/olilioli.md\/#website","url":"http:\/\/olilioli.md\/","name":"Olilioli","description":"produse ecologice pentru copii","publisher":{"@id":"http:\/\/olilioli.md\/#organization"},"potentialAction":[{"@type":"SearchAction","target":{"@type":"EntryPoint","urlTemplate":"http:\/\/olilioli.md\/?s={search_term_string}"},"query-input":{"@type":"PropertyValueSpecification","valueRequired":true,"valueName":"search_term_string"}}],"inLanguage":"ru-RU"},{"@type":"Organization","@id":"http:\/\/olilioli.md\/#organization","name":"Olilioli","url":"http:\/\/olilioli.md\/","logo":{"@type":"ImageObject","inLanguage":"ru-RU","@id":"http:\/\/olilioli.md\/#\/schema\/logo\/image\/","url":"https:\/\/olilioli.md\/wp-content\/uploads\/2023\/02\/olilioli_logo-min.png","contentUrl":"https:\/\/olilioli.md\/wp-content\/uploads\/2023\/02\/olilioli_logo-min.png","width":138,"height":36,"caption":"Olilioli"},"image":{"@id":"http:\/\/olilioli.md\/#\/schema\/logo\/image\/"}}]}},"_links":{"self":[{"href":"http:\/\/olilioli.md\/ru\/wp-json\/wp\/v2\/pages\/1672","targetHints":{"allow":["GET"]}}],"collection":[{"href":"http:\/\/olilioli.md\/ru\/wp-json\/wp\/v2\/pages"}],"about":[{"href":"http:\/\/olilioli.md\/ru\/wp-json\/wp\/v2\/types\/page"}],"author":[{"embeddable":true,"href":"http:\/\/olilioli.md\/ru\/wp-json\/wp\/v2\/users\/1"}],"replies":[{"embeddable":true,"href":"http:\/\/olilioli.md\/ru\/wp-json\/wp\/v2\/comments?post=1672"}],"version-history":[{"count":0,"href":"http:\/\/olilioli.md\/ru\/wp-json\/wp\/v2\/pages\/1672\/revisions"}],"wp:attachment":[{"href":"http:\/\/olilioli.md\/ru\/wp-json\/wp\/v2\/media?parent=1672"}],"curies":[{"name":"wp","href":"https:\/\/api.w.org\/{rel}","templated":true}]}}