{"id":989986,"date":"2023-10-26T10:36:52","date_gmt":"2023-10-26T10:36:52","guid":{"rendered":"https:\/\/olilioli.md\/?page_id=989986"},"modified":"2023-10-26T10:37:25","modified_gmt":"2023-10-26T10:37:25","slug":"elementor-989986","status":"publish","type":"page","link":"http:\/\/olilioli.md\/ru\/elementor-989986\/","title":{"rendered":"Elementor #989986"},"content":{"rendered":"<div data-elementor-type=\"wp-page\" data-elementor-id=\"989986\" class=\"elementor elementor-989986\" data-elementor-post-type=\"page\">\n\t\t\t\t\t\t\t\t\t<section class=\"elementor-section elementor-top-section elementor-element elementor-element-28f15d7 elementor-section-boxed elementor-section-height-default elementor-section-height-default\" data-id=\"28f15d7\" data-element_type=\"section\">\n\t\t\t\t\t\t<div class=\"elementor-container elementor-column-gap-default\">\n\t\t\t\t\t<div class=\"elementor-column elementor-col-100 elementor-top-column elementor-element elementor-element-efb87d1\" data-id=\"efb87d1\" data-element_type=\"column\">\n\t\t\t<div class=\"elementor-widget-wrap elementor-element-populated\">\n\t\t\t\t\t\t\t\t<div class=\"vamtam-has-theme-widget-styles elementor-element elementor-element-4192fc9 e-checkout-layout-two-column elementor-widget elementor-widget-woocommerce-checkout-page\" data-id=\"4192fc9\" data-element_type=\"widget\" data-widget_type=\"woocommerce-checkout-page.default\">\n\t\t\t\t<div class=\"elementor-widget-container\">\n\t\t\t<link rel=\"stylesheet\" href=\"https:\/\/olilioli.md\/wp-content\/plugins\/pro-elements\/assets\/css\/widget-woocommerce.min.css\"><div class=\"woocommerce\"><\/div>\t\t<\/div>\n\t\t\t\t<\/div>\n\t\t\t\t\t<\/div>\n\t\t<\/div>\n\t\t\t\t\t\t\t<\/div>\n\t\t<\/section>\n\t\t\t\t\t\t\t<\/div>","protected":false},"excerpt":{"rendered":"<p>Billing Details First Name&nbsp;* \u021aar\u0103\/regiune&nbsp;*Selecteaz\u0103 o \u021bar\u0103\/regiune&#8230;MoldovaRom\u00e2niaActualizeaz\u0103 \u021bara\/regiunea Adres\u0103&nbsp;* Municipiu\/localitate&nbsp;* Municipalitate\/jude\u021b&nbsp;*Selecteaz\u0103 o op\u021biune&#8230;Chi\u0219in\u0103uB\u0103l\u021biAnenii NoiBasarabeascaBriceniCahulCantemirC\u0103l\u0103ra\u0219iC\u0103u\u0219eniCimi\u0219liaCriuleniDondu\u0219eniDrochiaDub\u0103sariEdine\u021bF\u0103le\u0219tiFlore\u0219tiUTA G\u0103g\u0103uziaGlodeniH\u00eence\u0219tiIaloveniLeovaNisporeniOcni\u021baOrheiRezinaR\u00ee\u0219caniS\u00eengereiSorocaStr\u0103\u0219eni\u0218old\u0103ne\u0219ti\u0218tefan Vod\u0103TaracliaTelene\u0219tiUngheni Cod po\u0219tal&nbsp;* Phone&nbsp;* Email Address&nbsp;* Ship to a different address? First Name&nbsp;* Last Name&nbsp;* Company Name&nbsp;(op\u021bional) \u021aar\u0103\/regiune&nbsp;*Selecteaz\u0103 o \u021bar\u0103\/regiune&#8230;MoldovaRom\u00e2niaActualizeaz\u0103 \u021bara\/regiunea Adres\u0103&nbsp;* Apartament, complex, unitate etc&nbsp;(op\u021bional) Municipiu\/localitate&nbsp;* Municipalitate\/jude\u021b&nbsp;*Selecteaz\u0103 o op\u021biune&#8230;Chi\u0219in\u0103uB\u0103l\u021biAnenii NoiBasarabeascaBriceniCahulCantemirC\u0103l\u0103ra\u0219iC\u0103u\u0219eniCimi\u0219liaCriuleniDondu\u0219eniDrochiaDub\u0103sariEdine\u021bF\u0103le\u0219tiFlore\u0219tiUTA G\u0103g\u0103uziaGlodeniH\u00eence\u0219tiIaloveniLeovaNisporeniOcni\u021baOrheiRezinaR\u00ee\u0219caniS\u00eengereiSorocaStr\u0103\u0219eni\u0218old\u0103ne\u0219ti\u0218tefan Vod\u0103TaracliaTelene\u0219tiUngheni Cod po\u0219tal&nbsp;* Order Notes&nbsp;(op\u021bional) Your Order Produs&#8230;<\/p>","protected":false},"author":3,"featured_media":0,"parent":0,"menu_order":0,"comment_status":"closed","ping_status":"closed","template":"","meta":{"om_disable_all_campaigns":false,"footnotes":""},"class_list":["post-989986","page","type-page","status-publish","hentry"],"yoast_head":"<!-- This site is optimized with the Yoast SEO plugin v27.4 - https:\/\/yoast.com\/product\/yoast-seo-wordpress\/ -->\n<title>Elementor #989986 - Olilioli<\/title>\n<meta name=\"robots\" content=\"index, follow, max-snippet:-1, max-image-preview:large, max-video-preview:-1\" \/>\n<link rel=\"canonical\" href=\"https:\/\/olilioli.md\/ru\/elementor-989986\/\" \/>\n<meta property=\"og:locale\" content=\"ru_RU\" \/>\n<meta property=\"og:type\" content=\"article\" \/>\n<meta property=\"og:title\" content=\"Elementor #989986 - Olilioli\" \/>\n<meta property=\"og:description\" content=\"Billing Details First Name&nbsp;* \u021aar\u0103\/regiune&nbsp;*Selecteaz\u0103 o \u021bar\u0103\/regiune&#8230;MoldovaRom\u00e2niaActualizeaz\u0103 \u021bara\/regiunea Adres\u0103&nbsp;* Municipiu\/localitate&nbsp;* Municipalitate\/jude\u021b&nbsp;*Selecteaz\u0103 o op\u021biune&#8230;Chi\u0219in\u0103uB\u0103l\u021biAnenii NoiBasarabeascaBriceniCahulCantemirC\u0103l\u0103ra\u0219iC\u0103u\u0219eniCimi\u0219liaCriuleniDondu\u0219eniDrochiaDub\u0103sariEdine\u021bF\u0103le\u0219tiFlore\u0219tiUTA G\u0103g\u0103uziaGlodeniH\u00eence\u0219tiIaloveniLeovaNisporeniOcni\u021baOrheiRezinaR\u00ee\u0219caniS\u00eengereiSorocaStr\u0103\u0219eni\u0218old\u0103ne\u0219ti\u0218tefan Vod\u0103TaracliaTelene\u0219tiUngheni Cod po\u0219tal&nbsp;* Phone&nbsp;* Email Address&nbsp;* Ship to a different address? First Name&nbsp;* Last Name&nbsp;* Company Name&nbsp;(op\u021bional) \u021aar\u0103\/regiune&nbsp;*Selecteaz\u0103 o \u021bar\u0103\/regiune&#8230;MoldovaRom\u00e2niaActualizeaz\u0103 \u021bara\/regiunea Adres\u0103&nbsp;* Apartament, complex, unitate etc&nbsp;(op\u021bional) Municipiu\/localitate&nbsp;* Municipalitate\/jude\u021b&nbsp;*Selecteaz\u0103 o op\u021biune&#8230;Chi\u0219in\u0103uB\u0103l\u021biAnenii NoiBasarabeascaBriceniCahulCantemirC\u0103l\u0103ra\u0219iC\u0103u\u0219eniCimi\u0219liaCriuleniDondu\u0219eniDrochiaDub\u0103sariEdine\u021bF\u0103le\u0219tiFlore\u0219tiUTA G\u0103g\u0103uziaGlodeniH\u00eence\u0219tiIaloveniLeovaNisporeniOcni\u021baOrheiRezinaR\u00ee\u0219caniS\u00eengereiSorocaStr\u0103\u0219eni\u0218old\u0103ne\u0219ti\u0218tefan Vod\u0103TaracliaTelene\u0219tiUngheni Cod po\u0219tal&nbsp;* Order Notes&nbsp;(op\u021bional) Your Order Produs...\" \/>\n<meta property=\"og:url\" content=\"https:\/\/olilioli.md\/ru\/elementor-989986\/\" \/>\n<meta property=\"og:site_name\" content=\"Olilioli\" \/>\n<meta property=\"article:modified_time\" content=\"2023-10-26T10:37:25+00:00\" \/>\n<meta property=\"og:image\" content=\"https:\/\/olilioli.md\/wp-content\/plugins\/wc-moldovaagroindbank\/assets\/img\/paymentsystems.png\" \/>\n<meta name=\"twitter:card\" content=\"summary_large_image\" \/>\n<meta name=\"twitter:label1\" content=\"\u041f\u0440\u0438\u043c\u0435\u0440\u043d\u043e\u0435 \u0432\u0440\u0435\u043c\u044f \u0434\u043b\u044f \u0447\u0442\u0435\u043d\u0438\u044f\" \/>\n\t<meta name=\"twitter:data1\" content=\"5 \u043c\u0438\u043d\u0443\u0442\" \/>\n<script type=\"application\/ld+json\" class=\"yoast-schema-graph\">{\"@context\":\"https:\\\/\\\/schema.org\",\"@graph\":[{\"@type\":\"WebPage\",\"@id\":\"https:\\\/\\\/olilioli.md\\\/elementor-989986\\\/\",\"url\":\"https:\\\/\\\/olilioli.md\\\/elementor-989986\\\/\",\"name\":\"Elementor #989986 - Olilioli\",\"isPartOf\":{\"@id\":\"https:\\\/\\\/olilioli.md\\\/ru\\\/#website\"},\"primaryImageOfPage\":{\"@id\":\"https:\\\/\\\/olilioli.md\\\/elementor-989986\\\/#primaryimage\"},\"image\":{\"@id\":\"https:\\\/\\\/olilioli.md\\\/elementor-989986\\\/#primaryimage\"},\"thumbnailUrl\":\"https:\\\/\\\/olilioli.md\\\/wp-content\\\/plugins\\\/wc-moldovaagroindbank\\\/assets\\\/img\\\/paymentsystems.png\",\"datePublished\":\"2023-10-26T10:36:52+00:00\",\"dateModified\":\"2023-10-26T10:37:25+00:00\",\"breadcrumb\":{\"@id\":\"https:\\\/\\\/olilioli.md\\\/elementor-989986\\\/#breadcrumb\"},\"inLanguage\":\"ru-RU\",\"potentialAction\":[{\"@type\":\"ReadAction\",\"target\":[\"https:\\\/\\\/olilioli.md\\\/elementor-989986\\\/\"]}]},{\"@type\":\"ImageObject\",\"inLanguage\":\"ru-RU\",\"@id\":\"https:\\\/\\\/olilioli.md\\\/elementor-989986\\\/#primaryimage\",\"url\":\"https:\\\/\\\/olilioli.md\\\/wp-content\\\/plugins\\\/wc-moldovaagroindbank\\\/assets\\\/img\\\/paymentsystems.png\",\"contentUrl\":\"https:\\\/\\\/olilioli.md\\\/wp-content\\\/plugins\\\/wc-moldovaagroindbank\\\/assets\\\/img\\\/paymentsystems.png\"},{\"@type\":\"BreadcrumbList\",\"@id\":\"https:\\\/\\\/olilioli.md\\\/elementor-989986\\\/#breadcrumb\",\"itemListElement\":[{\"@type\":\"ListItem\",\"position\":1,\"name\":\"Prima pagin\u0103\",\"item\":\"https:\\\/\\\/olilioli.md\\\/ru\\\/\"},{\"@type\":\"ListItem\",\"position\":2,\"name\":\"Elementor #989986\"}]},{\"@type\":\"WebSite\",\"@id\":\"https:\\\/\\\/olilioli.md\\\/ru\\\/#website\",\"url\":\"https:\\\/\\\/olilioli.md\\\/ru\\\/\",\"name\":\"Olilioli\",\"description\":\"produse ecologice pentru copii\",\"publisher\":{\"@id\":\"https:\\\/\\\/olilioli.md\\\/ru\\\/#organization\"},\"potentialAction\":[{\"@type\":\"SearchAction\",\"target\":{\"@type\":\"EntryPoint\",\"urlTemplate\":\"https:\\\/\\\/olilioli.md\\\/ru\\\/?s={search_term_string}\"},\"query-input\":{\"@type\":\"PropertyValueSpecification\",\"valueRequired\":true,\"valueName\":\"search_term_string\"}}],\"inLanguage\":\"ru-RU\"},{\"@type\":\"Organization\",\"@id\":\"https:\\\/\\\/olilioli.md\\\/ru\\\/#organization\",\"name\":\"Olilioli\",\"url\":\"https:\\\/\\\/olilioli.md\\\/ru\\\/\",\"logo\":{\"@type\":\"ImageObject\",\"inLanguage\":\"ru-RU\",\"@id\":\"https:\\\/\\\/olilioli.md\\\/ru\\\/#\\\/schema\\\/logo\\\/image\\\/\",\"url\":\"https:\\\/\\\/olilioli.md\\\/wp-content\\\/uploads\\\/2023\\\/02\\\/olilioli_logo-min.png\",\"contentUrl\":\"https:\\\/\\\/olilioli.md\\\/wp-content\\\/uploads\\\/2023\\\/02\\\/olilioli_logo-min.png\",\"width\":138,\"height\":36,\"caption\":\"Olilioli\"},\"image\":{\"@id\":\"https:\\\/\\\/olilioli.md\\\/ru\\\/#\\\/schema\\\/logo\\\/image\\\/\"}}]}<\/script>\n<!-- \/ Yoast SEO plugin. -->","yoast_head_json":{"title":"Elementor #989986 - Olilioli","robots":{"index":"index","follow":"follow","max-snippet":"max-snippet:-1","max-image-preview":"max-image-preview:large","max-video-preview":"max-video-preview:-1"},"canonical":"https:\/\/olilioli.md\/ru\/elementor-989986\/","og_locale":"ru_RU","og_type":"article","og_title":"Elementor #989986 - Olilioli","og_description":"Billing Details First Name&nbsp;* \u021aar\u0103\/regiune&nbsp;*Selecteaz\u0103 o \u021bar\u0103\/regiune&#8230;MoldovaRom\u00e2niaActualizeaz\u0103 \u021bara\/regiunea Adres\u0103&nbsp;* Municipiu\/localitate&nbsp;* Municipalitate\/jude\u021b&nbsp;*Selecteaz\u0103 o op\u021biune&#8230;Chi\u0219in\u0103uB\u0103l\u021biAnenii NoiBasarabeascaBriceniCahulCantemirC\u0103l\u0103ra\u0219iC\u0103u\u0219eniCimi\u0219liaCriuleniDondu\u0219eniDrochiaDub\u0103sariEdine\u021bF\u0103le\u0219tiFlore\u0219tiUTA G\u0103g\u0103uziaGlodeniH\u00eence\u0219tiIaloveniLeovaNisporeniOcni\u021baOrheiRezinaR\u00ee\u0219caniS\u00eengereiSorocaStr\u0103\u0219eni\u0218old\u0103ne\u0219ti\u0218tefan Vod\u0103TaracliaTelene\u0219tiUngheni Cod po\u0219tal&nbsp;* Phone&nbsp;* Email Address&nbsp;* Ship to a different address? First Name&nbsp;* Last Name&nbsp;* Company Name&nbsp;(op\u021bional) \u021aar\u0103\/regiune&nbsp;*Selecteaz\u0103 o \u021bar\u0103\/regiune&#8230;MoldovaRom\u00e2niaActualizeaz\u0103 \u021bara\/regiunea Adres\u0103&nbsp;* Apartament, complex, unitate etc&nbsp;(op\u021bional) Municipiu\/localitate&nbsp;* Municipalitate\/jude\u021b&nbsp;*Selecteaz\u0103 o op\u021biune&#8230;Chi\u0219in\u0103uB\u0103l\u021biAnenii NoiBasarabeascaBriceniCahulCantemirC\u0103l\u0103ra\u0219iC\u0103u\u0219eniCimi\u0219liaCriuleniDondu\u0219eniDrochiaDub\u0103sariEdine\u021bF\u0103le\u0219tiFlore\u0219tiUTA G\u0103g\u0103uziaGlodeniH\u00eence\u0219tiIaloveniLeovaNisporeniOcni\u021baOrheiRezinaR\u00ee\u0219caniS\u00eengereiSorocaStr\u0103\u0219eni\u0218old\u0103ne\u0219ti\u0218tefan Vod\u0103TaracliaTelene\u0219tiUngheni Cod po\u0219tal&nbsp;* Order Notes&nbsp;(op\u021bional) Your Order Produs...","og_url":"https:\/\/olilioli.md\/ru\/elementor-989986\/","og_site_name":"Olilioli","article_modified_time":"2023-10-26T10:37:25+00:00","og_image":[{"url":"https:\/\/olilioli.md\/wp-content\/plugins\/wc-moldovaagroindbank\/assets\/img\/paymentsystems.png","type":"","width":"","height":""}],"twitter_card":"summary_large_image","twitter_misc":{"\u041f\u0440\u0438\u043c\u0435\u0440\u043d\u043e\u0435 \u0432\u0440\u0435\u043c\u044f \u0434\u043b\u044f \u0447\u0442\u0435\u043d\u0438\u044f":"5 \u043c\u0438\u043d\u0443\u0442"},"schema":{"@context":"https:\/\/schema.org","@graph":[{"@type":"WebPage","@id":"https:\/\/olilioli.md\/elementor-989986\/","url":"https:\/\/olilioli.md\/elementor-989986\/","name":"Elementor #989986 - Olilioli","isPartOf":{"@id":"https:\/\/olilioli.md\/ru\/#website"},"primaryImageOfPage":{"@id":"https:\/\/olilioli.md\/elementor-989986\/#primaryimage"},"image":{"@id":"https:\/\/olilioli.md\/elementor-989986\/#primaryimage"},"thumbnailUrl":"https:\/\/olilioli.md\/wp-content\/plugins\/wc-moldovaagroindbank\/assets\/img\/paymentsystems.png","datePublished":"2023-10-26T10:36:52+00:00","dateModified":"2023-10-26T10:37:25+00:00","breadcrumb":{"@id":"https:\/\/olilioli.md\/elementor-989986\/#breadcrumb"},"inLanguage":"ru-RU","potentialAction":[{"@type":"ReadAction","target":["https:\/\/olilioli.md\/elementor-989986\/"]}]},{"@type":"ImageObject","inLanguage":"ru-RU","@id":"https:\/\/olilioli.md\/elementor-989986\/#primaryimage","url":"https:\/\/olilioli.md\/wp-content\/plugins\/wc-moldovaagroindbank\/assets\/img\/paymentsystems.png","contentUrl":"https:\/\/olilioli.md\/wp-content\/plugins\/wc-moldovaagroindbank\/assets\/img\/paymentsystems.png"},{"@type":"BreadcrumbList","@id":"https:\/\/olilioli.md\/elementor-989986\/#breadcrumb","itemListElement":[{"@type":"ListItem","position":1,"name":"Prima pagin\u0103","item":"https:\/\/olilioli.md\/ru\/"},{"@type":"ListItem","position":2,"name":"Elementor #989986"}]},{"@type":"WebSite","@id":"https:\/\/olilioli.md\/ru\/#website","url":"https:\/\/olilioli.md\/ru\/","name":"Olilioli","description":"produse ecologice pentru copii","publisher":{"@id":"https:\/\/olilioli.md\/ru\/#organization"},"potentialAction":[{"@type":"SearchAction","target":{"@type":"EntryPoint","urlTemplate":"https:\/\/olilioli.md\/ru\/?s={search_term_string}"},"query-input":{"@type":"PropertyValueSpecification","valueRequired":true,"valueName":"search_term_string"}}],"inLanguage":"ru-RU"},{"@type":"Organization","@id":"https:\/\/olilioli.md\/ru\/#organization","name":"Olilioli","url":"https:\/\/olilioli.md\/ru\/","logo":{"@type":"ImageObject","inLanguage":"ru-RU","@id":"https:\/\/olilioli.md\/ru\/#\/schema\/logo\/image\/","url":"https:\/\/olilioli.md\/wp-content\/uploads\/2023\/02\/olilioli_logo-min.png","contentUrl":"https:\/\/olilioli.md\/wp-content\/uploads\/2023\/02\/olilioli_logo-min.png","width":138,"height":36,"caption":"Olilioli"},"image":{"@id":"https:\/\/olilioli.md\/ru\/#\/schema\/logo\/image\/"}}]}},"_links":{"self":[{"href":"http:\/\/olilioli.md\/ru\/wp-json\/wp\/v2\/pages\/989986","targetHints":{"allow":["GET"]}}],"collection":[{"href":"http:\/\/olilioli.md\/ru\/wp-json\/wp\/v2\/pages"}],"about":[{"href":"http:\/\/olilioli.md\/ru\/wp-json\/wp\/v2\/types\/page"}],"author":[{"embeddable":true,"href":"http:\/\/olilioli.md\/ru\/wp-json\/wp\/v2\/users\/3"}],"replies":[{"embeddable":true,"href":"http:\/\/olilioli.md\/ru\/wp-json\/wp\/v2\/comments?post=989986"}],"version-history":[{"count":0,"href":"http:\/\/olilioli.md\/ru\/wp-json\/wp\/v2\/pages\/989986\/revisions"}],"wp:attachment":[{"href":"http:\/\/olilioli.md\/ru\/wp-json\/wp\/v2\/media?parent=989986"}],"curies":[{"name":"wp","href":"https:\/\/api.w.org\/{rel}","templated":true}]}}