{"id":990592,"date":"2024-04-11T09:56:42","date_gmt":"2024-04-11T09:56:42","guid":{"rendered":"https:\/\/olilioli.md\/?post_type=product&#038;p=990592"},"modified":"2024-11-16T14:32:43","modified_gmt":"2024-11-16T14:32:43","slug":"rochie-body-dantela-copiaza","status":"publish","type":"product","link":"http:\/\/olilioli.md\/ru\/magazin\/imbracaminte\/fetite\/rochie-body-dantela-copiaza\/","title":{"rendered":"Rochita Ella"},"content":{"rendered":"\t\t<div data-elementor-type=\"product-post\" data-elementor-id=\"990592\" class=\"elementor elementor-990592\" data-elementor-post-type=\"product\">\n\t\t\t\t\t\t\t\t\t<section class=\"elementor-section elementor-top-section elementor-element elementor-element-02c9799 elementor-reverse-mobile elementor-section-boxed elementor-section-height-default elementor-section-height-default\" data-id=\"02c9799\" data-element_type=\"section\">\n\t\t\t\t\t\t<div class=\"elementor-container elementor-column-gap-no\">\n\t\t\t\t\t<div class=\"elementor-column elementor-col-33 elementor-top-column elementor-element elementor-element-4ff7689\" data-id=\"4ff7689\" data-element_type=\"column\">\n\t\t\t<div class=\"elementor-widget-wrap elementor-element-populated\">\n\t\t\t\t\t\t\t\t<div class=\"vamtam-has-theme-widget-styles elementor-element elementor-element-8b44a58 elementor-widget elementor-widget-image\" data-id=\"8b44a58\" data-element_type=\"widget\" data-widget_type=\"image.default\">\n\t\t\t\t<div class=\"elementor-widget-container\">\n\t\t\t<style>\/*! elementor - v3.17.0 - 25-10-2023 *\/\n.elementor-widget-image{text-align:center}.elementor-widget-image a{display:inline-block}.elementor-widget-image a img[src$=\".svg\"]{width:48px}.elementor-widget-image img{vertical-align:middle;display:inline-block}<\/style>\t\t\t\t<div class=\"elementor-image\">\n\t\t\t\t\t\t\t\t\t\t\t\t\t\t\t\t\t\t\t\t\t<img decoding=\"async\" width=\"52\" height=\"48\" src=\"https:\/\/olilioli.md\/wp-content\/uploads\/2022\/03\/flower-1.svg\" class=\"attachment-full size-full wp-image-67\" alt=\"\" \/>\t\t\t\t\t\t\t\t\t\t\t\t\t\t\t\t\t\t\t\t\t\t\t\t<\/div>\n\t\t\t\t\t\t<\/div>\n\t\t\t\t<\/div>\n\t\t\t\t\t<\/div>\n\t\t<\/div>\n\t\t\t\t<div class=\"elementor-column elementor-col-33 elementor-top-column elementor-element elementor-element-984000b\" data-id=\"984000b\" data-element_type=\"column\" data-settings=\"{&quot;background_background&quot;:&quot;classic&quot;}\">\n\t\t\t<div class=\"elementor-widget-wrap elementor-element-populated\">\n\t\t\t\t\t\t\t\t<div class=\"elementor-element elementor-element-f9d7f5e elementor-widget__width-auto elementor-widget elementor-widget-heading\" data-id=\"f9d7f5e\" data-element_type=\"widget\" data-widget_type=\"heading.default\">\n\t\t\t\t<div class=\"elementor-widget-container\">\n\t\t\t<style>\/*! elementor - v3.17.0 - 25-10-2023 *\/\n.elementor-heading-title{padding:0;margin:0;line-height:1}.elementor-widget-heading .elementor-heading-title[class*=elementor-size-]>a{color:inherit;font-size:inherit;line-height:inherit}.elementor-widget-heading .elementor-heading-title.elementor-size-small{font-size:15px}.elementor-widget-heading .elementor-heading-title.elementor-size-medium{font-size:19px}.elementor-widget-heading .elementor-heading-title.elementor-size-large{font-size:29px}.elementor-widget-heading .elementor-heading-title.elementor-size-xl{font-size:39px}.elementor-widget-heading .elementor-heading-title.elementor-size-xxl{font-size:59px}<\/style><h2 class=\"elementor-heading-title elementor-size-default\">Descriere<\/h2>\t\t<\/div>\n\t\t\t\t<\/div>\n\t\t\t\t<div class=\"elementor-element elementor-element-e542b11 elementor-widget elementor-widget-text-editor\" data-id=\"e542b11\" data-element_type=\"widget\" data-widget_type=\"text-editor.default\">\n\t\t\t\t<div class=\"elementor-widget-container\">\n\t\t\t<style>\/*! elementor - v3.17.0 - 25-10-2023 *\/\n.elementor-widget-text-editor.elementor-drop-cap-view-stacked .elementor-drop-cap{background-color:#69727d;color:#fff}.elementor-widget-text-editor.elementor-drop-cap-view-framed .elementor-drop-cap{color:#69727d;border:3px solid;background-color:transparent}.elementor-widget-text-editor:not(.elementor-drop-cap-view-default) .elementor-drop-cap{margin-top:8px}.elementor-widget-text-editor:not(.elementor-drop-cap-view-default) .elementor-drop-cap-letter{width:1em;height:1em}.elementor-widget-text-editor .elementor-drop-cap{float:left;text-align:center;line-height:1;font-size:50px}.elementor-widget-text-editor .elementor-drop-cap-letter{display:inline-block}<\/style>\t\t\t\t<p>\u00a0<\/p><p>Toate materialele folosite \u00een produsele noastre sunt realizate din \u021bes\u0103turi 100% bumbac, iar toate accesoriile sunt atent selectate, lu\u00e2nd \u00een considerare \u00een prim plan s\u0103n\u0103tatea bebelu\u0219ilor.\u00a0<\/p><p>Folosim \u021bes\u0103turi naturale din bumbac conform standardelor Oeko-Tex\u00ae.<\/p>\t\t\t\t\t\t<\/div>\n\t\t\t\t<\/div>\n\t\t\t\t<div class=\"elementor-element elementor-element-c464102 elementor-widget elementor-widget-spacer\" data-id=\"c464102\" data-element_type=\"widget\" data-widget_type=\"spacer.default\">\n\t\t\t\t<div class=\"elementor-widget-container\">\n\t\t\t<style>\/*! elementor - v3.17.0 - 25-10-2023 *\/\n.elementor-column .elementor-spacer-inner{height:var(--spacer-size)}.e-con{--container-widget-width:100%}.e-con-inner>.elementor-widget-spacer,.e-con>.elementor-widget-spacer{width:var(--container-widget-width,var(--spacer-size));--align-self:var(--container-widget-align-self,initial);--flex-shrink:0}.e-con-inner>.elementor-widget-spacer>.elementor-widget-container,.e-con>.elementor-widget-spacer>.elementor-widget-container{height:100%;width:100%}.e-con-inner>.elementor-widget-spacer>.elementor-widget-container>.elementor-spacer,.e-con>.elementor-widget-spacer>.elementor-widget-container>.elementor-spacer{height:100%}.e-con-inner>.elementor-widget-spacer>.elementor-widget-container>.elementor-spacer>.elementor-spacer-inner,.e-con>.elementor-widget-spacer>.elementor-widget-container>.elementor-spacer>.elementor-spacer-inner{height:var(--container-widget-height,var(--spacer-size))}.e-con-inner>.elementor-widget-spacer.elementor-widget-empty,.e-con>.elementor-widget-spacer.elementor-widget-empty{position:relative;min-height:22px;min-width:22px}.e-con-inner>.elementor-widget-spacer.elementor-widget-empty .elementor-widget-empty-icon,.e-con>.elementor-widget-spacer.elementor-widget-empty .elementor-widget-empty-icon{position:absolute;top:0;bottom:0;left:0;right:0;margin:auto;padding:0;width:22px;height:22px}<\/style>\t\t<div class=\"elementor-spacer\">\n\t\t\t<div class=\"elementor-spacer-inner\"><\/div>\n\t\t<\/div>\n\t\t\t\t<\/div>\n\t\t\t\t<\/div>\n\t\t\t\t\t<\/div>\n\t\t<\/div>\n\t\t\t\t<div class=\"elementor-column elementor-col-33 elementor-top-column elementor-element elementor-element-4f89a4c\" data-id=\"4f89a4c\" data-element_type=\"column\">\n\t\t\t<div class=\"elementor-widget-wrap elementor-element-populated\">\n\t\t\t\t\t\t\t\t<div class=\"elementor-element elementor-element-c02ec88 elementor-view-default elementor-widget elementor-widget-icon\" data-id=\"c02ec88\" data-element_type=\"widget\" data-widget_type=\"icon.default\">\n\t\t\t\t<div class=\"elementor-widget-container\">\n\t\t\t\t\t<div class=\"elementor-icon-wrapper\">\n\t\t\t<div class=\"elementor-icon\">\n\t\t\t<i aria-hidden=\"true\" class=\"vamtamtheme- vamtam-theme-cloud\"><\/i>\t\t\t<\/div>\n\t\t<\/div>\n\t\t\t\t<\/div>\n\t\t\t\t<\/div>\n\t\t\t\t\t<\/div>\n\t\t<\/div>\n\t\t\t\t\t\t\t<\/div>\n\t\t<\/section>\n\t\t\t\t<section class=\"elementor-section elementor-top-section elementor-element elementor-element-25a906ac elementor-reverse-mobile elementor-section-boxed elementor-section-height-default elementor-section-height-default\" data-id=\"25a906ac\" data-element_type=\"section\">\n\t\t\t\t\t\t<div class=\"elementor-container elementor-column-gap-no\">\n\t\t\t\t\t<div class=\"elementor-column elementor-col-100 elementor-top-column elementor-element elementor-element-57c7b4d0\" data-id=\"57c7b4d0\" data-element_type=\"column\" data-settings=\"{&quot;background_background&quot;:&quot;classic&quot;}\">\n\t\t\t<div class=\"elementor-widget-wrap elementor-element-populated\">\n\t\t\t\t\t\t\t\t<div class=\"elementor-element elementor-element-27a0f74b elementor-widget__width-auto elementor-widget elementor-widget-heading\" data-id=\"27a0f74b\" data-element_type=\"widget\" data-widget_type=\"heading.default\">\n\t\t\t\t<div class=\"elementor-widget-container\">\n\t\t\t<h2 class=\"elementor-heading-title elementor-size-default\">Galerie foto<\/h2>\t\t<\/div>\n\t\t\t\t<\/div>\n\t\t\t\t<div class=\"elementor-element elementor-element-2cfff1a elementor-arrows-position-outside elementor-widget elementor-widget-image-carousel\" data-id=\"2cfff1a\" data-element_type=\"widget\" data-settings=\"{&quot;slides_to_show&quot;:&quot;3&quot;,&quot;navigation&quot;:&quot;arrows&quot;,&quot;lazyload&quot;:&quot;yes&quot;,&quot;image_spacing_custom&quot;:{&quot;unit&quot;:&quot;px&quot;,&quot;size&quot;:10,&quot;sizes&quot;:[]},&quot;slides_to_show_tablet&quot;:&quot;3&quot;,&quot;slides_to_show_mobile&quot;:&quot;1&quot;,&quot;autoplay&quot;:&quot;yes&quot;,&quot;pause_on_hover&quot;:&quot;yes&quot;,&quot;pause_on_interaction&quot;:&quot;yes&quot;,&quot;autoplay_speed&quot;:5000,&quot;infinite&quot;:&quot;yes&quot;,&quot;speed&quot;:500,&quot;image_spacing_custom_tablet&quot;:{&quot;unit&quot;:&quot;px&quot;,&quot;size&quot;:&quot;&quot;,&quot;sizes&quot;:[]}}\" data-widget_type=\"image-carousel.default\">\n\t\t\t\t<div class=\"elementor-widget-container\">\n\t\t\t<style>\/*! elementor - v3.17.0 - 25-10-2023 *\/\n.elementor-widget-image-carousel .swiper,.elementor-widget-image-carousel .swiper-container{position:static}.elementor-widget-image-carousel .swiper-container .swiper-slide figure,.elementor-widget-image-carousel .swiper .swiper-slide figure{line-height:inherit}.elementor-widget-image-carousel .swiper-slide{text-align:center}.elementor-image-carousel-wrapper:not(.swiper-container-initialized):not(.swiper-initialized) .swiper-slide{max-width:calc(100% \/ var(--e-image-carousel-slides-to-show, 3))}<\/style>\t\t<div class=\"elementor-image-carousel-wrapper swiper-container\" dir=\"ltr\">\n\t\t\t<div class=\"elementor-image-carousel swiper-wrapper swiper-image-stretch\" aria-live=\"off\">\n\t\t\t\t\t\t\t\t<div class=\"swiper-slide\" role=\"group\" aria-roledescription=\"slide\" aria-label=\"1 \u0438\u0437 5\"><a data-elementor-open-lightbox=\"yes\" data-elementor-lightbox-slideshow=\"2cfff1a\" data-e-action-hash=\"#elementor-action%3Aaction%3Dlightbox%26settings%3DeyJpZCI6MTU5NTIsInVybCI6ZmFsc2UsInNsaWRlc2hvdyI6IjJjZmZmMWEifQ%3D%3D\"><figure class=\"swiper-slide-inner\"><img class=\"swiper-slide-image swiper-lazy\" data-src=\"https:\/\/olilioli.md\/wp-content\/uploads\/2022\/06\/7947504812_6_1_1.jpg\" alt=\"\" \/><div class=\"swiper-lazy-preloader\"><\/div><\/figure><\/a><\/div><div class=\"swiper-slide\" role=\"group\" aria-roledescription=\"slide\" aria-label=\"2 \u0438\u0437 5\"><a data-elementor-open-lightbox=\"yes\" data-elementor-lightbox-slideshow=\"2cfff1a\" data-e-action-hash=\"#elementor-action%3Aaction%3Dlightbox%26settings%3DeyJpZCI6MTU5NDksInVybCI6ZmFsc2UsInNsaWRlc2hvdyI6IjJjZmZmMWEifQ%3D%3D\"><figure class=\"swiper-slide-inner\"><img class=\"swiper-slide-image swiper-lazy\" data-src=\"https:\/\/olilioli.md\/wp-content\/uploads\/2022\/06\/2582516812_6_1_1.jpg\" alt=\"\" \/><div class=\"swiper-lazy-preloader\"><\/div><\/figure><\/a><\/div><div class=\"swiper-slide\" role=\"group\" aria-roledescription=\"slide\" aria-label=\"3 \u0438\u0437 5\"><a data-elementor-open-lightbox=\"yes\" data-elementor-lightbox-slideshow=\"2cfff1a\" data-e-action-hash=\"#elementor-action%3Aaction%3Dlightbox%26settings%3DeyJpZCI6MTU5NDgsInVybCI6ZmFsc2UsInNsaWRlc2hvdyI6IjJjZmZmMWEifQ%3D%3D\"><figure class=\"swiper-slide-inner\"><img class=\"swiper-slide-image swiper-lazy\" data-src=\"https:\/\/olilioli.md\/wp-content\/uploads\/2022\/03\/2582539703_6_1_1.jpg\" alt=\"\" \/><div class=\"swiper-lazy-preloader\"><\/div><\/figure><\/a><\/div><div class=\"swiper-slide\" role=\"group\" aria-roledescription=\"slide\" aria-label=\"4 \u0438\u0437 5\"><a data-elementor-open-lightbox=\"yes\" data-elementor-lightbox-slideshow=\"2cfff1a\" data-e-action-hash=\"#elementor-action%3Aaction%3Dlightbox%26settings%3DeyJpZCI6MTU5MTEsInVybCI6ZmFsc2UsInNsaWRlc2hvdyI6IjJjZmZmMWEifQ%3D%3D\"><figure class=\"swiper-slide-inner\"><img class=\"swiper-slide-image swiper-lazy\" data-src=\"https:\/\/olilioli.md\/wp-content\/uploads\/2022\/06\/5643519108_6_2_1-scaled.jpeg\" alt=\"\" \/><div class=\"swiper-lazy-preloader\"><\/div><\/figure><\/a><\/div><div class=\"swiper-slide\" role=\"group\" aria-roledescription=\"slide\" aria-label=\"5 \u0438\u0437 5\"><a data-elementor-open-lightbox=\"yes\" data-elementor-lightbox-slideshow=\"2cfff1a\" data-e-action-hash=\"#elementor-action%3Aaction%3Dlightbox%26settings%3DeyJpZCI6MTU5NTAsInVybCI6ZmFsc2UsInNsaWRlc2hvdyI6IjJjZmZmMWEifQ%3D%3D\"><figure class=\"swiper-slide-inner\"><img class=\"swiper-slide-image swiper-lazy\" data-src=\"https:\/\/olilioli.md\/wp-content\/uploads\/2022\/06\/7947502400_6_1_1.jpg\" alt=\"\" \/><div class=\"swiper-lazy-preloader\"><\/div><\/figure><\/a><\/div>\t\t\t<\/div>\n\t\t\t\t\t\t\t\t\t\t\t\t<div class=\"elementor-swiper-button elementor-swiper-button-prev\" role=\"button\" tabindex=\"0\">\n\t\t\t\t\t\t<i aria-hidden=\"true\" class=\"eicon-chevron-left\"><\/i>\t\t\t\t\t<\/div>\n\t\t\t\t\t<div class=\"elementor-swiper-button elementor-swiper-button-next\" role=\"button\" tabindex=\"0\">\n\t\t\t\t\t\t<i aria-hidden=\"true\" class=\"eicon-chevron-right\"><\/i>\t\t\t\t\t<\/div>\n\t\t\t\t\n\t\t\t\t\t\t\t\t\t<\/div>\n\t\t\t\t<\/div>\n\t\t\t\t<\/div>\n\t\t\t\t\t<\/div>\n\t\t<\/div>\n\t\t\t\t\t\t\t<\/div>\n\t\t<\/section>\n\t\t\t\t\t\t\t<\/div>\n\t\t","protected":false},"excerpt":{"rendered":"<p>Descriere Toate materialele folosite \u00een produsele noastre sunt realizate din \u021bes\u0103turi 100% bumbac, iar toate accesoriile sunt atent selectate, lu\u00e2nd \u00een considerare \u00een prim plan s\u0103n\u0103tatea bebelu\u0219ilor. Folosim \u021bes\u0103turi naturale din bumbac conform standardelor Oeko-Tex\u00ae. Galerie foto &nbsp; &nbsp; &nbsp; &nbsp; &nbsp; &nbsp;<\/p>","protected":false},"featured_media":990598,"template":"","meta":{"om_disable_all_campaigns":false},"product_cat":[353,311],"product_tag":[],"class_list":["post-990592","product","type-product","status-publish","has-post-thumbnail","hentry","product_cat-fetite","product_cat-imbracaminte"],"yoast_head":"<!-- This site is optimized with the Yoast SEO plugin v27.4 - https:\/\/yoast.com\/product\/yoast-seo-wordpress\/ -->\n<title>Rochita Ella - Olilioli<\/title>\n<meta name=\"robots\" content=\"index, follow, max-snippet:-1, max-image-preview:large, max-video-preview:-1\" \/>\n<link rel=\"canonical\" href=\"https:\/\/olilioli.md\/ru\/magazin\/imbracaminte\/fetite\/rochie-body-dantela-copiaza\/\" \/>\n<meta property=\"og:locale\" content=\"ru_RU\" \/>\n<meta property=\"og:type\" content=\"article\" \/>\n<meta property=\"og:title\" content=\"Rochita Ella - Olilioli\" \/>\n<meta property=\"og:description\" content=\"Descriere Toate materialele folosite \u00een produsele noastre sunt realizate din \u021bes\u0103turi 100% bumbac, iar toate accesoriile sunt atent selectate, lu\u00e2nd \u00een considerare \u00een prim plan s\u0103n\u0103tatea bebelu\u0219ilor. Folosim \u021bes\u0103turi naturale din bumbac conform standardelor Oeko-Tex\u00ae. Galerie foto &nbsp; &nbsp; &nbsp; &nbsp; &nbsp; &nbsp;\" \/>\n<meta property=\"og:url\" content=\"https:\/\/olilioli.md\/ru\/magazin\/imbracaminte\/fetite\/rochie-body-dantela-copiaza\/\" \/>\n<meta property=\"og:site_name\" content=\"Olilioli\" \/>\n<meta property=\"article:modified_time\" content=\"2024-11-16T14:32:43+00:00\" \/>\n<meta property=\"og:image\" content=\"https:\/\/olilioli.md\/wp-content\/uploads\/2024\/04\/vvbvbv.jpg\" \/>\n\t<meta property=\"og:image:width\" content=\"1500\" \/>\n\t<meta property=\"og:image:height\" content=\"1500\" \/>\n\t<meta property=\"og:image:type\" content=\"image\/jpeg\" \/>\n<meta name=\"twitter:card\" content=\"summary_large_image\" \/>\n<script type=\"application\/ld+json\" class=\"yoast-schema-graph\">{\"@context\":\"https:\\\/\\\/schema.org\",\"@graph\":[{\"@type\":\"WebPage\",\"@id\":\"https:\\\/\\\/olilioli.md\\\/magazin\\\/imbracaminte\\\/fetite\\\/rochie-body-dantela-copiaza\\\/\",\"url\":\"https:\\\/\\\/olilioli.md\\\/magazin\\\/imbracaminte\\\/fetite\\\/rochie-body-dantela-copiaza\\\/\",\"name\":\"Rochita Ella - Olilioli\",\"isPartOf\":{\"@id\":\"http:\\\/\\\/olilioli.md\\\/#website\"},\"primaryImageOfPage\":{\"@id\":\"https:\\\/\\\/olilioli.md\\\/magazin\\\/imbracaminte\\\/fetite\\\/rochie-body-dantela-copiaza\\\/#primaryimage\"},\"image\":{\"@id\":\"https:\\\/\\\/olilioli.md\\\/magazin\\\/imbracaminte\\\/fetite\\\/rochie-body-dantela-copiaza\\\/#primaryimage\"},\"thumbnailUrl\":\"https:\\\/\\\/olilioli.md\\\/wp-content\\\/uploads\\\/2024\\\/04\\\/vvbvbv.jpg\",\"datePublished\":\"2024-04-11T09:56:42+00:00\",\"dateModified\":\"2024-11-16T14:32:43+00:00\",\"breadcrumb\":{\"@id\":\"https:\\\/\\\/olilioli.md\\\/magazin\\\/imbracaminte\\\/fetite\\\/rochie-body-dantela-copiaza\\\/#breadcrumb\"},\"inLanguage\":\"ru-RU\",\"potentialAction\":[{\"@type\":\"ReadAction\",\"target\":[\"https:\\\/\\\/olilioli.md\\\/magazin\\\/imbracaminte\\\/fetite\\\/rochie-body-dantela-copiaza\\\/\"]}]},{\"@type\":\"ImageObject\",\"inLanguage\":\"ru-RU\",\"@id\":\"https:\\\/\\\/olilioli.md\\\/magazin\\\/imbracaminte\\\/fetite\\\/rochie-body-dantela-copiaza\\\/#primaryimage\",\"url\":\"https:\\\/\\\/olilioli.md\\\/wp-content\\\/uploads\\\/2024\\\/04\\\/vvbvbv.jpg\",\"contentUrl\":\"https:\\\/\\\/olilioli.md\\\/wp-content\\\/uploads\\\/2024\\\/04\\\/vvbvbv.jpg\",\"width\":1500,\"height\":1500},{\"@type\":\"BreadcrumbList\",\"@id\":\"https:\\\/\\\/olilioli.md\\\/magazin\\\/imbracaminte\\\/fetite\\\/rochie-body-dantela-copiaza\\\/#breadcrumb\",\"itemListElement\":[{\"@type\":\"ListItem\",\"position\":1,\"name\":\"Prima pagin\u0103\",\"item\":\"http:\\\/\\\/olilioli.md\\\/\"},{\"@type\":\"ListItem\",\"position\":2,\"name\":\"Categorii\",\"item\":\"http:\\\/\\\/olilioli.md\\\/categorii\\\/\"},{\"@type\":\"ListItem\",\"position\":3,\"name\":\"Rochita Ella\"}]},{\"@type\":\"WebSite\",\"@id\":\"http:\\\/\\\/olilioli.md\\\/#website\",\"url\":\"http:\\\/\\\/olilioli.md\\\/\",\"name\":\"Olilioli\",\"description\":\"produse ecologice pentru copii\",\"publisher\":{\"@id\":\"http:\\\/\\\/olilioli.md\\\/#organization\"},\"potentialAction\":[{\"@type\":\"SearchAction\",\"target\":{\"@type\":\"EntryPoint\",\"urlTemplate\":\"http:\\\/\\\/olilioli.md\\\/?s={search_term_string}\"},\"query-input\":{\"@type\":\"PropertyValueSpecification\",\"valueRequired\":true,\"valueName\":\"search_term_string\"}}],\"inLanguage\":\"ru-RU\"},{\"@type\":\"Organization\",\"@id\":\"http:\\\/\\\/olilioli.md\\\/#organization\",\"name\":\"Olilioli\",\"url\":\"http:\\\/\\\/olilioli.md\\\/\",\"logo\":{\"@type\":\"ImageObject\",\"inLanguage\":\"ru-RU\",\"@id\":\"http:\\\/\\\/olilioli.md\\\/#\\\/schema\\\/logo\\\/image\\\/\",\"url\":\"https:\\\/\\\/olilioli.md\\\/wp-content\\\/uploads\\\/2023\\\/02\\\/olilioli_logo-min.png\",\"contentUrl\":\"https:\\\/\\\/olilioli.md\\\/wp-content\\\/uploads\\\/2023\\\/02\\\/olilioli_logo-min.png\",\"width\":138,\"height\":36,\"caption\":\"Olilioli\"},\"image\":{\"@id\":\"http:\\\/\\\/olilioli.md\\\/#\\\/schema\\\/logo\\\/image\\\/\"}}]}<\/script>\n<!-- \/ Yoast SEO plugin. -->","yoast_head_json":{"title":"Rochita Ella - Olilioli","robots":{"index":"index","follow":"follow","max-snippet":"max-snippet:-1","max-image-preview":"max-image-preview:large","max-video-preview":"max-video-preview:-1"},"canonical":"https:\/\/olilioli.md\/ru\/magazin\/imbracaminte\/fetite\/rochie-body-dantela-copiaza\/","og_locale":"ru_RU","og_type":"article","og_title":"Rochita Ella - Olilioli","og_description":"Descriere Toate materialele folosite \u00een produsele noastre sunt realizate din \u021bes\u0103turi 100% bumbac, iar toate accesoriile sunt atent selectate, lu\u00e2nd \u00een considerare \u00een prim plan s\u0103n\u0103tatea bebelu\u0219ilor. Folosim \u021bes\u0103turi naturale din bumbac conform standardelor Oeko-Tex\u00ae. Galerie foto &nbsp; &nbsp; &nbsp; &nbsp; &nbsp; &nbsp;","og_url":"https:\/\/olilioli.md\/ru\/magazin\/imbracaminte\/fetite\/rochie-body-dantela-copiaza\/","og_site_name":"Olilioli","article_modified_time":"2024-11-16T14:32:43+00:00","og_image":[{"width":1500,"height":1500,"url":"https:\/\/olilioli.md\/wp-content\/uploads\/2024\/04\/vvbvbv.jpg","type":"image\/jpeg"}],"twitter_card":"summary_large_image","schema":{"@context":"https:\/\/schema.org","@graph":[{"@type":"WebPage","@id":"https:\/\/olilioli.md\/magazin\/imbracaminte\/fetite\/rochie-body-dantela-copiaza\/","url":"https:\/\/olilioli.md\/magazin\/imbracaminte\/fetite\/rochie-body-dantela-copiaza\/","name":"Rochita Ella - Olilioli","isPartOf":{"@id":"http:\/\/olilioli.md\/#website"},"primaryImageOfPage":{"@id":"https:\/\/olilioli.md\/magazin\/imbracaminte\/fetite\/rochie-body-dantela-copiaza\/#primaryimage"},"image":{"@id":"https:\/\/olilioli.md\/magazin\/imbracaminte\/fetite\/rochie-body-dantela-copiaza\/#primaryimage"},"thumbnailUrl":"https:\/\/olilioli.md\/wp-content\/uploads\/2024\/04\/vvbvbv.jpg","datePublished":"2024-04-11T09:56:42+00:00","dateModified":"2024-11-16T14:32:43+00:00","breadcrumb":{"@id":"https:\/\/olilioli.md\/magazin\/imbracaminte\/fetite\/rochie-body-dantela-copiaza\/#breadcrumb"},"inLanguage":"ru-RU","potentialAction":[{"@type":"ReadAction","target":["https:\/\/olilioli.md\/magazin\/imbracaminte\/fetite\/rochie-body-dantela-copiaza\/"]}]},{"@type":"ImageObject","inLanguage":"ru-RU","@id":"https:\/\/olilioli.md\/magazin\/imbracaminte\/fetite\/rochie-body-dantela-copiaza\/#primaryimage","url":"https:\/\/olilioli.md\/wp-content\/uploads\/2024\/04\/vvbvbv.jpg","contentUrl":"https:\/\/olilioli.md\/wp-content\/uploads\/2024\/04\/vvbvbv.jpg","width":1500,"height":1500},{"@type":"BreadcrumbList","@id":"https:\/\/olilioli.md\/magazin\/imbracaminte\/fetite\/rochie-body-dantela-copiaza\/#breadcrumb","itemListElement":[{"@type":"ListItem","position":1,"name":"Prima pagin\u0103","item":"http:\/\/olilioli.md\/"},{"@type":"ListItem","position":2,"name":"Categorii","item":"http:\/\/olilioli.md\/categorii\/"},{"@type":"ListItem","position":3,"name":"Rochita Ella"}]},{"@type":"WebSite","@id":"http:\/\/olilioli.md\/#website","url":"http:\/\/olilioli.md\/","name":"Olilioli","description":"produse ecologice pentru copii","publisher":{"@id":"http:\/\/olilioli.md\/#organization"},"potentialAction":[{"@type":"SearchAction","target":{"@type":"EntryPoint","urlTemplate":"http:\/\/olilioli.md\/?s={search_term_string}"},"query-input":{"@type":"PropertyValueSpecification","valueRequired":true,"valueName":"search_term_string"}}],"inLanguage":"ru-RU"},{"@type":"Organization","@id":"http:\/\/olilioli.md\/#organization","name":"Olilioli","url":"http:\/\/olilioli.md\/","logo":{"@type":"ImageObject","inLanguage":"ru-RU","@id":"http:\/\/olilioli.md\/#\/schema\/logo\/image\/","url":"https:\/\/olilioli.md\/wp-content\/uploads\/2023\/02\/olilioli_logo-min.png","contentUrl":"https:\/\/olilioli.md\/wp-content\/uploads\/2023\/02\/olilioli_logo-min.png","width":138,"height":36,"caption":"Olilioli"},"image":{"@id":"http:\/\/olilioli.md\/#\/schema\/logo\/image\/"}}]}},"wcpa_form_fields":null,"_links":{"self":[{"href":"http:\/\/olilioli.md\/ru\/wp-json\/wp\/v2\/product\/990592","targetHints":{"allow":["GET"]}}],"collection":[{"href":"http:\/\/olilioli.md\/ru\/wp-json\/wp\/v2\/product"}],"about":[{"href":"http:\/\/olilioli.md\/ru\/wp-json\/wp\/v2\/types\/product"}],"version-history":[{"count":0,"href":"http:\/\/olilioli.md\/ru\/wp-json\/wp\/v2\/product\/990592\/revisions"}],"wp:featuredmedia":[{"embeddable":true,"href":"http:\/\/olilioli.md\/ru\/wp-json\/wp\/v2\/media\/990598"}],"wp:attachment":[{"href":"http:\/\/olilioli.md\/ru\/wp-json\/wp\/v2\/media?parent=990592"}],"wp:term":[{"taxonomy":"product_cat","embeddable":true,"href":"http:\/\/olilioli.md\/ru\/wp-json\/wp\/v2\/product_cat?post=990592"},{"taxonomy":"product_tag","embeddable":true,"href":"http:\/\/olilioli.md\/ru\/wp-json\/wp\/v2\/product_tag?post=990592"}],"curies":[{"name":"wp","href":"https:\/\/api.w.org\/{rel}","templated":true}]}}