{"id":990917,"date":"2024-07-17T12:35:42","date_gmt":"2024-07-17T12:35:42","guid":{"rendered":"https:\/\/olilioli.md\/?post_type=product&#038;p=990917"},"modified":"2024-11-16T14:29:48","modified_gmt":"2024-11-16T14:29:48","slug":"set-2-piese-unicorn","status":"publish","type":"product","link":"http:\/\/olilioli.md\/ru\/magazin\/imbracaminte\/fetite\/set-2-piese-unicorn\/","title":{"rendered":"Set 2 piese- Unicorn"},"content":{"rendered":"<div data-elementor-type=\"product-post\" data-elementor-id=\"990917\" class=\"elementor elementor-990917\" data-elementor-post-type=\"product\">\n\t\t\t\t\t\t\t\t\t<section class=\"elementor-section elementor-top-section elementor-element elementor-element-02c9799 elementor-reverse-mobile elementor-section-boxed elementor-section-height-default elementor-section-height-default\" data-id=\"02c9799\" data-element_type=\"section\">\n\t\t\t\t\t\t<div class=\"elementor-container elementor-column-gap-no\">\n\t\t\t\t\t<div class=\"elementor-column elementor-col-33 elementor-top-column elementor-element elementor-element-4ff7689\" data-id=\"4ff7689\" data-element_type=\"column\">\n\t\t\t<div class=\"elementor-widget-wrap elementor-element-populated\">\n\t\t\t\t\t\t\t\t<div class=\"vamtam-has-theme-widget-styles elementor-element elementor-element-8b44a58 elementor-widget elementor-widget-image\" data-id=\"8b44a58\" data-element_type=\"widget\" data-widget_type=\"image.default\">\n\t\t\t\t<div class=\"elementor-widget-container\">\n\t\t\t<style>\/*! elementor - v3.17.0 - 25-10-2023 *\/\n.elementor-widget-image{text-align:center}.elementor-widget-image a{display:inline-block}.elementor-widget-image a img[src$=\".svg\"]{width:48px}.elementor-widget-image img{vertical-align:middle;display:inline-block}<\/style>\t\t\t\t<div class=\"elementor-image\">\n\t\t\t\t\t\t\t\t\t\t\t\t\t\t\t\t\t\t\t\t\t<img decoding=\"async\" width=\"52\" height=\"48\" src=\"https:\/\/olilioli.md\/wp-content\/uploads\/2022\/03\/flower-1.svg\" class=\"attachment-full size-full wp-image-67\" alt=\"\" \/>\t\t\t\t\t\t\t\t\t\t\t\t\t\t\t\t\t\t\t\t\t\t\t\t<\/div>\n\t\t\t\t\t\t<\/div>\n\t\t\t\t<\/div>\n\t\t\t\t\t<\/div>\n\t\t<\/div>\n\t\t\t\t<div class=\"elementor-column elementor-col-33 elementor-top-column elementor-element elementor-element-984000b\" data-id=\"984000b\" data-element_type=\"column\" data-settings=\"{&quot;background_background&quot;:&quot;classic&quot;}\">\n\t\t\t<div class=\"elementor-widget-wrap elementor-element-populated\">\n\t\t\t\t\t\t\t\t<div class=\"elementor-element elementor-element-f9d7f5e elementor-widget__width-auto elementor-widget elementor-widget-heading\" data-id=\"f9d7f5e\" data-element_type=\"widget\" data-widget_type=\"heading.default\">\n\t\t\t\t<div class=\"elementor-widget-container\">\n\t\t\t<style>\/*! elementor - v3.17.0 - 25-10-2023 *\/\n.elementor-heading-title{padding:0;margin:0;line-height:1}.elementor-widget-heading .elementor-heading-title[class*=elementor-size-]>a{color:inherit;font-size:inherit;line-height:inherit}.elementor-widget-heading .elementor-heading-title.elementor-size-small{font-size:15px}.elementor-widget-heading .elementor-heading-title.elementor-size-medium{font-size:19px}.elementor-widget-heading .elementor-heading-title.elementor-size-large{font-size:29px}.elementor-widget-heading .elementor-heading-title.elementor-size-xl{font-size:39px}.elementor-widget-heading .elementor-heading-title.elementor-size-xxl{font-size:59px}<\/style><h2 class=\"elementor-heading-title elementor-size-default\">\u041e\u043f\u0438\u0441\u0430\u043d\u0438\u0435<\/h2>\t\t<\/div>\n\t\t\t\t<\/div>\n\t\t\t\t<div class=\"elementor-element elementor-element-e542b11 elementor-widget elementor-widget-text-editor\" data-id=\"e542b11\" data-element_type=\"widget\" data-widget_type=\"text-editor.default\">\n\t\t\t\t<div class=\"elementor-widget-container\">\n\t\t\t<style>\/*! elementor - v3.17.0 - 25-10-2023 *\/\n.elementor-widget-text-editor.elementor-drop-cap-view-stacked .elementor-drop-cap{background-color:#69727d;color:#fff}.elementor-widget-text-editor.elementor-drop-cap-view-framed .elementor-drop-cap{color:#69727d;border:3px solid;background-color:transparent}.elementor-widget-text-editor:not(.elementor-drop-cap-view-default) .elementor-drop-cap{margin-top:8px}.elementor-widget-text-editor:not(.elementor-drop-cap-view-default) .elementor-drop-cap-letter{width:1em;height:1em}.elementor-widget-text-editor .elementor-drop-cap{float:left;text-align:center;line-height:1;font-size:50px}.elementor-widget-text-editor .elementor-drop-cap-letter{display:inline-block}<\/style>\t\t\t\t<p><\/p>\n<p><strong>Set camasa si pantaloni din muselina.&nbsp;<\/strong><\/p><p><span style=\"color: var( --e-global-color-vamtam_accent_3 ); letter-spacing: var(--vamtam-primary-font-letter-spacing-desktop,normal); text-transform: var(--vamtam-primary-font-transform,none);\">Muselina este un material de tesatura fin si subtire, realizat din fibre naturale precum bumbacul sau inul. Acest material se caracterizeaza prin delicatete, flexibilitate si rezistenta.&nbsp;<\/span><\/p><p><span style=\"color: var( --e-global-color-vamtam_accent_3 ); letter-spacing: var(--vamtam-primary-font-letter-spacing-desktop,normal); text-transform: var(--vamtam-primary-font-transform,none);\">Potrivit pentru sezonul de vara.<\/span><\/p><p>Toate materialele folosite \u00een produsele noastre sunt realizate din \u021bes\u0103turi 100% bumbac, iar toate accesoriile sunt atent selectate, lu\u00e2nd \u00een considerare \u00een prim plan s\u0103n\u0103tatea bebelu\u0219ilor.&nbsp;<\/p>\n<p>Folosim \u021bes\u0103turi naturale din bumbac conform standardelor Oeko-Tex\u00ae.<\/p>\t\t\t\t\t\t<\/div>\n\t\t\t\t<\/div>\n\t\t\t\t<div class=\"elementor-element elementor-element-c464102 elementor-widget elementor-widget-spacer\" data-id=\"c464102\" data-element_type=\"widget\" data-widget_type=\"spacer.default\">\n\t\t\t\t<div class=\"elementor-widget-container\">\n\t\t\t<style>\/*! elementor - v3.17.0 - 25-10-2023 *\/\n.elementor-column .elementor-spacer-inner{height:var(--spacer-size)}.e-con{--container-widget-width:100%}.e-con-inner>.elementor-widget-spacer,.e-con>.elementor-widget-spacer{width:var(--container-widget-width,var(--spacer-size));--align-self:var(--container-widget-align-self,initial);--flex-shrink:0}.e-con-inner>.elementor-widget-spacer>.elementor-widget-container,.e-con>.elementor-widget-spacer>.elementor-widget-container{height:100%;width:100%}.e-con-inner>.elementor-widget-spacer>.elementor-widget-container>.elementor-spacer,.e-con>.elementor-widget-spacer>.elementor-widget-container>.elementor-spacer{height:100%}.e-con-inner>.elementor-widget-spacer>.elementor-widget-container>.elementor-spacer>.elementor-spacer-inner,.e-con>.elementor-widget-spacer>.elementor-widget-container>.elementor-spacer>.elementor-spacer-inner{height:var(--container-widget-height,var(--spacer-size))}.e-con-inner>.elementor-widget-spacer.elementor-widget-empty,.e-con>.elementor-widget-spacer.elementor-widget-empty{position:relative;min-height:22px;min-width:22px}.e-con-inner>.elementor-widget-spacer.elementor-widget-empty .elementor-widget-empty-icon,.e-con>.elementor-widget-spacer.elementor-widget-empty .elementor-widget-empty-icon{position:absolute;top:0;bottom:0;left:0;right:0;margin:auto;padding:0;width:22px;height:22px}<\/style>\t\t<div class=\"elementor-spacer\">\n\t\t\t<div class=\"elementor-spacer-inner\"><\/div>\n\t\t<\/div>\n\t\t\t\t<\/div>\n\t\t\t\t<\/div>\n\t\t\t\t\t<\/div>\n\t\t<\/div>\n\t\t\t\t<div class=\"elementor-column elementor-col-33 elementor-top-column elementor-element elementor-element-4f89a4c\" data-id=\"4f89a4c\" data-element_type=\"column\">\n\t\t\t<div class=\"elementor-widget-wrap elementor-element-populated\">\n\t\t\t\t\t\t\t\t<div class=\"elementor-element elementor-element-c02ec88 elementor-view-default elementor-widget elementor-widget-icon\" data-id=\"c02ec88\" data-element_type=\"widget\" data-widget_type=\"icon.default\">\n\t\t\t\t<div class=\"elementor-widget-container\">\n\t\t\t\t\t<div class=\"elementor-icon-wrapper\">\n\t\t\t<div class=\"elementor-icon\">\n\t\t\t<i aria-hidden=\"true\" class=\"vamtamtheme- vamtam-theme-cloud\"><\/i>\t\t\t<\/div>\n\t\t<\/div>\n\t\t\t\t<\/div>\n\t\t\t\t<\/div>\n\t\t\t\t\t<\/div>\n\t\t<\/div>\n\t\t\t\t\t\t\t<\/div>\n\t\t<\/section>\n\t\t\t\t<section class=\"elementor-section elementor-top-section elementor-element elementor-element-25a906ac elementor-reverse-mobile elementor-section-boxed elementor-section-height-default elementor-section-height-default\" data-id=\"25a906ac\" data-element_type=\"section\">\n\t\t\t\t\t\t<div class=\"elementor-container elementor-column-gap-no\">\n\t\t\t\t\t<div class=\"elementor-column elementor-col-100 elementor-top-column elementor-element elementor-element-57c7b4d0\" data-id=\"57c7b4d0\" data-element_type=\"column\" data-settings=\"{&quot;background_background&quot;:&quot;classic&quot;}\">\n\t\t\t<div class=\"elementor-widget-wrap elementor-element-populated\">\n\t\t\t\t\t\t\t\t<div class=\"elementor-element elementor-element-27a0f74b elementor-widget__width-auto elementor-widget elementor-widget-heading\" data-id=\"27a0f74b\" data-element_type=\"widget\" data-widget_type=\"heading.default\">\n\t\t\t\t<div class=\"elementor-widget-container\">\n\t\t\t<h2 class=\"elementor-heading-title elementor-size-default\">\u0424\u043e\u0442\u043e\u0433\u0430\u043b\u0435\u0440\u0435\u044f<\/h2>\t\t<\/div>\n\t\t\t\t<\/div>\n\t\t\t\t<div class=\"elementor-element elementor-element-2cfff1a elementor-arrows-position-outside elementor-widget elementor-widget-image-carousel\" data-id=\"2cfff1a\" data-element_type=\"widget\" data-settings=\"{&quot;slides_to_show&quot;:&quot;3&quot;,&quot;navigation&quot;:&quot;arrows&quot;,&quot;lazyload&quot;:&quot;yes&quot;,&quot;image_spacing_custom&quot;:{&quot;unit&quot;:&quot;px&quot;,&quot;size&quot;:10,&quot;sizes&quot;:[]},&quot;slides_to_show_tablet&quot;:&quot;3&quot;,&quot;slides_to_show_mobile&quot;:&quot;1&quot;,&quot;autoplay&quot;:&quot;yes&quot;,&quot;pause_on_hover&quot;:&quot;yes&quot;,&quot;pause_on_interaction&quot;:&quot;yes&quot;,&quot;autoplay_speed&quot;:5000,&quot;infinite&quot;:&quot;yes&quot;,&quot;speed&quot;:500,&quot;image_spacing_custom_tablet&quot;:{&quot;unit&quot;:&quot;px&quot;,&quot;size&quot;:&quot;&quot;,&quot;sizes&quot;:[]}}\" data-widget_type=\"image-carousel.default\">\n\t\t\t\t<div class=\"elementor-widget-container\">\n\t\t\t<style>\/*! elementor - v3.17.0 - 25-10-2023 *\/\n.elementor-widget-image-carousel .swiper,.elementor-widget-image-carousel .swiper-container{position:static}.elementor-widget-image-carousel .swiper-container .swiper-slide figure,.elementor-widget-image-carousel .swiper .swiper-slide figure{line-height:inherit}.elementor-widget-image-carousel .swiper-slide{text-align:center}.elementor-image-carousel-wrapper:not(.swiper-container-initialized):not(.swiper-initialized) .swiper-slide{max-width:calc(100% \/ var(--e-image-carousel-slides-to-show, 3))}<\/style>\t\t<div class=\"elementor-image-carousel-wrapper swiper-container\" dir=\"ltr\">\n\t\t\t<div class=\"elementor-image-carousel swiper-wrapper swiper-image-stretch\" aria-live=\"off\">\n\t\t\t\t\t\t\t\t<div class=\"swiper-slide\" role=\"group\" aria-roledescription=\"slide\" aria-label=\"1 \u0438\u0437 5\"><a data-elementor-open-lightbox=\"yes\" data-elementor-lightbox-slideshow=\"2cfff1a\" data-e-action-hash=\"#elementor-action%3Aaction%3Dlightbox%26settings%3DeyJpZCI6MTU5NTIsInVybCI6ZmFsc2UsInNsaWRlc2hvdyI6IjJjZmZmMWEifQ%3D%3D\"><figure class=\"swiper-slide-inner\"><img class=\"swiper-slide-image swiper-lazy\" data-src=\"https:\/\/olilioli.md\/wp-content\/uploads\/2022\/06\/7947504812_6_1_1.jpg\" alt=\"\" \/><div class=\"swiper-lazy-preloader\"><\/div><\/figure><\/a><\/div><div class=\"swiper-slide\" role=\"group\" aria-roledescription=\"slide\" aria-label=\"2 \u0438\u0437 5\"><a data-elementor-open-lightbox=\"yes\" data-elementor-lightbox-slideshow=\"2cfff1a\" data-e-action-hash=\"#elementor-action%3Aaction%3Dlightbox%26settings%3DeyJpZCI6MTU5NDksInVybCI6ZmFsc2UsInNsaWRlc2hvdyI6IjJjZmZmMWEifQ%3D%3D\"><figure class=\"swiper-slide-inner\"><img class=\"swiper-slide-image swiper-lazy\" data-src=\"https:\/\/olilioli.md\/wp-content\/uploads\/2022\/06\/2582516812_6_1_1.jpg\" alt=\"\" \/><div class=\"swiper-lazy-preloader\"><\/div><\/figure><\/a><\/div><div class=\"swiper-slide\" role=\"group\" aria-roledescription=\"slide\" aria-label=\"3 \u0438\u0437 5\"><a data-elementor-open-lightbox=\"yes\" data-elementor-lightbox-slideshow=\"2cfff1a\" data-e-action-hash=\"#elementor-action%3Aaction%3Dlightbox%26settings%3DeyJpZCI6MTU5NDgsInVybCI6ZmFsc2UsInNsaWRlc2hvdyI6IjJjZmZmMWEifQ%3D%3D\"><figure class=\"swiper-slide-inner\"><img class=\"swiper-slide-image swiper-lazy\" data-src=\"https:\/\/olilioli.md\/wp-content\/uploads\/2022\/03\/2582539703_6_1_1.jpg\" alt=\"\" \/><div class=\"swiper-lazy-preloader\"><\/div><\/figure><\/a><\/div><div class=\"swiper-slide\" role=\"group\" aria-roledescription=\"slide\" aria-label=\"4 \u0438\u0437 5\"><a data-elementor-open-lightbox=\"yes\" data-elementor-lightbox-slideshow=\"2cfff1a\" data-e-action-hash=\"#elementor-action%3Aaction%3Dlightbox%26settings%3DeyJpZCI6MTU5MTEsInVybCI6ZmFsc2UsInNsaWRlc2hvdyI6IjJjZmZmMWEifQ%3D%3D\"><figure class=\"swiper-slide-inner\"><img class=\"swiper-slide-image swiper-lazy\" data-src=\"https:\/\/olilioli.md\/wp-content\/uploads\/2022\/06\/5643519108_6_2_1-scaled.jpeg\" alt=\"\" \/><div class=\"swiper-lazy-preloader\"><\/div><\/figure><\/a><\/div><div class=\"swiper-slide\" role=\"group\" aria-roledescription=\"slide\" aria-label=\"5 \u0438\u0437 5\"><a data-elementor-open-lightbox=\"yes\" data-elementor-lightbox-slideshow=\"2cfff1a\" data-e-action-hash=\"#elementor-action%3Aaction%3Dlightbox%26settings%3DeyJpZCI6MTU5NTAsInVybCI6ZmFsc2UsInNsaWRlc2hvdyI6IjJjZmZmMWEifQ%3D%3D\"><figure class=\"swiper-slide-inner\"><img class=\"swiper-slide-image swiper-lazy\" data-src=\"https:\/\/olilioli.md\/wp-content\/uploads\/2022\/06\/7947502400_6_1_1.jpg\" alt=\"\" \/><div class=\"swiper-lazy-preloader\"><\/div><\/figure><\/a><\/div>\t\t\t<\/div>\n\t\t\t\t\t\t\t\t\t\t\t\t<div class=\"elementor-swiper-button elementor-swiper-button-prev\" role=\"button\" tabindex=\"0\">\n\t\t\t\t\t\t<i aria-hidden=\"true\" class=\"eicon-chevron-left\"><\/i>\t\t\t\t\t<\/div>\n\t\t\t\t\t<div class=\"elementor-swiper-button elementor-swiper-button-next\" role=\"button\" tabindex=\"0\">\n\t\t\t\t\t\t<i aria-hidden=\"true\" class=\"eicon-chevron-right\"><\/i>\t\t\t\t\t<\/div>\n\t\t\t\t\n\t\t\t\t\t\t\t\t\t<\/div>\n\t\t\t\t<\/div>\n\t\t\t\t<\/div>\n\t\t\t\t\t<\/div>\n\t\t<\/div>\n\t\t\t\t\t\t\t<\/div>\n\t\t<\/section>\n\t\t\t\t\t\t\t<\/div>","protected":false},"excerpt":{"rendered":"<p>Descriere Set camasa si pantaloni din muselina.\u00a0 Muselina este un material de tesatura fin si subtire, realizat din fibre naturale precum bumbacul sau inul. Acest material se caracterizeaza prin delicatete, flexibilitate si rezistenta. Potrivit pentru sezonul de vara. Toate materialele folosite \u00een produsele noastre sunt realizate din \u021bes\u0103turi 100% bumbac, iar toate accesoriile sunt atent&#8230;<\/p>","protected":false},"featured_media":990919,"template":"","meta":{"om_disable_all_campaigns":false},"product_cat":[353,311],"product_tag":[],"class_list":["post-990917","product","type-product","status-publish","has-post-thumbnail","hentry","product_cat-fetite","product_cat-imbracaminte"],"yoast_head":"<!-- This site is optimized with the Yoast SEO plugin v24.4 - https:\/\/yoast.com\/wordpress\/plugins\/seo\/ -->\n<title>Set 2 piese- Unicorn - Olilioli<\/title>\n<meta name=\"robots\" content=\"index, follow, max-snippet:-1, max-image-preview:large, max-video-preview:-1\" \/>\n<link rel=\"canonical\" href=\"http:\/\/olilioli.md\/ru\/magazin\/imbracaminte\/fetite\/set-2-piese-unicorn\/\" \/>\n<meta property=\"og:locale\" content=\"ru_RU\" \/>\n<meta property=\"og:type\" content=\"article\" \/>\n<meta property=\"og:title\" content=\"Set 2 piese- Unicorn - Olilioli\" \/>\n<meta property=\"og:description\" content=\"Descriere Set camasa si pantaloni din muselina.\u00a0 Muselina este un material de tesatura fin si subtire, realizat din fibre naturale precum bumbacul sau inul. Acest material se caracterizeaza prin delicatete, flexibilitate si rezistenta. Potrivit pentru sezonul de vara. Toate materialele folosite \u00een produsele noastre sunt realizate din \u021bes\u0103turi 100% bumbac, iar toate accesoriile sunt atent...\" \/>\n<meta property=\"og:url\" content=\"http:\/\/olilioli.md\/ru\/magazin\/imbracaminte\/fetite\/set-2-piese-unicorn\/\" \/>\n<meta property=\"og:site_name\" content=\"Olilioli\" \/>\n<meta property=\"article:modified_time\" content=\"2024-11-16T14:29:48+00:00\" \/>\n<meta property=\"og:image\" content=\"https:\/\/olilioli.md\/wp-content\/uploads\/2024\/07\/72c902bd9ac38aaba88e76b0b9efb08a-1.jpg\" \/>\n\t<meta property=\"og:image:width\" content=\"1200\" \/>\n\t<meta property=\"og:image:height\" content=\"1200\" \/>\n\t<meta property=\"og:image:type\" content=\"image\/jpeg\" \/>\n<meta name=\"twitter:card\" content=\"summary_large_image\" \/>\n<script type=\"application\/ld+json\" class=\"yoast-schema-graph\">{\"@context\":\"https:\/\/schema.org\",\"@graph\":[{\"@type\":\"WebPage\",\"@id\":\"http:\/\/olilioli.md\/magazin\/imbracaminte\/fetite\/set-2-piese-unicorn\/\",\"url\":\"http:\/\/olilioli.md\/magazin\/imbracaminte\/fetite\/set-2-piese-unicorn\/\",\"name\":\"Set 2 piese- Unicorn - Olilioli\",\"isPartOf\":{\"@id\":\"https:\/\/olilioli.md\/ru\/#website\"},\"primaryImageOfPage\":{\"@id\":\"http:\/\/olilioli.md\/magazin\/imbracaminte\/fetite\/set-2-piese-unicorn\/#primaryimage\"},\"image\":{\"@id\":\"http:\/\/olilioli.md\/magazin\/imbracaminte\/fetite\/set-2-piese-unicorn\/#primaryimage\"},\"thumbnailUrl\":\"https:\/\/olilioli.md\/wp-content\/uploads\/2024\/07\/72c902bd9ac38aaba88e76b0b9efb08a-1.jpg\",\"datePublished\":\"2024-07-17T12:35:42+00:00\",\"dateModified\":\"2024-11-16T14:29:48+00:00\",\"breadcrumb\":{\"@id\":\"http:\/\/olilioli.md\/magazin\/imbracaminte\/fetite\/set-2-piese-unicorn\/#breadcrumb\"},\"inLanguage\":\"ru-RU\",\"potentialAction\":[{\"@type\":\"ReadAction\",\"target\":[\"http:\/\/olilioli.md\/magazin\/imbracaminte\/fetite\/set-2-piese-unicorn\/\"]}]},{\"@type\":\"ImageObject\",\"inLanguage\":\"ru-RU\",\"@id\":\"http:\/\/olilioli.md\/magazin\/imbracaminte\/fetite\/set-2-piese-unicorn\/#primaryimage\",\"url\":\"https:\/\/olilioli.md\/wp-content\/uploads\/2024\/07\/72c902bd9ac38aaba88e76b0b9efb08a-1.jpg\",\"contentUrl\":\"https:\/\/olilioli.md\/wp-content\/uploads\/2024\/07\/72c902bd9ac38aaba88e76b0b9efb08a-1.jpg\",\"width\":1200,\"height\":1200},{\"@type\":\"BreadcrumbList\",\"@id\":\"http:\/\/olilioli.md\/magazin\/imbracaminte\/fetite\/set-2-piese-unicorn\/#breadcrumb\",\"itemListElement\":[{\"@type\":\"ListItem\",\"position\":1,\"name\":\"Prima pagin\u0103\",\"item\":\"https:\/\/olilioli.md\/ru\/\"},{\"@type\":\"ListItem\",\"position\":2,\"name\":\"Categorii\",\"item\":\"https:\/\/olilioli.md\/ru\/categorii\/\"},{\"@type\":\"ListItem\",\"position\":3,\"name\":\"Set 2 piese- Unicorn\"}]},{\"@type\":\"WebSite\",\"@id\":\"https:\/\/olilioli.md\/ru\/#website\",\"url\":\"https:\/\/olilioli.md\/ru\/\",\"name\":\"Olilioli\",\"description\":\"produse ecologice pentru copii\",\"publisher\":{\"@id\":\"https:\/\/olilioli.md\/ru\/#organization\"},\"potentialAction\":[{\"@type\":\"SearchAction\",\"target\":{\"@type\":\"EntryPoint\",\"urlTemplate\":\"https:\/\/olilioli.md\/ru\/?s={search_term_string}\"},\"query-input\":{\"@type\":\"PropertyValueSpecification\",\"valueRequired\":true,\"valueName\":\"search_term_string\"}}],\"inLanguage\":\"ru-RU\"},{\"@type\":\"Organization\",\"@id\":\"https:\/\/olilioli.md\/ru\/#organization\",\"name\":\"Olilioli\",\"url\":\"https:\/\/olilioli.md\/ru\/\",\"logo\":{\"@type\":\"ImageObject\",\"inLanguage\":\"ru-RU\",\"@id\":\"https:\/\/olilioli.md\/ru\/#\/schema\/logo\/image\/\",\"url\":\"https:\/\/olilioli.md\/wp-content\/uploads\/2023\/02\/olilioli_logo-min.png\",\"contentUrl\":\"https:\/\/olilioli.md\/wp-content\/uploads\/2023\/02\/olilioli_logo-min.png\",\"width\":138,\"height\":36,\"caption\":\"Olilioli\"},\"image\":{\"@id\":\"https:\/\/olilioli.md\/ru\/#\/schema\/logo\/image\/\"}}]}<\/script>\n<!-- \/ Yoast SEO plugin. -->","yoast_head_json":{"title":"Set 2 piese- Unicorn - Olilioli","robots":{"index":"index","follow":"follow","max-snippet":"max-snippet:-1","max-image-preview":"max-image-preview:large","max-video-preview":"max-video-preview:-1"},"canonical":"http:\/\/olilioli.md\/ru\/magazin\/imbracaminte\/fetite\/set-2-piese-unicorn\/","og_locale":"ru_RU","og_type":"article","og_title":"Set 2 piese- Unicorn - Olilioli","og_description":"Descriere Set camasa si pantaloni din muselina.\u00a0 Muselina este un material de tesatura fin si subtire, realizat din fibre naturale precum bumbacul sau inul. Acest material se caracterizeaza prin delicatete, flexibilitate si rezistenta. Potrivit pentru sezonul de vara. Toate materialele folosite \u00een produsele noastre sunt realizate din \u021bes\u0103turi 100% bumbac, iar toate accesoriile sunt atent...","og_url":"http:\/\/olilioli.md\/ru\/magazin\/imbracaminte\/fetite\/set-2-piese-unicorn\/","og_site_name":"Olilioli","article_modified_time":"2024-11-16T14:29:48+00:00","og_image":[{"width":1200,"height":1200,"url":"https:\/\/olilioli.md\/wp-content\/uploads\/2024\/07\/72c902bd9ac38aaba88e76b0b9efb08a-1.jpg","type":"image\/jpeg"}],"twitter_card":"summary_large_image","schema":{"@context":"https:\/\/schema.org","@graph":[{"@type":"WebPage","@id":"http:\/\/olilioli.md\/magazin\/imbracaminte\/fetite\/set-2-piese-unicorn\/","url":"http:\/\/olilioli.md\/magazin\/imbracaminte\/fetite\/set-2-piese-unicorn\/","name":"Set 2 piese- Unicorn - Olilioli","isPartOf":{"@id":"https:\/\/olilioli.md\/ru\/#website"},"primaryImageOfPage":{"@id":"http:\/\/olilioli.md\/magazin\/imbracaminte\/fetite\/set-2-piese-unicorn\/#primaryimage"},"image":{"@id":"http:\/\/olilioli.md\/magazin\/imbracaminte\/fetite\/set-2-piese-unicorn\/#primaryimage"},"thumbnailUrl":"https:\/\/olilioli.md\/wp-content\/uploads\/2024\/07\/72c902bd9ac38aaba88e76b0b9efb08a-1.jpg","datePublished":"2024-07-17T12:35:42+00:00","dateModified":"2024-11-16T14:29:48+00:00","breadcrumb":{"@id":"http:\/\/olilioli.md\/magazin\/imbracaminte\/fetite\/set-2-piese-unicorn\/#breadcrumb"},"inLanguage":"ru-RU","potentialAction":[{"@type":"ReadAction","target":["http:\/\/olilioli.md\/magazin\/imbracaminte\/fetite\/set-2-piese-unicorn\/"]}]},{"@type":"ImageObject","inLanguage":"ru-RU","@id":"http:\/\/olilioli.md\/magazin\/imbracaminte\/fetite\/set-2-piese-unicorn\/#primaryimage","url":"https:\/\/olilioli.md\/wp-content\/uploads\/2024\/07\/72c902bd9ac38aaba88e76b0b9efb08a-1.jpg","contentUrl":"https:\/\/olilioli.md\/wp-content\/uploads\/2024\/07\/72c902bd9ac38aaba88e76b0b9efb08a-1.jpg","width":1200,"height":1200},{"@type":"BreadcrumbList","@id":"http:\/\/olilioli.md\/magazin\/imbracaminte\/fetite\/set-2-piese-unicorn\/#breadcrumb","itemListElement":[{"@type":"ListItem","position":1,"name":"Prima pagin\u0103","item":"https:\/\/olilioli.md\/ru\/"},{"@type":"ListItem","position":2,"name":"Categorii","item":"https:\/\/olilioli.md\/ru\/categorii\/"},{"@type":"ListItem","position":3,"name":"Set 2 piese- Unicorn"}]},{"@type":"WebSite","@id":"https:\/\/olilioli.md\/ru\/#website","url":"https:\/\/olilioli.md\/ru\/","name":"Olilioli","description":"produse ecologice pentru copii","publisher":{"@id":"https:\/\/olilioli.md\/ru\/#organization"},"potentialAction":[{"@type":"SearchAction","target":{"@type":"EntryPoint","urlTemplate":"https:\/\/olilioli.md\/ru\/?s={search_term_string}"},"query-input":{"@type":"PropertyValueSpecification","valueRequired":true,"valueName":"search_term_string"}}],"inLanguage":"ru-RU"},{"@type":"Organization","@id":"https:\/\/olilioli.md\/ru\/#organization","name":"Olilioli","url":"https:\/\/olilioli.md\/ru\/","logo":{"@type":"ImageObject","inLanguage":"ru-RU","@id":"https:\/\/olilioli.md\/ru\/#\/schema\/logo\/image\/","url":"https:\/\/olilioli.md\/wp-content\/uploads\/2023\/02\/olilioli_logo-min.png","contentUrl":"https:\/\/olilioli.md\/wp-content\/uploads\/2023\/02\/olilioli_logo-min.png","width":138,"height":36,"caption":"Olilioli"},"image":{"@id":"https:\/\/olilioli.md\/ru\/#\/schema\/logo\/image\/"}}]}},"wcpa_form_fields":null,"_links":{"self":[{"href":"http:\/\/olilioli.md\/ru\/wp-json\/wp\/v2\/product\/990917","targetHints":{"allow":["GET"]}}],"collection":[{"href":"http:\/\/olilioli.md\/ru\/wp-json\/wp\/v2\/product"}],"about":[{"href":"http:\/\/olilioli.md\/ru\/wp-json\/wp\/v2\/types\/product"}],"version-history":[{"count":0,"href":"http:\/\/olilioli.md\/ru\/wp-json\/wp\/v2\/product\/990917\/revisions"}],"wp:featuredmedia":[{"embeddable":true,"href":"http:\/\/olilioli.md\/ru\/wp-json\/wp\/v2\/media\/990919"}],"wp:attachment":[{"href":"http:\/\/olilioli.md\/ru\/wp-json\/wp\/v2\/media?parent=990917"}],"wp:term":[{"taxonomy":"product_cat","embeddable":true,"href":"http:\/\/olilioli.md\/ru\/wp-json\/wp\/v2\/product_cat?post=990917"},{"taxonomy":"product_tag","embeddable":true,"href":"http:\/\/olilioli.md\/ru\/wp-json\/wp\/v2\/product_tag?post=990917"}],"curies":[{"name":"wp","href":"https:\/\/api.w.org\/{rel}","templated":true}]}}