{"id":991024,"date":"2024-11-16T15:20:01","date_gmt":"2024-11-16T15:20:01","guid":{"rendered":"https:\/\/olilioli.md\/?post_type=product&#038;p=991024"},"modified":"2025-03-30T21:51:12","modified_gmt":"2025-03-30T21:51:12","slug":"tractoras-carbon","status":"publish","type":"product","link":"http:\/\/olilioli.md\/ru\/magazin\/toate-produsele-olilioli\/jucarii\/tractoras-carbon\/","title":{"rendered":"Tractora\u0219ul din filmul &#8222;Carbon&#8221;."},"content":{"rendered":"\t\t<div data-elementor-type=\"product-post\" data-elementor-id=\"991024\" class=\"elementor elementor-991024\" data-elementor-post-type=\"product\">\n\t\t\t\t\t\t\t\t\t<section class=\"elementor-section elementor-top-section elementor-element elementor-element-02c9799 elementor-reverse-mobile elementor-section-boxed elementor-section-height-default elementor-section-height-default\" data-id=\"02c9799\" data-element_type=\"section\">\n\t\t\t\t\t\t<div class=\"elementor-container elementor-column-gap-no\">\n\t\t\t\t\t<div class=\"elementor-column elementor-col-33 elementor-top-column elementor-element elementor-element-4ff7689\" data-id=\"4ff7689\" data-element_type=\"column\">\n\t\t\t<div class=\"elementor-widget-wrap elementor-element-populated\">\n\t\t\t\t\t\t\t\t<div class=\"vamtam-has-theme-widget-styles elementor-element elementor-element-8b44a58 elementor-widget elementor-widget-image\" data-id=\"8b44a58\" data-element_type=\"widget\" data-widget_type=\"image.default\">\n\t\t\t\t<div class=\"elementor-widget-container\">\n\t\t\t<style>\/*! elementor - v3.17.0 - 25-10-2023 *\/\n.elementor-widget-image{text-align:center}.elementor-widget-image a{display:inline-block}.elementor-widget-image a img[src$=\".svg\"]{width:48px}.elementor-widget-image img{vertical-align:middle;display:inline-block}<\/style>\t\t\t\t<div class=\"elementor-image\">\n\t\t\t\t\t\t\t\t\t\t\t\t\t\t\t\t\t\t\t\t\t<img decoding=\"async\" width=\"174\" height=\"163\" src=\"https:\/\/olilioli.md\/wp-content\/uploads\/2022\/03\/lion.svg\" class=\"attachment-full size-full wp-image-54\" alt=\"\" \/>\t\t\t\t\t\t\t\t\t\t\t\t\t\t\t\t\t\t\t\t\t\t\t\t<\/div>\n\t\t\t\t\t\t<\/div>\n\t\t\t\t<\/div>\n\t\t\t\t\t<\/div>\n\t\t<\/div>\n\t\t\t\t<div class=\"elementor-column elementor-col-33 elementor-top-column elementor-element elementor-element-984000b\" data-id=\"984000b\" data-element_type=\"column\" data-settings=\"{&quot;background_background&quot;:&quot;classic&quot;}\">\n\t\t\t<div class=\"elementor-widget-wrap elementor-element-populated\">\n\t\t\t\t\t\t\t\t<div class=\"elementor-element elementor-element-f9d7f5e elementor-widget__width-auto elementor-widget elementor-widget-heading\" data-id=\"f9d7f5e\" data-element_type=\"widget\" data-widget_type=\"heading.default\">\n\t\t\t\t<div class=\"elementor-widget-container\">\n\t\t\t<style>\/*! elementor - v3.17.0 - 25-10-2023 *\/\n.elementor-heading-title{padding:0;margin:0;line-height:1}.elementor-widget-heading .elementor-heading-title[class*=elementor-size-]>a{color:inherit;font-size:inherit;line-height:inherit}.elementor-widget-heading .elementor-heading-title.elementor-size-small{font-size:15px}.elementor-widget-heading .elementor-heading-title.elementor-size-medium{font-size:19px}.elementor-widget-heading .elementor-heading-title.elementor-size-large{font-size:29px}.elementor-widget-heading .elementor-heading-title.elementor-size-xl{font-size:39px}.elementor-widget-heading .elementor-heading-title.elementor-size-xxl{font-size:59px}<\/style><h2 class=\"elementor-heading-title elementor-size-default\">Descriere<\/h2>\t\t<\/div>\n\t\t\t\t<\/div>\n\t\t\t\t<div class=\"elementor-element elementor-element-e542b11 elementor-widget elementor-widget-text-editor\" data-id=\"e542b11\" data-element_type=\"widget\" data-widget_type=\"text-editor.default\">\n\t\t\t\t<div class=\"elementor-widget-container\">\n\t\t\t<style>\/*! elementor - v3.17.0 - 25-10-2023 *\/\n.elementor-widget-text-editor.elementor-drop-cap-view-stacked .elementor-drop-cap{background-color:#69727d;color:#fff}.elementor-widget-text-editor.elementor-drop-cap-view-framed .elementor-drop-cap{color:#69727d;border:3px solid;background-color:transparent}.elementor-widget-text-editor:not(.elementor-drop-cap-view-default) .elementor-drop-cap{margin-top:8px}.elementor-widget-text-editor:not(.elementor-drop-cap-view-default) .elementor-drop-cap-letter{width:1em;height:1em}.elementor-widget-text-editor .elementor-drop-cap{float:left;text-align:center;line-height:1;font-size:50px}.elementor-widget-text-editor .elementor-drop-cap-letter{display:inline-block}<\/style>\t\t\t\t<div class=\"flex max-w-full flex-col flex-grow\"><div class=\"min-h-8 text-message flex w-full flex-col items-end gap-2 whitespace-normal break-words [.text-message+&amp;]:mt-5\" dir=\"auto\" data-message-author-role=\"assistant\" data-message-id=\"04aa12d5-3f3a-43b1-a6d7-33b949df2feb\" data-message-model-slug=\"gpt-4o\"><div class=\"flex w-full flex-col gap-1 empty:hidden first:pt-[3px]\"><div class=\"markdown prose w-full break-words dark:prose-invert light\"><p><strong>Tractorul din filmul\u00a0 &#8222;Carbon&#8221; \u2013 Un simbol al artei cinematografice moldovene\u0219ti.<\/strong><\/p><p>Cump\u0103r\u00e2nd tractorul de lemn <em>Carbon<\/em>, nu doar c\u0103 aduci un simbol unic \u00een colec\u021bia de juc\u0103rii a copilului t\u0103u, ci \u0219i sprijini dezvoltarea cinematografiei din Republica Moldova. Inspirat din filmul \u201eCarbon\u201d, acest tractor \u00een miniatur\u0103 reprezint\u0103 o parte din povestea captivant\u0103 a unui t\u00e2n\u0103r tractorist, Dima, \u0219i devine un memento al valorilor autentice \u2013 curajul, omenia \u0219i lec\u021biile de via\u021b\u0103.<\/p><p><strong>De ce s\u0103 alegi tractorul &#8222;Carbon&#8221;?<\/strong><\/p><p>Este mai mult dec\u00e2t o juc\u0103rie \u2013 este un tribut adus culturii moldovene\u0219ti \u0219i pove\u0219tilor care inspir\u0103.<\/p><p>Prin achizi\u021bia acestui tractor, o parte din venituri sus\u021bin proiectele cinematografice locale, \u00eencuraj\u00e2nd producerea de filme care reflect\u0103 identitatea noastr\u0103.<\/p><p>Povestea lui Dima poate deveni o lec\u021bie valoroas\u0103 pentru copilul t\u0103u despre perseveren\u021b\u0103 \u0219i umanitate.<\/p><p>Ofer\u0103-i copilului t\u0103u \u0219ansa de a de\u021bine un fragment dintr-o poveste autentic\u0103 \u0219i de a contribui la promovarea artei moldovene\u0219ti. Fiecare tractor <em>Carbon<\/em> spune o poveste, iar prin alegerea ta, aju\u021bi s\u0103 fie spuse \u0219i mai multe.<\/p><p><strong>Adaug\u0103 acest simbol \u00een co\u0219ul t\u0103u !<\/strong><\/p><\/div><\/div><\/div><\/div>\t\t\t\t\t\t<\/div>\n\t\t\t\t<\/div>\n\t\t\t\t<div class=\"elementor-element elementor-element-6dab54d elementor-widget elementor-widget-text-editor\" data-id=\"6dab54d\" data-element_type=\"widget\" data-widget_type=\"text-editor.default\">\n\t\t\t\t<div class=\"elementor-widget-container\">\n\t\t\t\t\t\t\t\t\t\t\t\t\t<\/div>\n\t\t\t\t<\/div>\n\t\t\t\t<div class=\"vamtam-has-theme-widget-styles elementor-element elementor-element-cc1c3fa elementor-widget elementor-widget-image\" data-id=\"cc1c3fa\" data-element_type=\"widget\" data-widget_type=\"image.default\">\n\t\t\t\t<div class=\"elementor-widget-container\">\n\t\t\t\t\t\t\t<div class=\"elementor-image\">\n\t\t\t\t\t\t\t\t\t\t\t\t\t\t\t\t\t\t\t\t\t<img decoding=\"async\" width=\"187\" height=\"164\" src=\"https:\/\/olilioli.md\/wp-content\/uploads\/2022\/03\/path.svg\" class=\"attachment-full size-full wp-image-56\" alt=\"\" \/>\t\t\t\t\t\t\t\t\t\t\t\t\t\t\t\t\t\t\t\t\t\t\t\t<\/div>\n\t\t\t\t\t\t<\/div>\n\t\t\t\t<\/div>\n\t\t\t\t\t<\/div>\n\t\t<\/div>\n\t\t\t\t<div class=\"elementor-column elementor-col-33 elementor-top-column elementor-element elementor-element-4f89a4c\" data-id=\"4f89a4c\" data-element_type=\"column\">\n\t\t\t<div class=\"elementor-widget-wrap elementor-element-populated\">\n\t\t\t\t\t\t\t\t<div class=\"elementor-element elementor-element-c02ec88 elementor-view-default elementor-widget elementor-widget-icon\" data-id=\"c02ec88\" data-element_type=\"widget\" data-widget_type=\"icon.default\">\n\t\t\t\t<div class=\"elementor-widget-container\">\n\t\t\t\t\t<div class=\"elementor-icon-wrapper\">\n\t\t\t<div class=\"elementor-icon\">\n\t\t\t<i aria-hidden=\"true\" class=\"vamtamtheme- vamtam-theme-cloud\"><\/i>\t\t\t<\/div>\n\t\t<\/div>\n\t\t\t\t<\/div>\n\t\t\t\t<\/div>\n\t\t\t\t\t<\/div>\n\t\t<\/div>\n\t\t\t\t\t\t\t<\/div>\n\t\t<\/section>\n\t\t\t\t\t\t\t<\/div>\n\t\t","protected":false},"excerpt":{"rendered":"<p>\u0425\u0430\u0440\u0430\u043a\u0442\u0435\u0440\u0438\u0441\u0442\u0438\u043a\u0438<br \/>\n\u0421\u0442\u0440\u0430\u043d\u0430 \u043f\u0440\u043e\u0438\u0437\u0432\u043e\u0434\u0441\u0442\u0432\u0430 - \u041c\u043e\u043b\u0434\u043e\u0432\u0430<br \/>\n\u2022 \u041c\u0430\u0442\u0435\u0440\u0438\u0430\u043b - \u0434\u0435\u0440\u0435\u0432\u044f\u043d\u043d\u0430\u044f \u0444\u0430\u043d\u0435\u0440\u0430<br \/>\n\u2022 Potrivit v\u00e2rstei &#8211; 0m+<br \/>\n\u2022 \u00cen\u0103l\u021bime &#8211; 11 cm<br \/>\n\u2022 L\u0103\u021bime &#8211; 8 cm<br \/>\n\u2022 Lungime &#8211; 16 cm<\/p>","protected":false},"featured_media":991018,"template":"","meta":{"om_disable_all_campaigns":false},"product_cat":[385,315],"product_tag":[],"class_list":["post-991024","product","type-product","status-publish","has-post-thumbnail","hentry","product_cat-jucarii","product_cat-carucior-pt-papusi2","product_shipping_class-intre-2-si-5-kg"],"yoast_head":"<!-- This site is optimized with the Yoast SEO plugin v27.4 - https:\/\/yoast.com\/product\/yoast-seo-wordpress\/ -->\n<title>Tractora\u0219ul din filmul &quot;Carbon&quot;. - Olilioli<\/title>\n<meta name=\"robots\" content=\"index, follow, max-snippet:-1, max-image-preview:large, max-video-preview:-1\" \/>\n<link rel=\"canonical\" href=\"https:\/\/olilioli.md\/ru\/magazin\/toate-produsele-olilioli\/jucarii\/tractoras-carbon\/\" \/>\n<meta property=\"og:locale\" content=\"ru_RU\" \/>\n<meta property=\"og:type\" content=\"article\" \/>\n<meta property=\"og:title\" content=\"Tractora\u0219ul din filmul &quot;Carbon&quot;. - Olilioli\" \/>\n<meta property=\"og:description\" content=\"Specificatii \u021aar\u0103 de produc\u021bie - Moldova \u2022 Material principal - placaj din lemn \u2022 Potrivit v\u00e2rstei - 0m+ \u2022 \u00cen\u0103l\u021bime - 11 cm \u2022 L\u0103\u021bime - 8 cm \u2022 Lungime - 16 cm\" \/>\n<meta property=\"og:url\" content=\"https:\/\/olilioli.md\/ru\/magazin\/toate-produsele-olilioli\/jucarii\/tractoras-carbon\/\" \/>\n<meta property=\"og:site_name\" content=\"Olilioli\" \/>\n<meta property=\"article:modified_time\" content=\"2025-03-30T21:51:12+00:00\" \/>\n<meta property=\"og:image\" content=\"https:\/\/olilioli.md\/wp-content\/uploads\/2024\/11\/tr02.jpg\" \/>\n\t<meta property=\"og:image:width\" content=\"778\" \/>\n\t<meta property=\"og:image:height\" content=\"778\" \/>\n\t<meta property=\"og:image:type\" content=\"image\/jpeg\" \/>\n<meta name=\"twitter:card\" content=\"summary_large_image\" \/>\n<script type=\"application\/ld+json\" class=\"yoast-schema-graph\">{\"@context\":\"https:\\\/\\\/schema.org\",\"@graph\":[{\"@type\":\"WebPage\",\"@id\":\"https:\\\/\\\/olilioli.md\\\/magazin\\\/toate-produsele-olilioli\\\/jucarii\\\/tractoras-carbon\\\/\",\"url\":\"https:\\\/\\\/olilioli.md\\\/magazin\\\/toate-produsele-olilioli\\\/jucarii\\\/tractoras-carbon\\\/\",\"name\":\"Tractora\u0219ul din filmul \\\"Carbon\\\". - Olilioli\",\"isPartOf\":{\"@id\":\"https:\\\/\\\/olilioli.md\\\/ru\\\/#website\"},\"primaryImageOfPage\":{\"@id\":\"https:\\\/\\\/olilioli.md\\\/magazin\\\/toate-produsele-olilioli\\\/jucarii\\\/tractoras-carbon\\\/#primaryimage\"},\"image\":{\"@id\":\"https:\\\/\\\/olilioli.md\\\/magazin\\\/toate-produsele-olilioli\\\/jucarii\\\/tractoras-carbon\\\/#primaryimage\"},\"thumbnailUrl\":\"https:\\\/\\\/olilioli.md\\\/wp-content\\\/uploads\\\/2024\\\/11\\\/tr02.jpg\",\"datePublished\":\"2024-11-16T15:20:01+00:00\",\"dateModified\":\"2025-03-30T21:51:12+00:00\",\"breadcrumb\":{\"@id\":\"https:\\\/\\\/olilioli.md\\\/magazin\\\/toate-produsele-olilioli\\\/jucarii\\\/tractoras-carbon\\\/#breadcrumb\"},\"inLanguage\":\"ru-RU\",\"potentialAction\":[{\"@type\":\"ReadAction\",\"target\":[\"https:\\\/\\\/olilioli.md\\\/magazin\\\/toate-produsele-olilioli\\\/jucarii\\\/tractoras-carbon\\\/\"]}]},{\"@type\":\"ImageObject\",\"inLanguage\":\"ru-RU\",\"@id\":\"https:\\\/\\\/olilioli.md\\\/magazin\\\/toate-produsele-olilioli\\\/jucarii\\\/tractoras-carbon\\\/#primaryimage\",\"url\":\"https:\\\/\\\/olilioli.md\\\/wp-content\\\/uploads\\\/2024\\\/11\\\/tr02.jpg\",\"contentUrl\":\"https:\\\/\\\/olilioli.md\\\/wp-content\\\/uploads\\\/2024\\\/11\\\/tr02.jpg\",\"width\":778,\"height\":778},{\"@type\":\"BreadcrumbList\",\"@id\":\"https:\\\/\\\/olilioli.md\\\/magazin\\\/toate-produsele-olilioli\\\/jucarii\\\/tractoras-carbon\\\/#breadcrumb\",\"itemListElement\":[{\"@type\":\"ListItem\",\"position\":1,\"name\":\"Prima pagin\u0103\",\"item\":\"https:\\\/\\\/olilioli.md\\\/ru\\\/\"},{\"@type\":\"ListItem\",\"position\":2,\"name\":\"Categorii\",\"item\":\"https:\\\/\\\/olilioli.md\\\/ru\\\/categorii\\\/\"},{\"@type\":\"ListItem\",\"position\":3,\"name\":\"Tractora\u0219ul din filmul &#8220;Carbon&#8221;.\"}]},{\"@type\":\"WebSite\",\"@id\":\"https:\\\/\\\/olilioli.md\\\/ru\\\/#website\",\"url\":\"https:\\\/\\\/olilioli.md\\\/ru\\\/\",\"name\":\"Olilioli\",\"description\":\"produse ecologice pentru copii\",\"publisher\":{\"@id\":\"https:\\\/\\\/olilioli.md\\\/ru\\\/#organization\"},\"potentialAction\":[{\"@type\":\"SearchAction\",\"target\":{\"@type\":\"EntryPoint\",\"urlTemplate\":\"https:\\\/\\\/olilioli.md\\\/ru\\\/?s={search_term_string}\"},\"query-input\":{\"@type\":\"PropertyValueSpecification\",\"valueRequired\":true,\"valueName\":\"search_term_string\"}}],\"inLanguage\":\"ru-RU\"},{\"@type\":\"Organization\",\"@id\":\"https:\\\/\\\/olilioli.md\\\/ru\\\/#organization\",\"name\":\"Olilioli\",\"url\":\"https:\\\/\\\/olilioli.md\\\/ru\\\/\",\"logo\":{\"@type\":\"ImageObject\",\"inLanguage\":\"ru-RU\",\"@id\":\"https:\\\/\\\/olilioli.md\\\/ru\\\/#\\\/schema\\\/logo\\\/image\\\/\",\"url\":\"https:\\\/\\\/olilioli.md\\\/wp-content\\\/uploads\\\/2023\\\/02\\\/olilioli_logo-min.png\",\"contentUrl\":\"https:\\\/\\\/olilioli.md\\\/wp-content\\\/uploads\\\/2023\\\/02\\\/olilioli_logo-min.png\",\"width\":138,\"height\":36,\"caption\":\"Olilioli\"},\"image\":{\"@id\":\"https:\\\/\\\/olilioli.md\\\/ru\\\/#\\\/schema\\\/logo\\\/image\\\/\"}}]}<\/script>\n<!-- \/ Yoast SEO plugin. -->","yoast_head_json":{"title":"Tractora\u0219ul din filmul \"Carbon\". - Olilioli","robots":{"index":"index","follow":"follow","max-snippet":"max-snippet:-1","max-image-preview":"max-image-preview:large","max-video-preview":"max-video-preview:-1"},"canonical":"https:\/\/olilioli.md\/ru\/magazin\/toate-produsele-olilioli\/jucarii\/tractoras-carbon\/","og_locale":"ru_RU","og_type":"article","og_title":"Tractora\u0219ul din filmul \"Carbon\". - Olilioli","og_description":"Specificatii \u021aar\u0103 de produc\u021bie - Moldova \u2022 Material principal - placaj din lemn \u2022 Potrivit v\u00e2rstei - 0m+ \u2022 \u00cen\u0103l\u021bime - 11 cm \u2022 L\u0103\u021bime - 8 cm \u2022 Lungime - 16 cm","og_url":"https:\/\/olilioli.md\/ru\/magazin\/toate-produsele-olilioli\/jucarii\/tractoras-carbon\/","og_site_name":"Olilioli","article_modified_time":"2025-03-30T21:51:12+00:00","og_image":[{"width":778,"height":778,"url":"https:\/\/olilioli.md\/wp-content\/uploads\/2024\/11\/tr02.jpg","type":"image\/jpeg"}],"twitter_card":"summary_large_image","schema":{"@context":"https:\/\/schema.org","@graph":[{"@type":"WebPage","@id":"https:\/\/olilioli.md\/magazin\/toate-produsele-olilioli\/jucarii\/tractoras-carbon\/","url":"https:\/\/olilioli.md\/magazin\/toate-produsele-olilioli\/jucarii\/tractoras-carbon\/","name":"Tractora\u0219ul din filmul \"Carbon\". - Olilioli","isPartOf":{"@id":"https:\/\/olilioli.md\/ru\/#website"},"primaryImageOfPage":{"@id":"https:\/\/olilioli.md\/magazin\/toate-produsele-olilioli\/jucarii\/tractoras-carbon\/#primaryimage"},"image":{"@id":"https:\/\/olilioli.md\/magazin\/toate-produsele-olilioli\/jucarii\/tractoras-carbon\/#primaryimage"},"thumbnailUrl":"https:\/\/olilioli.md\/wp-content\/uploads\/2024\/11\/tr02.jpg","datePublished":"2024-11-16T15:20:01+00:00","dateModified":"2025-03-30T21:51:12+00:00","breadcrumb":{"@id":"https:\/\/olilioli.md\/magazin\/toate-produsele-olilioli\/jucarii\/tractoras-carbon\/#breadcrumb"},"inLanguage":"ru-RU","potentialAction":[{"@type":"ReadAction","target":["https:\/\/olilioli.md\/magazin\/toate-produsele-olilioli\/jucarii\/tractoras-carbon\/"]}]},{"@type":"ImageObject","inLanguage":"ru-RU","@id":"https:\/\/olilioli.md\/magazin\/toate-produsele-olilioli\/jucarii\/tractoras-carbon\/#primaryimage","url":"https:\/\/olilioli.md\/wp-content\/uploads\/2024\/11\/tr02.jpg","contentUrl":"https:\/\/olilioli.md\/wp-content\/uploads\/2024\/11\/tr02.jpg","width":778,"height":778},{"@type":"BreadcrumbList","@id":"https:\/\/olilioli.md\/magazin\/toate-produsele-olilioli\/jucarii\/tractoras-carbon\/#breadcrumb","itemListElement":[{"@type":"ListItem","position":1,"name":"Prima pagin\u0103","item":"https:\/\/olilioli.md\/ru\/"},{"@type":"ListItem","position":2,"name":"Categorii","item":"https:\/\/olilioli.md\/ru\/categorii\/"},{"@type":"ListItem","position":3,"name":"Tractora\u0219ul din filmul &#8220;Carbon&#8221;."}]},{"@type":"WebSite","@id":"https:\/\/olilioli.md\/ru\/#website","url":"https:\/\/olilioli.md\/ru\/","name":"Olilioli","description":"produse ecologice pentru copii","publisher":{"@id":"https:\/\/olilioli.md\/ru\/#organization"},"potentialAction":[{"@type":"SearchAction","target":{"@type":"EntryPoint","urlTemplate":"https:\/\/olilioli.md\/ru\/?s={search_term_string}"},"query-input":{"@type":"PropertyValueSpecification","valueRequired":true,"valueName":"search_term_string"}}],"inLanguage":"ru-RU"},{"@type":"Organization","@id":"https:\/\/olilioli.md\/ru\/#organization","name":"Olilioli","url":"https:\/\/olilioli.md\/ru\/","logo":{"@type":"ImageObject","inLanguage":"ru-RU","@id":"https:\/\/olilioli.md\/ru\/#\/schema\/logo\/image\/","url":"https:\/\/olilioli.md\/wp-content\/uploads\/2023\/02\/olilioli_logo-min.png","contentUrl":"https:\/\/olilioli.md\/wp-content\/uploads\/2023\/02\/olilioli_logo-min.png","width":138,"height":36,"caption":"Olilioli"},"image":{"@id":"https:\/\/olilioli.md\/ru\/#\/schema\/logo\/image\/"}}]}},"wcpa_form_fields":null,"_links":{"self":[{"href":"http:\/\/olilioli.md\/ru\/wp-json\/wp\/v2\/product\/991024","targetHints":{"allow":["GET"]}}],"collection":[{"href":"http:\/\/olilioli.md\/ru\/wp-json\/wp\/v2\/product"}],"about":[{"href":"http:\/\/olilioli.md\/ru\/wp-json\/wp\/v2\/types\/product"}],"version-history":[{"count":0,"href":"http:\/\/olilioli.md\/ru\/wp-json\/wp\/v2\/product\/991024\/revisions"}],"wp:featuredmedia":[{"embeddable":true,"href":"http:\/\/olilioli.md\/ru\/wp-json\/wp\/v2\/media\/991018"}],"wp:attachment":[{"href":"http:\/\/olilioli.md\/ru\/wp-json\/wp\/v2\/media?parent=991024"}],"wp:term":[{"taxonomy":"product_cat","embeddable":true,"href":"http:\/\/olilioli.md\/ru\/wp-json\/wp\/v2\/product_cat?post=991024"},{"taxonomy":"product_tag","embeddable":true,"href":"http:\/\/olilioli.md\/ru\/wp-json\/wp\/v2\/product_tag?post=991024"}],"curies":[{"name":"wp","href":"https:\/\/api.w.org\/{rel}","templated":true}]}}