{"id":991265,"date":"2025-03-30T18:34:53","date_gmt":"2025-03-30T18:34:53","guid":{"rendered":"https:\/\/olilioli.md\/?post_type=product&#038;p=991265"},"modified":"2025-05-08T16:00:16","modified_gmt":"2025-05-08T16:00:16","slug":"balansoar","status":"publish","type":"product","link":"http:\/\/olilioli.md\/ru\/magazin\/toate-produsele-olilioli\/setul-pikler\/balansoar\/","title":{"rendered":"\u0410\u0440\u043a\u0430 - \u043a\u0430\u0447\u0430\u043b\u043a\u0430  2 \u0432 1"},"content":{"rendered":"<div data-elementor-type=\"product-post\" data-elementor-id=\"991265\" class=\"elementor elementor-991265\" data-elementor-post-type=\"product\">\n\t\t\t\t\t\t\t\t\t<section class=\"elementor-section elementor-top-section elementor-element elementor-element-02c9799 elementor-reverse-mobile elementor-section-boxed elementor-section-height-default elementor-section-height-default\" data-id=\"02c9799\" data-element_type=\"section\">\n\t\t\t\t\t\t<div class=\"elementor-container elementor-column-gap-no\">\n\t\t\t\t\t<div class=\"elementor-column elementor-col-33 elementor-top-column elementor-element elementor-element-4ff7689\" data-id=\"4ff7689\" data-element_type=\"column\">\n\t\t\t<div class=\"elementor-widget-wrap elementor-element-populated\">\n\t\t\t\t\t\t\t\t<div class=\"vamtam-has-theme-widget-styles elementor-element elementor-element-8b44a58 elementor-widget elementor-widget-image\" data-id=\"8b44a58\" data-element_type=\"widget\" data-widget_type=\"image.default\">\n\t\t\t\t<div class=\"elementor-widget-container\">\n\t\t\t<style>\/*! elementor - v3.17.0 - 25-10-2023 *\/\n.elementor-widget-image{text-align:center}.elementor-widget-image a{display:inline-block}.elementor-widget-image a img[src$=\".svg\"]{width:48px}.elementor-widget-image img{vertical-align:middle;display:inline-block}<\/style>\t\t\t\t<div class=\"elementor-image\">\n\t\t\t\t\t\t\t\t\t\t\t\t\t\t\t\t\t\t\t\t\t<img decoding=\"async\" width=\"300\" height=\"279\" src=\"https:\/\/olilioli.md\/wp-content\/uploads\/2025\/03\/copac-e1743333667990-300x279.png\" class=\"attachment-medium size-medium wp-image-991119\" alt=\"\" srcset=\"https:\/\/olilioli.md\/wp-content\/uploads\/2025\/03\/copac-e1743333667990-300x279.png 300w, https:\/\/olilioli.md\/wp-content\/uploads\/2025\/03\/copac-e1743333667990-13x12.png 13w, https:\/\/olilioli.md\/wp-content\/uploads\/2025\/03\/copac-e1743333667990-630x585.png 630w, https:\/\/olilioli.md\/wp-content\/uploads\/2025\/03\/copac-e1743333667990.png 672w\" sizes=\"(max-width: 300px) 100vw, 300px\" \/>\t\t\t\t\t\t\t\t\t\t\t\t\t\t\t\t\t\t\t\t\t\t\t\t<\/div>\n\t\t\t\t\t\t<\/div>\n\t\t\t\t<\/div>\n\t\t\t\t\t<\/div>\n\t\t<\/div>\n\t\t\t\t<div class=\"elementor-column elementor-col-33 elementor-top-column elementor-element elementor-element-984000b\" data-id=\"984000b\" data-element_type=\"column\" data-settings=\"{&quot;background_background&quot;:&quot;classic&quot;}\">\n\t\t\t<div class=\"elementor-widget-wrap elementor-element-populated\">\n\t\t\t\t\t\t\t\t<div class=\"elementor-element elementor-element-f9d7f5e elementor-widget__width-auto elementor-widget elementor-widget-heading\" data-id=\"f9d7f5e\" data-element_type=\"widget\" data-widget_type=\"heading.default\">\n\t\t\t\t<div class=\"elementor-widget-container\">\n\t\t\t<style>\/*! elementor - v3.17.0 - 25-10-2023 *\/\n.elementor-heading-title{padding:0;margin:0;line-height:1}.elementor-widget-heading .elementor-heading-title[class*=elementor-size-]>a{color:inherit;font-size:inherit;line-height:inherit}.elementor-widget-heading .elementor-heading-title.elementor-size-small{font-size:15px}.elementor-widget-heading .elementor-heading-title.elementor-size-medium{font-size:19px}.elementor-widget-heading .elementor-heading-title.elementor-size-large{font-size:29px}.elementor-widget-heading .elementor-heading-title.elementor-size-xl{font-size:39px}.elementor-widget-heading .elementor-heading-title.elementor-size-xxl{font-size:59px}<\/style><h2 class=\"elementor-heading-title elementor-size-default\">\u041e\u043f\u0438\u0441\u0430\u043d\u0438\u0435<\/h2>\t\t<\/div>\n\t\t\t\t<\/div>\n\t\t\t\t<div class=\"elementor-element elementor-element-e542b11 elementor-widget elementor-widget-text-editor\" data-id=\"e542b11\" data-element_type=\"widget\" data-widget_type=\"text-editor.default\">\n\t\t\t\t<div class=\"elementor-widget-container\">\n\t\t\t<style>\/*! elementor - v3.17.0 - 25-10-2023 *\/\n.elementor-widget-text-editor.elementor-drop-cap-view-stacked .elementor-drop-cap{background-color:#69727d;color:#fff}.elementor-widget-text-editor.elementor-drop-cap-view-framed .elementor-drop-cap{color:#69727d;border:3px solid;background-color:transparent}.elementor-widget-text-editor:not(.elementor-drop-cap-view-default) .elementor-drop-cap{margin-top:8px}.elementor-widget-text-editor:not(.elementor-drop-cap-view-default) .elementor-drop-cap-letter{width:1em;height:1em}.elementor-widget-text-editor .elementor-drop-cap{float:left;text-align:center;line-height:1;font-size:50px}.elementor-widget-text-editor .elementor-drop-cap-letter{display:inline-block}<\/style>\t\t\t\t<div dir=\"auto\" data-message-author-role=\"assistant\" data-message-id=\"04aa12d5-3f3a-43b1-a6d7-33b949df2feb\" data-message-model-slug=\"gpt-4o\"><h3><span style=\"color: #000000;\">Balansoar\/Arca <strong>Pikler &#8211; <\/strong><\/span><span style=\"color: #000000;\"><strong>Joac\u0103 activ\u0103, relaxare \u0219i \u00eenv\u0103\u021bare \u00eentr-un singur produs!\u00a0\u00a0<\/strong><\/span><\/h3><h5 data-start=\"89\" data-end=\"320\">Balansoarul Pikler de la Oli.Lioli este un element esen\u021bial pentru dezvoltarea echilibrului, coordon\u0103rii \u0219i imagina\u021biei copilului.<\/h5><p class=\"\" data-start=\"219\" data-end=\"609\"><strong data-start=\"313\" data-end=\"344\">\u00a0 \u00a0 \u00a0 \u00a0 \u00a0 \u00a0 \u00a0 \u00a0 \u00a0 \u00a0 \u00a0 \u00a0 \u00a0 \u00a0 \u00a0 \u00a0 \u00a0 \u00a0 \u00a0 \u00a0 \u00a0 3 func\u021bionalit\u0103\u021bi versatile<\/strong>:<br data-start=\"345\" data-end=\"348\" \/>\u2705 <strong data-start=\"350\" data-end=\"369\">Arc\u0103 de c\u0103\u021b\u0103rat<\/strong> \u2013 Stimuleaz\u0103 coordonarea mi\u0219c\u0103rilor \u0219i \u00eent\u0103re\u0219te musculatura.<br data-start=\"431\" data-end=\"434\" \/>\u2705 <strong data-start=\"436\" data-end=\"468\">Balansoar \u00een form\u0103 de urs \ud83d\udc3b<\/strong> \u2013 Ideal pentru momente de echilibru \u0219i relaxare.<br data-start=\"517\" data-end=\"520\" \/>\u2705 <strong data-start=\"522\" data-end=\"549\">M\u0103su\u021b\u0103 multifunc\u021bional\u0103<\/strong> \u2013 Perfect\u0103 pentru joac\u0103, activit\u0103\u021bi creative sau gust\u0103ri.<\/p><p class=\"\" data-start=\"219\" data-end=\"609\"><strong data-start=\"614\" data-end=\"651\">\u2705Transformabil \u00eentr-un mini cort \u26fa<\/strong> \u2013 Creeaz\u0103 un spa\u021biu magic pentru ascunzi\u0219uri \u0219i jocuri de rol.<\/p><p class=\"\" data-start=\"219\" data-end=\"609\"><br data-start=\"714\" data-end=\"717\" \/>\ud83d\udd39 <strong data-start=\"720\" data-end=\"740\">Sigur \u0219i durabil<\/strong> \u2013 Fabricat din lemn, cu margini rotunjite \u0219i finisaje fine.<br data-start=\"808\" data-end=\"811\" \/>\ud83d\udd39 <strong data-start=\"814\" data-end=\"832\">Design compact<\/strong> \u2013 Se integreaz\u0103 armonios \u00een orice camer\u0103.<br data-start=\"874\" data-end=\"877\" \/>\ud83d\udd39 <strong data-start=\"880\" data-end=\"904\">Stimuleaz\u0103 autonomia<\/strong> \u2013 Copiii descoper\u0103 singuri noi moduri de utilizare.<\/p><p class=\"\" data-start=\"960\" data-end=\"1048\">Un produs versatil, care cre\u0219te odat\u0103 cu copilul \u0219i face din fiecare zi o nou\u0103 aventur\u0103!<\/p><\/div>\t\t\t\t\t\t<\/div>\n\t\t\t\t<\/div>\n\t\t\t\t<div class=\"elementor-element elementor-element-6dab54d elementor-widget elementor-widget-text-editor\" data-id=\"6dab54d\" data-element_type=\"widget\" data-widget_type=\"text-editor.default\">\n\t\t\t\t<div class=\"elementor-widget-container\">\n\t\t\t\t\t\t\t\t\t\t\t\t\t<\/div>\n\t\t\t\t<\/div>\n\t\t\t\t\t<\/div>\n\t\t<\/div>\n\t\t\t\t<div class=\"elementor-column elementor-col-33 elementor-top-column elementor-element elementor-element-4f89a4c\" data-id=\"4f89a4c\" data-element_type=\"column\">\n\t\t\t<div class=\"elementor-widget-wrap elementor-element-populated\">\n\t\t\t\t\t\t\t\t<div class=\"elementor-element elementor-element-c02ec88 elementor-view-default elementor-widget elementor-widget-icon\" data-id=\"c02ec88\" data-element_type=\"widget\" data-widget_type=\"icon.default\">\n\t\t\t\t<div class=\"elementor-widget-container\">\n\t\t\t\t\t<div class=\"elementor-icon-wrapper\">\n\t\t\t<div class=\"elementor-icon\">\n\t\t\t<i aria-hidden=\"true\" class=\"vamtamtheme- vamtam-theme-cloud\"><\/i>\t\t\t<\/div>\n\t\t<\/div>\n\t\t\t\t<\/div>\n\t\t\t\t<\/div>\n\t\t\t\t\t<\/div>\n\t\t<\/div>\n\t\t\t\t\t\t\t<\/div>\n\t\t<\/section>\n\t\t\t\t\t\t\t<\/div>","protected":false},"excerpt":{"rendered":"<h4><span style=\"color: #008080;\"><strong>Salteaua nu este inclus\u0103 \u00een pre\u021b<\/strong><\/span><\/h4>\n<p>\u0425\u0430\u0440\u0430\u043a\u0442\u0435\u0440\u0438\u0441\u0442\u0438\u043a\u0438<\/p>\n<p>\u0421\u0442\u0440\u0430\u043d\u0430 \u043f\u0440\u043e\u0438\u0437\u0432\u043e\u0434\u0441\u0442\u0432\u0430 - \u041c\u043e\u043b\u0434\u043e\u0432\u0430<br \/>\n\u2022 \u041c\u0430\u0442\u0435\u0440\u0438\u0430\u043b - \u0434\u0435\u0440\u0435\u0432\u044f\u043d\u043d\u0430\u044f \u0444\u0430\u043d\u0435\u0440\u0430<br \/>\n\u2022 \u0421\u043e\u043e\u0442\u0432\u0435\u0442\u0441\u0442\u0432\u0443\u0435\u0442 \u0432\u043e\u0437\u0440\u0430\u0441\u0442\u0443 - 2 \u0433\u043e\u0434\u0430 +<br \/>\n\u2022 \u041a\u0440\u0430\u0441\u043a\u0430 \u043d\u0430 \u0432\u043e\u0434\u043d\u043e\u0439 \u043e\u0441\u043d\u043e\u0432\u0435<\/p>","protected":false},"featured_media":991096,"template":"","meta":{"om_disable_all_campaigns":false},"product_cat":[389,354,315],"product_tag":[],"class_list":["post-991265","product","type-product","status-publish","has-post-thumbnail","hentry","product_cat-setul-pikler","product_cat-toate-produsele-olilioli","product_cat-carucior-pt-papusi2","product_shipping_class-intre-2-si-5-kg"],"yoast_head":"<!-- This site is optimized with the Yoast SEO plugin v24.4 - https:\/\/yoast.com\/wordpress\/plugins\/seo\/ -->\n<title>Balansoar 2 \u00een 1 - Olilioli<\/title>\n<meta name=\"description\" content=\"\ud83d\udd39Balansoar\/Leag\u0103n de relaxare \u2013 ofer\u0103 un loc ideal pentru citirea basmelor preferate \u0219i, \u00een acela\u0219i timp, ajut\u0103 copilul s\u0103 \u00ee\u0219i testeze echilibrul \u0219i s\u0103 \u00ee\u0219i dezvolte coordonarea prin mi\u0219c\u0103ri line \u0219i controlate.\" \/>\n<meta name=\"robots\" content=\"index, follow, max-snippet:-1, max-image-preview:large, max-video-preview:-1\" \/>\n<link rel=\"canonical\" href=\"http:\/\/olilioli.md\/ru\/magazin\/toate-produsele-olilioli\/setul-pikler\/balansoar\/\" \/>\n<meta property=\"og:locale\" content=\"ru_RU\" \/>\n<meta property=\"og:type\" content=\"article\" \/>\n<meta property=\"og:title\" content=\"Balansoar 2 \u00een 1 - Olilioli\" \/>\n<meta property=\"og:description\" content=\"\ud83d\udd39Balansoar\/Leag\u0103n de relaxare \u2013 ofer\u0103 un loc ideal pentru citirea basmelor preferate \u0219i, \u00een acela\u0219i timp, ajut\u0103 copilul s\u0103 \u00ee\u0219i testeze echilibrul \u0219i s\u0103 \u00ee\u0219i dezvolte coordonarea prin mi\u0219c\u0103ri line \u0219i controlate.\" \/>\n<meta property=\"og:url\" content=\"http:\/\/olilioli.md\/ru\/magazin\/toate-produsele-olilioli\/setul-pikler\/balansoar\/\" \/>\n<meta property=\"og:site_name\" content=\"Olilioli\" \/>\n<meta property=\"article:modified_time\" content=\"2025-05-08T16:00:16+00:00\" \/>\n<meta property=\"og:image\" content=\"https:\/\/olilioli.md\/wp-content\/uploads\/2025\/03\/DSC_4348-\u043a\u043e\u043f\u0438\u044f-min-scaled.jpg\" \/>\n\t<meta property=\"og:image:width\" content=\"2048\" \/>\n\t<meta property=\"og:image:height\" content=\"2560\" \/>\n\t<meta property=\"og:image:type\" content=\"image\/jpeg\" \/>\n<meta name=\"twitter:card\" content=\"summary_large_image\" \/>\n<meta name=\"twitter:label1\" content=\"\u041f\u0440\u0438\u043c\u0435\u0440\u043d\u043e\u0435 \u0432\u0440\u0435\u043c\u044f \u0434\u043b\u044f \u0447\u0442\u0435\u043d\u0438\u044f\" \/>\n\t<meta name=\"twitter:data1\" content=\"2 \u043c\u0438\u043d\u0443\u0442\u044b\" \/>\n<script type=\"application\/ld+json\" class=\"yoast-schema-graph\">{\"@context\":\"https:\/\/schema.org\",\"@graph\":[{\"@type\":\"WebPage\",\"@id\":\"http:\/\/olilioli.md\/ru\/magazin\/toate-produsele-olilioli\/setul-pikler\/balansoar\/\",\"url\":\"http:\/\/olilioli.md\/ru\/magazin\/toate-produsele-olilioli\/setul-pikler\/balansoar\/\",\"name\":\"Balansoar 2 \u00een 1 - Olilioli\",\"isPartOf\":{\"@id\":\"http:\/\/olilioli.md\/ru\/#website\"},\"primaryImageOfPage\":{\"@id\":\"http:\/\/olilioli.md\/ru\/magazin\/toate-produsele-olilioli\/setul-pikler\/balansoar\/#primaryimage\"},\"image\":{\"@id\":\"http:\/\/olilioli.md\/ru\/magazin\/toate-produsele-olilioli\/setul-pikler\/balansoar\/#primaryimage\"},\"thumbnailUrl\":\"https:\/\/olilioli.md\/wp-content\/uploads\/2025\/03\/DSC_4348-\u043a\u043e\u043f\u0438\u044f-min-scaled.jpg\",\"datePublished\":\"2025-03-30T18:34:53+00:00\",\"dateModified\":\"2025-05-08T16:00:16+00:00\",\"description\":\"\ud83d\udd39Balansoar\/Leag\u0103n de relaxare \u2013 ofer\u0103 un loc ideal pentru citirea basmelor preferate \u0219i, \u00een acela\u0219i timp, ajut\u0103 copilul s\u0103 \u00ee\u0219i testeze echilibrul \u0219i s\u0103 \u00ee\u0219i dezvolte coordonarea prin mi\u0219c\u0103ri line \u0219i controlate.\",\"breadcrumb\":{\"@id\":\"http:\/\/olilioli.md\/ru\/magazin\/toate-produsele-olilioli\/setul-pikler\/balansoar\/#breadcrumb\"},\"inLanguage\":\"ru-RU\",\"potentialAction\":[{\"@type\":\"ReadAction\",\"target\":[\"http:\/\/olilioli.md\/ru\/magazin\/toate-produsele-olilioli\/setul-pikler\/balansoar\/\"]}]},{\"@type\":\"ImageObject\",\"inLanguage\":\"ru-RU\",\"@id\":\"http:\/\/olilioli.md\/ru\/magazin\/toate-produsele-olilioli\/setul-pikler\/balansoar\/#primaryimage\",\"url\":\"https:\/\/olilioli.md\/wp-content\/uploads\/2025\/03\/DSC_4348-\u043a\u043e\u043f\u0438\u044f-min-scaled.jpg\",\"contentUrl\":\"https:\/\/olilioli.md\/wp-content\/uploads\/2025\/03\/DSC_4348-\u043a\u043e\u043f\u0438\u044f-min-scaled.jpg\",\"width\":2048,\"height\":2560},{\"@type\":\"BreadcrumbList\",\"@id\":\"http:\/\/olilioli.md\/ru\/magazin\/toate-produsele-olilioli\/setul-pikler\/balansoar\/#breadcrumb\",\"itemListElement\":[{\"@type\":\"ListItem\",\"position\":1,\"name\":\"Prima pagin\u0103\",\"item\":\"http:\/\/olilioli.md\/ru\/\"},{\"@type\":\"ListItem\",\"position\":2,\"name\":\"Categorii\",\"item\":\"https:\/\/olilioli.md\/ru\/categorii\/\"},{\"@type\":\"ListItem\",\"position\":3,\"name\":\"Balansoar 2 \u00een 1\"}]},{\"@type\":\"WebSite\",\"@id\":\"http:\/\/olilioli.md\/ru\/#website\",\"url\":\"http:\/\/olilioli.md\/ru\/\",\"name\":\"Olilioli\",\"description\":\"produse ecologice pentru copii\",\"publisher\":{\"@id\":\"http:\/\/olilioli.md\/ru\/#organization\"},\"potentialAction\":[{\"@type\":\"SearchAction\",\"target\":{\"@type\":\"EntryPoint\",\"urlTemplate\":\"http:\/\/olilioli.md\/ru\/?s={search_term_string}\"},\"query-input\":{\"@type\":\"PropertyValueSpecification\",\"valueRequired\":true,\"valueName\":\"search_term_string\"}}],\"inLanguage\":\"ru-RU\"},{\"@type\":\"Organization\",\"@id\":\"http:\/\/olilioli.md\/ru\/#organization\",\"name\":\"Olilioli\",\"url\":\"http:\/\/olilioli.md\/ru\/\",\"logo\":{\"@type\":\"ImageObject\",\"inLanguage\":\"ru-RU\",\"@id\":\"http:\/\/olilioli.md\/ru\/#\/schema\/logo\/image\/\",\"url\":\"https:\/\/olilioli.md\/wp-content\/uploads\/2023\/02\/olilioli_logo-min.png\",\"contentUrl\":\"https:\/\/olilioli.md\/wp-content\/uploads\/2023\/02\/olilioli_logo-min.png\",\"width\":138,\"height\":36,\"caption\":\"Olilioli\"},\"image\":{\"@id\":\"http:\/\/olilioli.md\/ru\/#\/schema\/logo\/image\/\"}}]}<\/script>\n<!-- \/ Yoast SEO plugin. -->","yoast_head_json":{"title":"Balansoar 2 \u00een 1 - Olilioli","description":"\ud83d\udd39Balansoar\/Leag\u0103n de relaxare \u2013 ofer\u0103 un loc ideal pentru citirea basmelor preferate \u0219i, \u00een acela\u0219i timp, ajut\u0103 copilul s\u0103 \u00ee\u0219i testeze echilibrul \u0219i s\u0103 \u00ee\u0219i dezvolte coordonarea prin mi\u0219c\u0103ri line \u0219i controlate.","robots":{"index":"index","follow":"follow","max-snippet":"max-snippet:-1","max-image-preview":"max-image-preview:large","max-video-preview":"max-video-preview:-1"},"canonical":"http:\/\/olilioli.md\/ru\/magazin\/toate-produsele-olilioli\/setul-pikler\/balansoar\/","og_locale":"ru_RU","og_type":"article","og_title":"Balansoar 2 \u00een 1 - Olilioli","og_description":"\ud83d\udd39Balansoar\/Leag\u0103n de relaxare \u2013 ofer\u0103 un loc ideal pentru citirea basmelor preferate \u0219i, \u00een acela\u0219i timp, ajut\u0103 copilul s\u0103 \u00ee\u0219i testeze echilibrul \u0219i s\u0103 \u00ee\u0219i dezvolte coordonarea prin mi\u0219c\u0103ri line \u0219i controlate.","og_url":"http:\/\/olilioli.md\/ru\/magazin\/toate-produsele-olilioli\/setul-pikler\/balansoar\/","og_site_name":"Olilioli","article_modified_time":"2025-05-08T16:00:16+00:00","og_image":[{"width":2048,"height":2560,"url":"https:\/\/olilioli.md\/wp-content\/uploads\/2025\/03\/DSC_4348-\u043a\u043e\u043f\u0438\u044f-min-scaled.jpg","type":"image\/jpeg"}],"twitter_card":"summary_large_image","twitter_misc":{"\u041f\u0440\u0438\u043c\u0435\u0440\u043d\u043e\u0435 \u0432\u0440\u0435\u043c\u044f \u0434\u043b\u044f \u0447\u0442\u0435\u043d\u0438\u044f":"2 \u043c\u0438\u043d\u0443\u0442\u044b"},"schema":{"@context":"https:\/\/schema.org","@graph":[{"@type":"WebPage","@id":"http:\/\/olilioli.md\/ru\/magazin\/toate-produsele-olilioli\/setul-pikler\/balansoar\/","url":"http:\/\/olilioli.md\/ru\/magazin\/toate-produsele-olilioli\/setul-pikler\/balansoar\/","name":"Balansoar 2 \u00een 1 - Olilioli","isPartOf":{"@id":"http:\/\/olilioli.md\/ru\/#website"},"primaryImageOfPage":{"@id":"http:\/\/olilioli.md\/ru\/magazin\/toate-produsele-olilioli\/setul-pikler\/balansoar\/#primaryimage"},"image":{"@id":"http:\/\/olilioli.md\/ru\/magazin\/toate-produsele-olilioli\/setul-pikler\/balansoar\/#primaryimage"},"thumbnailUrl":"https:\/\/olilioli.md\/wp-content\/uploads\/2025\/03\/DSC_4348-\u043a\u043e\u043f\u0438\u044f-min-scaled.jpg","datePublished":"2025-03-30T18:34:53+00:00","dateModified":"2025-05-08T16:00:16+00:00","description":"\ud83d\udd39Balansoar\/Leag\u0103n de relaxare \u2013 ofer\u0103 un loc ideal pentru citirea basmelor preferate \u0219i, \u00een acela\u0219i timp, ajut\u0103 copilul s\u0103 \u00ee\u0219i testeze echilibrul \u0219i s\u0103 \u00ee\u0219i dezvolte coordonarea prin mi\u0219c\u0103ri line \u0219i controlate.","breadcrumb":{"@id":"http:\/\/olilioli.md\/ru\/magazin\/toate-produsele-olilioli\/setul-pikler\/balansoar\/#breadcrumb"},"inLanguage":"ru-RU","potentialAction":[{"@type":"ReadAction","target":["http:\/\/olilioli.md\/ru\/magazin\/toate-produsele-olilioli\/setul-pikler\/balansoar\/"]}]},{"@type":"ImageObject","inLanguage":"ru-RU","@id":"http:\/\/olilioli.md\/ru\/magazin\/toate-produsele-olilioli\/setul-pikler\/balansoar\/#primaryimage","url":"https:\/\/olilioli.md\/wp-content\/uploads\/2025\/03\/DSC_4348-\u043a\u043e\u043f\u0438\u044f-min-scaled.jpg","contentUrl":"https:\/\/olilioli.md\/wp-content\/uploads\/2025\/03\/DSC_4348-\u043a\u043e\u043f\u0438\u044f-min-scaled.jpg","width":2048,"height":2560},{"@type":"BreadcrumbList","@id":"http:\/\/olilioli.md\/ru\/magazin\/toate-produsele-olilioli\/setul-pikler\/balansoar\/#breadcrumb","itemListElement":[{"@type":"ListItem","position":1,"name":"Prima pagin\u0103","item":"http:\/\/olilioli.md\/ru\/"},{"@type":"ListItem","position":2,"name":"Categorii","item":"https:\/\/olilioli.md\/ru\/categorii\/"},{"@type":"ListItem","position":3,"name":"Balansoar 2 \u00een 1"}]},{"@type":"WebSite","@id":"http:\/\/olilioli.md\/ru\/#website","url":"http:\/\/olilioli.md\/ru\/","name":"Olilioli","description":"produse ecologice pentru copii","publisher":{"@id":"http:\/\/olilioli.md\/ru\/#organization"},"potentialAction":[{"@type":"SearchAction","target":{"@type":"EntryPoint","urlTemplate":"http:\/\/olilioli.md\/ru\/?s={search_term_string}"},"query-input":{"@type":"PropertyValueSpecification","valueRequired":true,"valueName":"search_term_string"}}],"inLanguage":"ru-RU"},{"@type":"Organization","@id":"http:\/\/olilioli.md\/ru\/#organization","name":"Olilioli","url":"http:\/\/olilioli.md\/ru\/","logo":{"@type":"ImageObject","inLanguage":"ru-RU","@id":"http:\/\/olilioli.md\/ru\/#\/schema\/logo\/image\/","url":"https:\/\/olilioli.md\/wp-content\/uploads\/2023\/02\/olilioli_logo-min.png","contentUrl":"https:\/\/olilioli.md\/wp-content\/uploads\/2023\/02\/olilioli_logo-min.png","width":138,"height":36,"caption":"Olilioli"},"image":{"@id":"http:\/\/olilioli.md\/ru\/#\/schema\/logo\/image\/"}}]}},"wcpa_form_fields":null,"_links":{"self":[{"href":"http:\/\/olilioli.md\/ru\/wp-json\/wp\/v2\/product\/991265","targetHints":{"allow":["GET"]}}],"collection":[{"href":"http:\/\/olilioli.md\/ru\/wp-json\/wp\/v2\/product"}],"about":[{"href":"http:\/\/olilioli.md\/ru\/wp-json\/wp\/v2\/types\/product"}],"version-history":[{"count":18,"href":"http:\/\/olilioli.md\/ru\/wp-json\/wp\/v2\/product\/991265\/revisions"}],"predecessor-version":[{"id":991465,"href":"http:\/\/olilioli.md\/ru\/wp-json\/wp\/v2\/product\/991265\/revisions\/991465"}],"wp:featuredmedia":[{"embeddable":true,"href":"http:\/\/olilioli.md\/ru\/wp-json\/wp\/v2\/media\/991096"}],"wp:attachment":[{"href":"http:\/\/olilioli.md\/ru\/wp-json\/wp\/v2\/media?parent=991265"}],"wp:term":[{"taxonomy":"product_cat","embeddable":true,"href":"http:\/\/olilioli.md\/ru\/wp-json\/wp\/v2\/product_cat?post=991265"},{"taxonomy":"product_tag","embeddable":true,"href":"http:\/\/olilioli.md\/ru\/wp-json\/wp\/v2\/product_tag?post=991265"}],"curies":[{"name":"wp","href":"https:\/\/api.w.org\/{rel}","templated":true}]}}