{"id":991345,"date":"2025-04-02T13:34:48","date_gmt":"2025-04-02T13:34:48","guid":{"rendered":"https:\/\/olilioli.md\/?post_type=product&#038;p=991345"},"modified":"2025-05-08T16:04:52","modified_gmt":"2025-05-08T16:04:52","slug":"saltea-pentru-balansoar","status":"publish","type":"product","link":"http:\/\/olilioli.md\/ru\/magazin\/toate-produsele-olilioli\/setul-pikler\/saltea-pentru-balansoar\/","title":{"rendered":"Saltea pentru Balansoar"},"content":{"rendered":"<div data-elementor-type=\"product-post\" data-elementor-id=\"991345\" class=\"elementor elementor-991345\" data-elementor-post-type=\"product\">\n\t\t\t\t\t\t\t\t\t<section class=\"elementor-section elementor-top-section elementor-element elementor-element-02c9799 elementor-reverse-mobile elementor-section-boxed elementor-section-height-default elementor-section-height-default\" data-id=\"02c9799\" data-element_type=\"section\">\n\t\t\t\t\t\t<div class=\"elementor-container elementor-column-gap-no\">\n\t\t\t\t\t<div class=\"elementor-column elementor-col-33 elementor-top-column elementor-element elementor-element-4ff7689\" data-id=\"4ff7689\" data-element_type=\"column\">\n\t\t\t<div class=\"elementor-widget-wrap elementor-element-populated\">\n\t\t\t\t\t\t\t\t<div class=\"vamtam-has-theme-widget-styles elementor-element elementor-element-8b44a58 elementor-widget elementor-widget-image\" data-id=\"8b44a58\" data-element_type=\"widget\" data-widget_type=\"image.default\">\n\t\t\t\t<div class=\"elementor-widget-container\">\n\t\t\t<style>\/*! elementor - v3.17.0 - 25-10-2023 *\/\n.elementor-widget-image{text-align:center}.elementor-widget-image a{display:inline-block}.elementor-widget-image a img[src$=\".svg\"]{width:48px}.elementor-widget-image img{vertical-align:middle;display:inline-block}<\/style>\t\t\t\t<div class=\"elementor-image\">\n\t\t\t\t\t\t\t\t\t\t\t\t\t\t\t\t\t\t\t\t\t<img decoding=\"async\" width=\"300\" height=\"279\" src=\"https:\/\/olilioli.md\/wp-content\/uploads\/2025\/03\/copac-e1743333667990-300x279.png\" class=\"attachment-medium size-medium wp-image-991119\" alt=\"\" srcset=\"https:\/\/olilioli.md\/wp-content\/uploads\/2025\/03\/copac-e1743333667990-300x279.png 300w, https:\/\/olilioli.md\/wp-content\/uploads\/2025\/03\/copac-e1743333667990-13x12.png 13w, https:\/\/olilioli.md\/wp-content\/uploads\/2025\/03\/copac-e1743333667990-630x585.png 630w, https:\/\/olilioli.md\/wp-content\/uploads\/2025\/03\/copac-e1743333667990.png 672w\" sizes=\"(max-width: 300px) 100vw, 300px\" \/>\t\t\t\t\t\t\t\t\t\t\t\t\t\t\t\t\t\t\t\t\t\t\t\t<\/div>\n\t\t\t\t\t\t<\/div>\n\t\t\t\t<\/div>\n\t\t\t\t\t<\/div>\n\t\t<\/div>\n\t\t\t\t<div class=\"elementor-column elementor-col-33 elementor-top-column elementor-element elementor-element-984000b\" data-id=\"984000b\" data-element_type=\"column\" data-settings=\"{&quot;background_background&quot;:&quot;classic&quot;}\">\n\t\t\t<div class=\"elementor-widget-wrap elementor-element-populated\">\n\t\t\t\t\t\t\t\t<div class=\"elementor-element elementor-element-f9d7f5e elementor-widget__width-auto elementor-widget elementor-widget-heading\" data-id=\"f9d7f5e\" data-element_type=\"widget\" data-widget_type=\"heading.default\">\n\t\t\t\t<div class=\"elementor-widget-container\">\n\t\t\t<style>\/*! elementor - v3.17.0 - 25-10-2023 *\/\n.elementor-heading-title{padding:0;margin:0;line-height:1}.elementor-widget-heading .elementor-heading-title[class*=elementor-size-]>a{color:inherit;font-size:inherit;line-height:inherit}.elementor-widget-heading .elementor-heading-title.elementor-size-small{font-size:15px}.elementor-widget-heading .elementor-heading-title.elementor-size-medium{font-size:19px}.elementor-widget-heading .elementor-heading-title.elementor-size-large{font-size:29px}.elementor-widget-heading .elementor-heading-title.elementor-size-xl{font-size:39px}.elementor-widget-heading .elementor-heading-title.elementor-size-xxl{font-size:59px}<\/style><h2 class=\"elementor-heading-title elementor-size-default\">\u041e\u043f\u0438\u0441\u0430\u043d\u0438\u0435<\/h2>\t\t<\/div>\n\t\t\t\t<\/div>\n\t\t\t\t<div class=\"elementor-element elementor-element-e542b11 elementor-widget elementor-widget-text-editor\" data-id=\"e542b11\" data-element_type=\"widget\" data-widget_type=\"text-editor.default\">\n\t\t\t\t<div class=\"elementor-widget-container\">\n\t\t\t<style>\/*! elementor - v3.17.0 - 25-10-2023 *\/\n.elementor-widget-text-editor.elementor-drop-cap-view-stacked .elementor-drop-cap{background-color:#69727d;color:#fff}.elementor-widget-text-editor.elementor-drop-cap-view-framed .elementor-drop-cap{color:#69727d;border:3px solid;background-color:transparent}.elementor-widget-text-editor:not(.elementor-drop-cap-view-default) .elementor-drop-cap{margin-top:8px}.elementor-widget-text-editor:not(.elementor-drop-cap-view-default) .elementor-drop-cap-letter{width:1em;height:1em}.elementor-widget-text-editor .elementor-drop-cap{float:left;text-align:center;line-height:1;font-size:50px}.elementor-widget-text-editor .elementor-drop-cap-letter{display:inline-block}<\/style>\t\t\t\t<div dir=\"auto\" data-message-author-role=\"assistant\" data-message-id=\"04aa12d5-3f3a-43b1-a6d7-33b949df2feb\" data-message-model-slug=\"gpt-4o\"><h3>Saltea moale pentru balansoar \u2013 Confort suplimentar pentru joac\u0103 \u0219i relaxare!<\/h3><h4><span style=\"color: #808080;\">Salteaua moale \u0219i rezistent\u0103 ofer\u0103 un plus de confort balansoarului, transform\u00e2ndu-l \u00eentr-un loc perfect pentru relaxare, citit sau joac\u0103. <\/span><\/h4><h4><span style=\"color: #808080;\">Fabricat\u0103 din materiale sigure, cu hus\u0103 din bumbac pl\u0103cut la atingere \u0219i umplutur\u0103 durabil\u0103, asigur\u0103 sus\u021binere optim\u0103 \u0219i protec\u021bie suplimentar\u0103.<\/span><\/h4><h4><span style=\"color: #808080;\"> U\u0219or de fixat \u0219i \u00eentre\u021binut!<\/span><\/h4><p class=\"\" data-start=\"960\" data-end=\"1048\">\u00a0<\/p><\/div>\t\t\t\t\t\t<\/div>\n\t\t\t\t<\/div>\n\t\t\t\t<div class=\"elementor-element elementor-element-6dab54d elementor-widget elementor-widget-text-editor\" data-id=\"6dab54d\" data-element_type=\"widget\" data-widget_type=\"text-editor.default\">\n\t\t\t\t<div class=\"elementor-widget-container\">\n\t\t\t\t\t\t\t\t\t\t\t\t\t<\/div>\n\t\t\t\t<\/div>\n\t\t\t\t\t<\/div>\n\t\t<\/div>\n\t\t\t\t<div class=\"elementor-column elementor-col-33 elementor-top-column elementor-element elementor-element-4f89a4c\" data-id=\"4f89a4c\" data-element_type=\"column\">\n\t\t\t<div class=\"elementor-widget-wrap elementor-element-populated\">\n\t\t\t\t\t\t\t\t<div class=\"elementor-element elementor-element-c02ec88 elementor-view-default elementor-widget elementor-widget-icon\" data-id=\"c02ec88\" data-element_type=\"widget\" data-widget_type=\"icon.default\">\n\t\t\t\t<div class=\"elementor-widget-container\">\n\t\t\t\t\t<div class=\"elementor-icon-wrapper\">\n\t\t\t<div class=\"elementor-icon\">\n\t\t\t<i aria-hidden=\"true\" class=\"vamtamtheme- vamtam-theme-cloud\"><\/i>\t\t\t<\/div>\n\t\t<\/div>\n\t\t\t\t<\/div>\n\t\t\t\t<\/div>\n\t\t\t\t\t<\/div>\n\t\t<\/div>\n\t\t\t\t\t\t\t<\/div>\n\t\t<\/section>\n\t\t\t\t\t\t\t<\/div>","protected":false},"excerpt":{"rendered":"<p>\u0425\u0430\u0440\u0430\u043a\u0442\u0435\u0440\u0438\u0441\u0442\u0438\u043a\u0438<br \/>\n\u0421\u0442\u0440\u0430\u043d\u0430 \u043f\u0440\u043e\u0438\u0437\u0432\u043e\u0434\u0441\u0442\u0432\u0430 - \u041c\u043e\u043b\u0434\u043e\u0432\u0430<br \/>\n\u2022 Material &#8211; ranfoce bumbac<br \/>\n\u2022 umplutura\u00a0 &#8211; sintepon 3 straturi<\/p>","protected":false},"featured_media":991346,"template":"","meta":{"om_disable_all_campaigns":false},"product_cat":[389,354,315],"product_tag":[],"class_list":["post-991345","product","type-product","status-publish","has-post-thumbnail","hentry","product_cat-setul-pikler","product_cat-toate-produsele-olilioli","product_cat-carucior-pt-papusi2","product_shipping_class-intre-2-si-5-kg"],"yoast_head":"<!-- This site is optimized with the Yoast SEO plugin v24.4 - https:\/\/yoast.com\/wordpress\/plugins\/seo\/ -->\n<title>Saltea pentru Balansoar - Olilioli<\/title>\n<meta name=\"description\" content=\"Saltea moale pentru balansoar \u2013 Confort suplimentar pentru joac\u0103 \u0219i relaxare!Salteaua moale \u0219i rezistent\u0103 ofer\u0103 un plus de confort balansoarului, transform\u00e2ndu-l \u00eentr-un loc perfect pentru relaxare, citit sau joac\u0103. Fabricat\u0103 din materiale sigure, cu hus\u0103 din bumbac pl\u0103cut la atingere \u0219i umplutur\u0103 durabil\u0103, asigur\u0103 sus\u021binere optim\u0103 \u0219i protec\u021bie suplimentar\u0103. U\u0219or de fixat \u0219i \u00eentre\u021binut!\" \/>\n<meta name=\"robots\" content=\"index, follow, max-snippet:-1, max-image-preview:large, max-video-preview:-1\" \/>\n<link rel=\"canonical\" href=\"http:\/\/olilioli.md\/ru\/magazin\/toate-produsele-olilioli\/setul-pikler\/saltea-pentru-balansoar\/\" \/>\n<meta property=\"og:locale\" content=\"ru_RU\" \/>\n<meta property=\"og:type\" content=\"article\" \/>\n<meta property=\"og:title\" content=\"Saltea pentru Balansoar - Olilioli\" \/>\n<meta property=\"og:description\" content=\"Saltea moale pentru balansoar \u2013 Confort suplimentar pentru joac\u0103 \u0219i relaxare!Salteaua moale \u0219i rezistent\u0103 ofer\u0103 un plus de confort balansoarului, transform\u00e2ndu-l \u00eentr-un loc perfect pentru relaxare, citit sau joac\u0103. Fabricat\u0103 din materiale sigure, cu hus\u0103 din bumbac pl\u0103cut la atingere \u0219i umplutur\u0103 durabil\u0103, asigur\u0103 sus\u021binere optim\u0103 \u0219i protec\u021bie suplimentar\u0103. U\u0219or de fixat \u0219i \u00eentre\u021binut!\" \/>\n<meta property=\"og:url\" content=\"http:\/\/olilioli.md\/ru\/magazin\/toate-produsele-olilioli\/setul-pikler\/saltea-pentru-balansoar\/\" \/>\n<meta property=\"og:site_name\" content=\"Olilioli\" \/>\n<meta property=\"article:modified_time\" content=\"2025-05-08T16:04:52+00:00\" \/>\n<meta property=\"og:image\" content=\"https:\/\/olilioli.md\/wp-content\/uploads\/2025\/04\/DSC_4587-\u043a\u043e\u043f\u0438\u044f-scaled.jpg\" \/>\n\t<meta property=\"og:image:width\" content=\"1703\" \/>\n\t<meta property=\"og:image:height\" content=\"2560\" \/>\n\t<meta property=\"og:image:type\" content=\"image\/jpeg\" \/>\n<meta name=\"twitter:card\" content=\"summary_large_image\" \/>\n<meta name=\"twitter:label1\" content=\"\u041f\u0440\u0438\u043c\u0435\u0440\u043d\u043e\u0435 \u0432\u0440\u0435\u043c\u044f \u0434\u043b\u044f \u0447\u0442\u0435\u043d\u0438\u044f\" \/>\n\t<meta name=\"twitter:data1\" content=\"1 \u043c\u0438\u043d\u0443\u0442\u0430\" \/>\n<script type=\"application\/ld+json\" class=\"yoast-schema-graph\">{\"@context\":\"https:\/\/schema.org\",\"@graph\":[{\"@type\":\"WebPage\",\"@id\":\"http:\/\/olilioli.md\/ru\/magazin\/toate-produsele-olilioli\/setul-pikler\/saltea-pentru-balansoar\/\",\"url\":\"http:\/\/olilioli.md\/ru\/magazin\/toate-produsele-olilioli\/setul-pikler\/saltea-pentru-balansoar\/\",\"name\":\"Saltea pentru Balansoar - Olilioli\",\"isPartOf\":{\"@id\":\"http:\/\/olilioli.md\/ru\/#website\"},\"primaryImageOfPage\":{\"@id\":\"http:\/\/olilioli.md\/ru\/magazin\/toate-produsele-olilioli\/setul-pikler\/saltea-pentru-balansoar\/#primaryimage\"},\"image\":{\"@id\":\"http:\/\/olilioli.md\/ru\/magazin\/toate-produsele-olilioli\/setul-pikler\/saltea-pentru-balansoar\/#primaryimage\"},\"thumbnailUrl\":\"https:\/\/olilioli.md\/wp-content\/uploads\/2025\/04\/DSC_4587-\u043a\u043e\u043f\u0438\u044f-scaled.jpg\",\"datePublished\":\"2025-04-02T13:34:48+00:00\",\"dateModified\":\"2025-05-08T16:04:52+00:00\",\"description\":\"Saltea moale pentru balansoar \u2013 Confort suplimentar pentru joac\u0103 \u0219i relaxare!Salteaua moale \u0219i rezistent\u0103 ofer\u0103 un plus de confort balansoarului, transform\u00e2ndu-l \u00eentr-un loc perfect pentru relaxare, citit sau joac\u0103. Fabricat\u0103 din materiale sigure, cu hus\u0103 din bumbac pl\u0103cut la atingere \u0219i umplutur\u0103 durabil\u0103, asigur\u0103 sus\u021binere optim\u0103 \u0219i protec\u021bie suplimentar\u0103. U\u0219or de fixat \u0219i \u00eentre\u021binut!\",\"breadcrumb\":{\"@id\":\"http:\/\/olilioli.md\/ru\/magazin\/toate-produsele-olilioli\/setul-pikler\/saltea-pentru-balansoar\/#breadcrumb\"},\"inLanguage\":\"ru-RU\",\"potentialAction\":[{\"@type\":\"ReadAction\",\"target\":[\"http:\/\/olilioli.md\/ru\/magazin\/toate-produsele-olilioli\/setul-pikler\/saltea-pentru-balansoar\/\"]}]},{\"@type\":\"ImageObject\",\"inLanguage\":\"ru-RU\",\"@id\":\"http:\/\/olilioli.md\/ru\/magazin\/toate-produsele-olilioli\/setul-pikler\/saltea-pentru-balansoar\/#primaryimage\",\"url\":\"https:\/\/olilioli.md\/wp-content\/uploads\/2025\/04\/DSC_4587-\u043a\u043e\u043f\u0438\u044f-scaled.jpg\",\"contentUrl\":\"https:\/\/olilioli.md\/wp-content\/uploads\/2025\/04\/DSC_4587-\u043a\u043e\u043f\u0438\u044f-scaled.jpg\",\"width\":1703,\"height\":2560},{\"@type\":\"BreadcrumbList\",\"@id\":\"http:\/\/olilioli.md\/ru\/magazin\/toate-produsele-olilioli\/setul-pikler\/saltea-pentru-balansoar\/#breadcrumb\",\"itemListElement\":[{\"@type\":\"ListItem\",\"position\":1,\"name\":\"Prima pagin\u0103\",\"item\":\"http:\/\/olilioli.md\/ru\/\"},{\"@type\":\"ListItem\",\"position\":2,\"name\":\"Categorii\",\"item\":\"https:\/\/olilioli.md\/ru\/categorii\/\"},{\"@type\":\"ListItem\",\"position\":3,\"name\":\"Saltea pentru Balansoar\"}]},{\"@type\":\"WebSite\",\"@id\":\"http:\/\/olilioli.md\/ru\/#website\",\"url\":\"http:\/\/olilioli.md\/ru\/\",\"name\":\"Olilioli\",\"description\":\"produse ecologice pentru copii\",\"publisher\":{\"@id\":\"http:\/\/olilioli.md\/ru\/#organization\"},\"potentialAction\":[{\"@type\":\"SearchAction\",\"target\":{\"@type\":\"EntryPoint\",\"urlTemplate\":\"http:\/\/olilioli.md\/ru\/?s={search_term_string}\"},\"query-input\":{\"@type\":\"PropertyValueSpecification\",\"valueRequired\":true,\"valueName\":\"search_term_string\"}}],\"inLanguage\":\"ru-RU\"},{\"@type\":\"Organization\",\"@id\":\"http:\/\/olilioli.md\/ru\/#organization\",\"name\":\"Olilioli\",\"url\":\"http:\/\/olilioli.md\/ru\/\",\"logo\":{\"@type\":\"ImageObject\",\"inLanguage\":\"ru-RU\",\"@id\":\"http:\/\/olilioli.md\/ru\/#\/schema\/logo\/image\/\",\"url\":\"https:\/\/olilioli.md\/wp-content\/uploads\/2023\/02\/olilioli_logo-min.png\",\"contentUrl\":\"https:\/\/olilioli.md\/wp-content\/uploads\/2023\/02\/olilioli_logo-min.png\",\"width\":138,\"height\":36,\"caption\":\"Olilioli\"},\"image\":{\"@id\":\"http:\/\/olilioli.md\/ru\/#\/schema\/logo\/image\/\"}}]}<\/script>\n<!-- \/ Yoast SEO plugin. -->","yoast_head_json":{"title":"Saltea pentru Balansoar - Olilioli","description":"Saltea moale pentru balansoar \u2013 Confort suplimentar pentru joac\u0103 \u0219i relaxare!Salteaua moale \u0219i rezistent\u0103 ofer\u0103 un plus de confort balansoarului, transform\u00e2ndu-l \u00eentr-un loc perfect pentru relaxare, citit sau joac\u0103. Fabricat\u0103 din materiale sigure, cu hus\u0103 din bumbac pl\u0103cut la atingere \u0219i umplutur\u0103 durabil\u0103, asigur\u0103 sus\u021binere optim\u0103 \u0219i protec\u021bie suplimentar\u0103. U\u0219or de fixat \u0219i \u00eentre\u021binut!","robots":{"index":"index","follow":"follow","max-snippet":"max-snippet:-1","max-image-preview":"max-image-preview:large","max-video-preview":"max-video-preview:-1"},"canonical":"http:\/\/olilioli.md\/ru\/magazin\/toate-produsele-olilioli\/setul-pikler\/saltea-pentru-balansoar\/","og_locale":"ru_RU","og_type":"article","og_title":"Saltea pentru Balansoar - Olilioli","og_description":"Saltea moale pentru balansoar \u2013 Confort suplimentar pentru joac\u0103 \u0219i relaxare!Salteaua moale \u0219i rezistent\u0103 ofer\u0103 un plus de confort balansoarului, transform\u00e2ndu-l \u00eentr-un loc perfect pentru relaxare, citit sau joac\u0103. Fabricat\u0103 din materiale sigure, cu hus\u0103 din bumbac pl\u0103cut la atingere \u0219i umplutur\u0103 durabil\u0103, asigur\u0103 sus\u021binere optim\u0103 \u0219i protec\u021bie suplimentar\u0103. U\u0219or de fixat \u0219i \u00eentre\u021binut!","og_url":"http:\/\/olilioli.md\/ru\/magazin\/toate-produsele-olilioli\/setul-pikler\/saltea-pentru-balansoar\/","og_site_name":"Olilioli","article_modified_time":"2025-05-08T16:04:52+00:00","og_image":[{"width":1703,"height":2560,"url":"https:\/\/olilioli.md\/wp-content\/uploads\/2025\/04\/DSC_4587-\u043a\u043e\u043f\u0438\u044f-scaled.jpg","type":"image\/jpeg"}],"twitter_card":"summary_large_image","twitter_misc":{"\u041f\u0440\u0438\u043c\u0435\u0440\u043d\u043e\u0435 \u0432\u0440\u0435\u043c\u044f \u0434\u043b\u044f \u0447\u0442\u0435\u043d\u0438\u044f":"1 \u043c\u0438\u043d\u0443\u0442\u0430"},"schema":{"@context":"https:\/\/schema.org","@graph":[{"@type":"WebPage","@id":"http:\/\/olilioli.md\/ru\/magazin\/toate-produsele-olilioli\/setul-pikler\/saltea-pentru-balansoar\/","url":"http:\/\/olilioli.md\/ru\/magazin\/toate-produsele-olilioli\/setul-pikler\/saltea-pentru-balansoar\/","name":"Saltea pentru Balansoar - Olilioli","isPartOf":{"@id":"http:\/\/olilioli.md\/ru\/#website"},"primaryImageOfPage":{"@id":"http:\/\/olilioli.md\/ru\/magazin\/toate-produsele-olilioli\/setul-pikler\/saltea-pentru-balansoar\/#primaryimage"},"image":{"@id":"http:\/\/olilioli.md\/ru\/magazin\/toate-produsele-olilioli\/setul-pikler\/saltea-pentru-balansoar\/#primaryimage"},"thumbnailUrl":"https:\/\/olilioli.md\/wp-content\/uploads\/2025\/04\/DSC_4587-\u043a\u043e\u043f\u0438\u044f-scaled.jpg","datePublished":"2025-04-02T13:34:48+00:00","dateModified":"2025-05-08T16:04:52+00:00","description":"Saltea moale pentru balansoar \u2013 Confort suplimentar pentru joac\u0103 \u0219i relaxare!Salteaua moale \u0219i rezistent\u0103 ofer\u0103 un plus de confort balansoarului, transform\u00e2ndu-l \u00eentr-un loc perfect pentru relaxare, citit sau joac\u0103. Fabricat\u0103 din materiale sigure, cu hus\u0103 din bumbac pl\u0103cut la atingere \u0219i umplutur\u0103 durabil\u0103, asigur\u0103 sus\u021binere optim\u0103 \u0219i protec\u021bie suplimentar\u0103. U\u0219or de fixat \u0219i \u00eentre\u021binut!","breadcrumb":{"@id":"http:\/\/olilioli.md\/ru\/magazin\/toate-produsele-olilioli\/setul-pikler\/saltea-pentru-balansoar\/#breadcrumb"},"inLanguage":"ru-RU","potentialAction":[{"@type":"ReadAction","target":["http:\/\/olilioli.md\/ru\/magazin\/toate-produsele-olilioli\/setul-pikler\/saltea-pentru-balansoar\/"]}]},{"@type":"ImageObject","inLanguage":"ru-RU","@id":"http:\/\/olilioli.md\/ru\/magazin\/toate-produsele-olilioli\/setul-pikler\/saltea-pentru-balansoar\/#primaryimage","url":"https:\/\/olilioli.md\/wp-content\/uploads\/2025\/04\/DSC_4587-\u043a\u043e\u043f\u0438\u044f-scaled.jpg","contentUrl":"https:\/\/olilioli.md\/wp-content\/uploads\/2025\/04\/DSC_4587-\u043a\u043e\u043f\u0438\u044f-scaled.jpg","width":1703,"height":2560},{"@type":"BreadcrumbList","@id":"http:\/\/olilioli.md\/ru\/magazin\/toate-produsele-olilioli\/setul-pikler\/saltea-pentru-balansoar\/#breadcrumb","itemListElement":[{"@type":"ListItem","position":1,"name":"Prima pagin\u0103","item":"http:\/\/olilioli.md\/ru\/"},{"@type":"ListItem","position":2,"name":"Categorii","item":"https:\/\/olilioli.md\/ru\/categorii\/"},{"@type":"ListItem","position":3,"name":"Saltea pentru Balansoar"}]},{"@type":"WebSite","@id":"http:\/\/olilioli.md\/ru\/#website","url":"http:\/\/olilioli.md\/ru\/","name":"Olilioli","description":"produse ecologice pentru copii","publisher":{"@id":"http:\/\/olilioli.md\/ru\/#organization"},"potentialAction":[{"@type":"SearchAction","target":{"@type":"EntryPoint","urlTemplate":"http:\/\/olilioli.md\/ru\/?s={search_term_string}"},"query-input":{"@type":"PropertyValueSpecification","valueRequired":true,"valueName":"search_term_string"}}],"inLanguage":"ru-RU"},{"@type":"Organization","@id":"http:\/\/olilioli.md\/ru\/#organization","name":"Olilioli","url":"http:\/\/olilioli.md\/ru\/","logo":{"@type":"ImageObject","inLanguage":"ru-RU","@id":"http:\/\/olilioli.md\/ru\/#\/schema\/logo\/image\/","url":"https:\/\/olilioli.md\/wp-content\/uploads\/2023\/02\/olilioli_logo-min.png","contentUrl":"https:\/\/olilioli.md\/wp-content\/uploads\/2023\/02\/olilioli_logo-min.png","width":138,"height":36,"caption":"Olilioli"},"image":{"@id":"http:\/\/olilioli.md\/ru\/#\/schema\/logo\/image\/"}}]}},"wcpa_form_fields":null,"_links":{"self":[{"href":"http:\/\/olilioli.md\/ru\/wp-json\/wp\/v2\/product\/991345","targetHints":{"allow":["GET"]}}],"collection":[{"href":"http:\/\/olilioli.md\/ru\/wp-json\/wp\/v2\/product"}],"about":[{"href":"http:\/\/olilioli.md\/ru\/wp-json\/wp\/v2\/types\/product"}],"version-history":[{"count":5,"href":"http:\/\/olilioli.md\/ru\/wp-json\/wp\/v2\/product\/991345\/revisions"}],"predecessor-version":[{"id":991466,"href":"http:\/\/olilioli.md\/ru\/wp-json\/wp\/v2\/product\/991345\/revisions\/991466"}],"wp:featuredmedia":[{"embeddable":true,"href":"http:\/\/olilioli.md\/ru\/wp-json\/wp\/v2\/media\/991346"}],"wp:attachment":[{"href":"http:\/\/olilioli.md\/ru\/wp-json\/wp\/v2\/media?parent=991345"}],"wp:term":[{"taxonomy":"product_cat","embeddable":true,"href":"http:\/\/olilioli.md\/ru\/wp-json\/wp\/v2\/product_cat?post=991345"},{"taxonomy":"product_tag","embeddable":true,"href":"http:\/\/olilioli.md\/ru\/wp-json\/wp\/v2\/product_tag?post=991345"}],"curies":[{"name":"wp","href":"https:\/\/api.w.org\/{rel}","templated":true}]}}