{"id":991492,"date":"2025-05-14T20:25:02","date_gmt":"2025-05-14T20:25:02","guid":{"rendered":"https:\/\/olilioli.md\/?post_type=product&#038;p=991492"},"modified":"2026-04-06T12:20:21","modified_gmt":"2026-04-06T10:20:21","slug":"jucarie-din-desen","status":"publish","type":"product","link":"http:\/\/olilioli.md\/ru\/magazin\/toate-produsele-olilioli\/jucarii\/jucarie-din-desen\/","title":{"rendered":"Juc\u0103rie din desen"},"content":{"rendered":"<div data-elementor-type=\"product-post\" data-elementor-id=\"991492\" class=\"elementor elementor-991492\" data-elementor-post-type=\"product\">\n\t\t\t\t\t\t\t\t\t<section class=\"elementor-section elementor-top-section elementor-element elementor-element-02c9799 elementor-reverse-mobile elementor-section-boxed elementor-section-height-default elementor-section-height-default\" data-id=\"02c9799\" data-element_type=\"section\">\n\t\t\t\t\t\t<div class=\"elementor-container elementor-column-gap-no\">\n\t\t\t\t\t<div class=\"elementor-column elementor-col-33 elementor-top-column elementor-element elementor-element-4ff7689\" data-id=\"4ff7689\" data-element_type=\"column\">\n\t\t\t<div class=\"elementor-widget-wrap elementor-element-populated\">\n\t\t\t\t\t\t\t\t<div class=\"vamtam-has-theme-widget-styles elementor-element elementor-element-8b44a58 elementor-widget elementor-widget-image\" data-id=\"8b44a58\" data-element_type=\"widget\" data-widget_type=\"image.default\">\n\t\t\t\t<div class=\"elementor-widget-container\">\n\t\t\t<style>\/*! elementor - v3.17.0 - 25-10-2023 *\/\n.elementor-widget-image{text-align:center}.elementor-widget-image a{display:inline-block}.elementor-widget-image a img[src$=\".svg\"]{width:48px}.elementor-widget-image img{vertical-align:middle;display:inline-block}<\/style>\t\t\t\t<div class=\"elementor-image\">\n\t\t\t\t\t\t\t\t\t\t\t\t\t\t\t\t\t\t\t\t\t<img decoding=\"async\" src=\"https:\/\/olilioli.md\/wp-content\/uploads\/2022\/05\/v974-10-Converted.svg\" title=\"v974-10 [Converted]\" alt=\"v974-10 [Converted]\" loading=\"lazy\" \/>\t\t\t\t\t\t\t\t\t\t\t\t\t\t\t\t\t\t\t\t\t\t\t\t<\/div>\n\t\t\t\t\t\t<\/div>\n\t\t\t\t<\/div>\n\t\t\t\t\t<\/div>\n\t\t<\/div>\n\t\t\t\t<div class=\"elementor-column elementor-col-33 elementor-top-column elementor-element elementor-element-984000b\" data-id=\"984000b\" data-element_type=\"column\" data-settings=\"{&quot;background_background&quot;:&quot;classic&quot;}\">\n\t\t\t<div class=\"elementor-widget-wrap elementor-element-populated\">\n\t\t\t\t\t\t\t\t<div class=\"elementor-element elementor-element-f9d7f5e elementor-widget__width-auto elementor-widget elementor-widget-heading\" data-id=\"f9d7f5e\" data-element_type=\"widget\" data-widget_type=\"heading.default\">\n\t\t\t\t<div class=\"elementor-widget-container\">\n\t\t\t<style>\/*! elementor - v3.17.0 - 25-10-2023 *\/\n.elementor-heading-title{padding:0;margin:0;line-height:1}.elementor-widget-heading .elementor-heading-title[class*=elementor-size-]>a{color:inherit;font-size:inherit;line-height:inherit}.elementor-widget-heading .elementor-heading-title.elementor-size-small{font-size:15px}.elementor-widget-heading .elementor-heading-title.elementor-size-medium{font-size:19px}.elementor-widget-heading .elementor-heading-title.elementor-size-large{font-size:29px}.elementor-widget-heading .elementor-heading-title.elementor-size-xl{font-size:39px}.elementor-widget-heading .elementor-heading-title.elementor-size-xxl{font-size:59px}<\/style><h2 class=\"elementor-heading-title elementor-size-medium\">Transform\u0103m desenul copilului t\u0103u \u00een juc\u0103rie!<\/h2>\t\t<\/div>\n\t\t\t\t<\/div>\n\t\t\t\t<div class=\"elementor-element elementor-element-e542b11 elementor-widget elementor-widget-text-editor\" data-id=\"e542b11\" data-element_type=\"widget\" data-widget_type=\"text-editor.default\">\n\t\t\t\t<div class=\"elementor-widget-container\">\n\t\t\t<style>\/*! elementor - v3.17.0 - 25-10-2023 *\/\n.elementor-widget-text-editor.elementor-drop-cap-view-stacked .elementor-drop-cap{background-color:#69727d;color:#fff}.elementor-widget-text-editor.elementor-drop-cap-view-framed .elementor-drop-cap{color:#69727d;border:3px solid;background-color:transparent}.elementor-widget-text-editor:not(.elementor-drop-cap-view-default) .elementor-drop-cap{margin-top:8px}.elementor-widget-text-editor:not(.elementor-drop-cap-view-default) .elementor-drop-cap-letter{width:1em;height:1em}.elementor-widget-text-editor .elementor-drop-cap{float:left;text-align:center;line-height:1;font-size:50px}.elementor-widget-text-editor .elementor-drop-cap-letter{display:inline-block}<\/style>\t\t\t\t<p class=\"\" data-start=\"125\" data-end=\"293\">Cu acest proiect special, oferim fiec\u0103rui copil \u0219ansa de a-\u0219i vedea crea\u021bia transformat\u0103 \u00eentr-o juc\u0103rie unic\u0103 din lemn. F\u0103r\u0103 reguli, f\u0103r\u0103 limite \u2013 doar imagina\u021bie pur\u0103!<\/p><p class=\"\" data-start=\"295\" data-end=\"323\">Tot ce trebuie s\u0103 faci este:<\/p><ol data-start=\"324\" data-end=\"496\"><li class=\"\" data-start=\"324\" data-end=\"399\"><p class=\"\" style=\"text-align: left;\" data-start=\"327\" data-end=\"399\">\u00cencurajeaz\u0103-l pe copil s\u0103 deseneze liber, cu m\u00e2na, orice \u00ee\u0219i imagineaz\u0103.<\/p><\/li><li class=\"\" style=\"text-align: left;\" data-start=\"400\" data-end=\"433\"><p class=\"\" data-start=\"403\" data-end=\"433\">\u00cencarc\u0103 desenul aici, pe site.<\/p><\/li><li class=\"\" data-start=\"434\" data-end=\"496\"><p class=\"\" style=\"text-align: left;\" data-start=\"437\" data-end=\"496\">Noi \u00eel transform\u0103m \u00eentr-o juc\u0103rie personalizat\u0103, cu suflet.<\/p><\/li><\/ol><p class=\"\" data-start=\"498\" data-end=\"600\"><strong data-start=\"498\" data-end=\"512\">Important:<\/strong> Accept\u0103m doar desene originale, f\u0103cute de m\u00e2n\u0103, f\u0103r\u0103 \u0219abloane sau interven\u021bii digitale.<\/p><p class=\"\" data-start=\"602\" data-end=\"639\">D\u0103 via\u021b\u0103 desenului copilului t\u0103u! \ud83c\udfa8\u2728<\/p>\t\t\t\t\t\t<\/div>\n\t\t\t\t<\/div>\n\t\t\t\t\t<\/div>\n\t\t<\/div>\n\t\t\t\t<div class=\"elementor-column elementor-col-33 elementor-top-column elementor-element elementor-element-4f89a4c\" data-id=\"4f89a4c\" data-element_type=\"column\">\n\t\t\t<div class=\"elementor-widget-wrap elementor-element-populated\">\n\t\t\t\t\t\t\t\t<div class=\"elementor-element elementor-element-c02ec88 elementor-view-default elementor-widget elementor-widget-icon\" data-id=\"c02ec88\" data-element_type=\"widget\" data-widget_type=\"icon.default\">\n\t\t\t\t<div class=\"elementor-widget-container\">\n\t\t\t\t\t<div class=\"elementor-icon-wrapper\">\n\t\t\t<div class=\"elementor-icon\">\n\t\t\t<i aria-hidden=\"true\" class=\"vamtamtheme- vamtam-theme-cloud\"><\/i>\t\t\t<\/div>\n\t\t<\/div>\n\t\t\t\t<\/div>\n\t\t\t\t<\/div>\n\t\t\t\t\t<\/div>\n\t\t<\/div>\n\t\t\t\t\t\t\t<\/div>\n\t\t<\/section>\n\t\t\t\t<section class=\"elementor-section elementor-top-section elementor-element elementor-element-8bab57a elementor-section-boxed elementor-section-height-default elementor-section-height-default\" data-id=\"8bab57a\" data-element_type=\"section\">\n\t\t\t\t\t\t<div class=\"elementor-container elementor-column-gap-default\">\n\t\t\t\t\t<div class=\"elementor-column elementor-col-100 elementor-top-column elementor-element elementor-element-a95fe8e\" data-id=\"a95fe8e\" data-element_type=\"column\">\n\t\t\t<div class=\"elementor-widget-wrap elementor-element-populated\">\n\t\t\t\t\t\t\t\t<div class=\"elementor-element elementor-element-580d462 elementor-widget elementor-widget-spacer\" data-id=\"580d462\" data-element_type=\"widget\" data-widget_type=\"spacer.default\">\n\t\t\t\t<div class=\"elementor-widget-container\">\n\t\t\t<style>\/*! elementor - v3.17.0 - 25-10-2023 *\/\n.elementor-column .elementor-spacer-inner{height:var(--spacer-size)}.e-con{--container-widget-width:100%}.e-con-inner>.elementor-widget-spacer,.e-con>.elementor-widget-spacer{width:var(--container-widget-width,var(--spacer-size));--align-self:var(--container-widget-align-self,initial);--flex-shrink:0}.e-con-inner>.elementor-widget-spacer>.elementor-widget-container,.e-con>.elementor-widget-spacer>.elementor-widget-container{height:100%;width:100%}.e-con-inner>.elementor-widget-spacer>.elementor-widget-container>.elementor-spacer,.e-con>.elementor-widget-spacer>.elementor-widget-container>.elementor-spacer{height:100%}.e-con-inner>.elementor-widget-spacer>.elementor-widget-container>.elementor-spacer>.elementor-spacer-inner,.e-con>.elementor-widget-spacer>.elementor-widget-container>.elementor-spacer>.elementor-spacer-inner{height:var(--container-widget-height,var(--spacer-size))}.e-con-inner>.elementor-widget-spacer.elementor-widget-empty,.e-con>.elementor-widget-spacer.elementor-widget-empty{position:relative;min-height:22px;min-width:22px}.e-con-inner>.elementor-widget-spacer.elementor-widget-empty .elementor-widget-empty-icon,.e-con>.elementor-widget-spacer.elementor-widget-empty .elementor-widget-empty-icon{position:absolute;top:0;bottom:0;left:0;right:0;margin:auto;padding:0;width:22px;height:22px}<\/style>\t\t<div class=\"elementor-spacer\">\n\t\t\t<div class=\"elementor-spacer-inner\"><\/div>\n\t\t<\/div>\n\t\t\t\t<\/div>\n\t\t\t\t<\/div>\n\t\t\t\t<div class=\"elementor-element elementor-element-a479ab8 elementor-widget elementor-widget-heading\" data-id=\"a479ab8\" data-element_type=\"widget\" data-widget_type=\"heading.default\">\n\t\t\t\t<div class=\"elementor-widget-container\">\n\t\t\t<h2 class=\"elementor-heading-title elementor-size-default\"><span class=\"OYPEnA font-feature-liga-off font-feature-clig-off font-feature-calt-off text-decoration-none text-strikethrough-none\" style=\"color: rgb(106, 100, 160); font-weight: 700; font-style: normal; font-kerning: none;\">Jocul cu propria Creatie<\/span><span class=\"OYPEnA font-feature-liga-off font-feature-clig-off font-feature-calt-off text-decoration-none text-strikethrough-none white-space-prewrap\" style=\"color: rgb(106, 100, 160); font-weight: 700; font-style: normal; font-kerning: none;\"> <\/span><\/h2>\t\t<\/div>\n\t\t\t\t<\/div>\n\t\t\t\t<div class=\"elementor-element elementor-element-5679bbd elementor-widget elementor-widget-text-editor\" data-id=\"5679bbd\" data-element_type=\"widget\" data-widget_type=\"text-editor.default\">\n\t\t\t\t<div class=\"elementor-widget-container\">\n\t\t\t\t\t\t\t<p><strong><b>\u201eC\u00e2nd copilul \u00ee\u0219i ia \u00een m\u00e2n\u0103 propria crea\u021bie, jocul devine o continuare fireasc\u0103 a imagina\u021biei sale.<\/b><\/strong><\/p><p><strong><b>Nu este un joc impus de reguli, scenariu predefinit ca la juc\u0103riile clasice. Nu este o jucarie oarecare de pe rafturile magazinului. <\/b><\/strong><\/p><p><strong><b>Este jocul LIBER, cel care dezvolt\u0103 g\u00e2ndirea creativ\u0103, capacitatea de a g\u0103si solu\u021bii, de a-\u0219i exprima emo\u021biile.Aici, copilul este arhitectul lumii sale. \u201dIdeile mele au continuitate, sunt validate <\/b><\/strong><\/p><p><strong><b>.\u201eJuc\u0103ria mea e unic\u0103, pentru c\u0103 eu sunt unic\u201dCopilul devine autor, constructor, vis\u0103tor, increzut in propriile idei<\/b><\/strong><\/p><p><strong><b>Ex: Imagineaz\u0103-\u021bi cum ar fi fost dac\u0103, la cinci ani, un adult \u021bi-ar fi spus: \u201eDeseneaz\u0103 orice \u00ee\u021bi trece prin minte \u2013 \u0219i noi \u00eel vom face real!\u201dCe \u00eencredere \u021bi-ar fi dat asta \u00een ideile tale?Ce sentiment \u021bi-ar fi l\u0103sat faptul c\u0103 imagina\u021bia ta merit\u0103 ascultat\u0103, luat\u0103 \u00een serios \u0219i pus\u0103 \u00een m\u00e2ini reale?<\/b><\/strong><\/p><p>\u00a0<\/p>\t\t\t\t\t\t<\/div>\n\t\t\t\t<\/div>\n\t\t\t\t\t<\/div>\n\t\t<\/div>\n\t\t\t\t\t\t\t<\/div>\n\t\t<\/section>\n\t\t\t\t\t\t\t<\/div>","protected":false},"excerpt":{"rendered":"<p>\u0425\u0430\u0440\u0430\u043a\u0442\u0435\u0440\u0438\u0441\u0442\u0438\u043a\u0438<br \/>\n\u0421\u0442\u0440\u0430\u043d\u0430 \u043f\u0440\u043e\u0438\u0437\u0432\u043e\u0434\u0441\u0442\u0432\u0430 - \u041c\u043e\u043b\u0434\u043e\u0432\u0430<br \/>\n\u2022 \u041c\u0430\u0442\u0435\u0440\u0438\u0430\u043b - \u0434\u0435\u0440\u0435\u0432\u044f\u043d\u043d\u0430\u044f \u0444\u0430\u043d\u0435\u0440\u0430<br \/>\n\u2022 Potrivit v\u00e2rstei &#8211; 3 ani +<br \/>\n\u2022 Vopsea ecologica<\/p>","protected":false},"featured_media":991493,"template":"","meta":{"om_disable_all_campaigns":false},"product_cat":[385],"product_tag":[],"class_list":["post-991492","product","type-product","status-publish","has-post-thumbnail","hentry","product_cat-jucarii","wcpa_has_options"],"yoast_head":"<!-- This site is optimized with the Yoast SEO plugin v24.4 - https:\/\/yoast.com\/wordpress\/plugins\/seo\/ -->\n<title>Juc\u0103rie din desen - Olilioli<\/title>\n<meta name=\"description\" content=\"Transformam desenele copiilor in jucarii.\u201eCeea ce am creat eu conteaza, pentru c\u0103 eu sunt important.\u201dCrearea unei juc\u0103rii dintr-un desen \u00ee\u021bi ofer\u0103 primul semn al \u00eencrederii \u00een propriile idei. Fiecare crea\u021bie devine o validare a copilului: G\u00e2ndurile mele au valoare. Aceasta pune bazele unei identitati increzute la maturitate.\" \/>\n<meta name=\"robots\" content=\"index, follow, max-snippet:-1, max-image-preview:large, max-video-preview:-1\" \/>\n<link rel=\"canonical\" href=\"http:\/\/olilioli.md\/ru\/magazin\/toate-produsele-olilioli\/jucarii\/jucarie-din-desen\/\" \/>\n<meta property=\"og:locale\" content=\"ru_RU\" \/>\n<meta property=\"og:type\" content=\"article\" \/>\n<meta property=\"og:title\" content=\"Juc\u0103rie din desen - Olilioli\" \/>\n<meta property=\"og:description\" content=\"Transformam desenele copiilor in jucarii.\u201eCeea ce am creat eu conteaza, pentru c\u0103 eu sunt important.\u201dCrearea unei juc\u0103rii dintr-un desen \u00ee\u021bi ofer\u0103 primul semn al \u00eencrederii \u00een propriile idei. Fiecare crea\u021bie devine o validare a copilului: G\u00e2ndurile mele au valoare. Aceasta pune bazele unei identitati increzute la maturitate.\" \/>\n<meta property=\"og:url\" content=\"http:\/\/olilioli.md\/ru\/magazin\/toate-produsele-olilioli\/jucarii\/jucarie-din-desen\/\" \/>\n<meta property=\"og:site_name\" content=\"Olilioli\" \/>\n<meta property=\"article:modified_time\" content=\"2026-04-06T10:20:21+00:00\" \/>\n<meta property=\"og:image\" content=\"https:\/\/olilioli.md\/wp-content\/uploads\/2025\/05\/jucarie-desen-oli-1.png\" \/>\n\t<meta property=\"og:image:width\" content=\"803\" \/>\n\t<meta property=\"og:image:height\" content=\"978\" \/>\n\t<meta property=\"og:image:type\" content=\"image\/png\" \/>\n<meta name=\"twitter:card\" content=\"summary_large_image\" \/>\n<meta name=\"twitter:label1\" content=\"\u041f\u0440\u0438\u043c\u0435\u0440\u043d\u043e\u0435 \u0432\u0440\u0435\u043c\u044f \u0434\u043b\u044f \u0447\u0442\u0435\u043d\u0438\u044f\" \/>\n\t<meta name=\"twitter:data1\" content=\"4 \u043c\u0438\u043d\u0443\u0442\u044b\" \/>\n<script type=\"application\/ld+json\" class=\"yoast-schema-graph\">{\"@context\":\"https:\/\/schema.org\",\"@graph\":[{\"@type\":\"WebPage\",\"@id\":\"http:\/\/olilioli.md\/ru\/magazin\/toate-produsele-olilioli\/jucarii\/jucarie-din-desen\/\",\"url\":\"http:\/\/olilioli.md\/ru\/magazin\/toate-produsele-olilioli\/jucarii\/jucarie-din-desen\/\",\"name\":\"Juc\u0103rie din desen - Olilioli\",\"isPartOf\":{\"@id\":\"http:\/\/olilioli.md\/ru\/#website\"},\"primaryImageOfPage\":{\"@id\":\"http:\/\/olilioli.md\/ru\/magazin\/toate-produsele-olilioli\/jucarii\/jucarie-din-desen\/#primaryimage\"},\"image\":{\"@id\":\"http:\/\/olilioli.md\/ru\/magazin\/toate-produsele-olilioli\/jucarii\/jucarie-din-desen\/#primaryimage\"},\"thumbnailUrl\":\"https:\/\/olilioli.md\/wp-content\/uploads\/2025\/05\/jucarie-desen-oli-1.png\",\"datePublished\":\"2025-05-14T20:25:02+00:00\",\"dateModified\":\"2026-04-06T10:20:21+00:00\",\"description\":\"Transformam desenele copiilor in jucarii.\u201eCeea ce am creat eu conteaza, pentru c\u0103 eu sunt important.\u201dCrearea unei juc\u0103rii dintr-un desen \u00ee\u021bi ofer\u0103 primul semn al \u00eencrederii \u00een propriile idei. Fiecare crea\u021bie devine o validare a copilului: G\u00e2ndurile mele au valoare. Aceasta pune bazele unei identitati increzute la maturitate.\",\"breadcrumb\":{\"@id\":\"http:\/\/olilioli.md\/ru\/magazin\/toate-produsele-olilioli\/jucarii\/jucarie-din-desen\/#breadcrumb\"},\"inLanguage\":\"ru-RU\",\"potentialAction\":[{\"@type\":\"ReadAction\",\"target\":[\"http:\/\/olilioli.md\/ru\/magazin\/toate-produsele-olilioli\/jucarii\/jucarie-din-desen\/\"]}]},{\"@type\":\"ImageObject\",\"inLanguage\":\"ru-RU\",\"@id\":\"http:\/\/olilioli.md\/ru\/magazin\/toate-produsele-olilioli\/jucarii\/jucarie-din-desen\/#primaryimage\",\"url\":\"https:\/\/olilioli.md\/wp-content\/uploads\/2025\/05\/jucarie-desen-oli-1.png\",\"contentUrl\":\"https:\/\/olilioli.md\/wp-content\/uploads\/2025\/05\/jucarie-desen-oli-1.png\",\"width\":803,\"height\":978},{\"@type\":\"BreadcrumbList\",\"@id\":\"http:\/\/olilioli.md\/ru\/magazin\/toate-produsele-olilioli\/jucarii\/jucarie-din-desen\/#breadcrumb\",\"itemListElement\":[{\"@type\":\"ListItem\",\"position\":1,\"name\":\"Prima pagin\u0103\",\"item\":\"http:\/\/olilioli.md\/ru\/\"},{\"@type\":\"ListItem\",\"position\":2,\"name\":\"Categorii\",\"item\":\"https:\/\/olilioli.md\/ru\/categorii\/\"},{\"@type\":\"ListItem\",\"position\":3,\"name\":\"Juc\u0103rie din desen\"}]},{\"@type\":\"WebSite\",\"@id\":\"http:\/\/olilioli.md\/ru\/#website\",\"url\":\"http:\/\/olilioli.md\/ru\/\",\"name\":\"Olilioli\",\"description\":\"produse ecologice pentru copii\",\"publisher\":{\"@id\":\"http:\/\/olilioli.md\/ru\/#organization\"},\"potentialAction\":[{\"@type\":\"SearchAction\",\"target\":{\"@type\":\"EntryPoint\",\"urlTemplate\":\"http:\/\/olilioli.md\/ru\/?s={search_term_string}\"},\"query-input\":{\"@type\":\"PropertyValueSpecification\",\"valueRequired\":true,\"valueName\":\"search_term_string\"}}],\"inLanguage\":\"ru-RU\"},{\"@type\":\"Organization\",\"@id\":\"http:\/\/olilioli.md\/ru\/#organization\",\"name\":\"Olilioli\",\"url\":\"http:\/\/olilioli.md\/ru\/\",\"logo\":{\"@type\":\"ImageObject\",\"inLanguage\":\"ru-RU\",\"@id\":\"http:\/\/olilioli.md\/ru\/#\/schema\/logo\/image\/\",\"url\":\"https:\/\/olilioli.md\/wp-content\/uploads\/2023\/02\/olilioli_logo-min.png\",\"contentUrl\":\"https:\/\/olilioli.md\/wp-content\/uploads\/2023\/02\/olilioli_logo-min.png\",\"width\":138,\"height\":36,\"caption\":\"Olilioli\"},\"image\":{\"@id\":\"http:\/\/olilioli.md\/ru\/#\/schema\/logo\/image\/\"}}]}<\/script>\n<!-- \/ Yoast SEO plugin. -->","yoast_head_json":{"title":"Juc\u0103rie din desen - Olilioli","description":"Transformam desenele copiilor in jucarii.\u201eCeea ce am creat eu conteaza, pentru c\u0103 eu sunt important.\u201dCrearea unei juc\u0103rii dintr-un desen \u00ee\u021bi ofer\u0103 primul semn al \u00eencrederii \u00een propriile idei. Fiecare crea\u021bie devine o validare a copilului: G\u00e2ndurile mele au valoare. Aceasta pune bazele unei identitati increzute la maturitate.","robots":{"index":"index","follow":"follow","max-snippet":"max-snippet:-1","max-image-preview":"max-image-preview:large","max-video-preview":"max-video-preview:-1"},"canonical":"http:\/\/olilioli.md\/ru\/magazin\/toate-produsele-olilioli\/jucarii\/jucarie-din-desen\/","og_locale":"ru_RU","og_type":"article","og_title":"Juc\u0103rie din desen - Olilioli","og_description":"Transformam desenele copiilor in jucarii.\u201eCeea ce am creat eu conteaza, pentru c\u0103 eu sunt important.\u201dCrearea unei juc\u0103rii dintr-un desen \u00ee\u021bi ofer\u0103 primul semn al \u00eencrederii \u00een propriile idei. Fiecare crea\u021bie devine o validare a copilului: G\u00e2ndurile mele au valoare. Aceasta pune bazele unei identitati increzute la maturitate.","og_url":"http:\/\/olilioli.md\/ru\/magazin\/toate-produsele-olilioli\/jucarii\/jucarie-din-desen\/","og_site_name":"Olilioli","article_modified_time":"2026-04-06T10:20:21+00:00","og_image":[{"width":803,"height":978,"url":"https:\/\/olilioli.md\/wp-content\/uploads\/2025\/05\/jucarie-desen-oli-1.png","type":"image\/png"}],"twitter_card":"summary_large_image","twitter_misc":{"\u041f\u0440\u0438\u043c\u0435\u0440\u043d\u043e\u0435 \u0432\u0440\u0435\u043c\u044f \u0434\u043b\u044f \u0447\u0442\u0435\u043d\u0438\u044f":"4 \u043c\u0438\u043d\u0443\u0442\u044b"},"schema":{"@context":"https:\/\/schema.org","@graph":[{"@type":"WebPage","@id":"http:\/\/olilioli.md\/ru\/magazin\/toate-produsele-olilioli\/jucarii\/jucarie-din-desen\/","url":"http:\/\/olilioli.md\/ru\/magazin\/toate-produsele-olilioli\/jucarii\/jucarie-din-desen\/","name":"Juc\u0103rie din desen - Olilioli","isPartOf":{"@id":"http:\/\/olilioli.md\/ru\/#website"},"primaryImageOfPage":{"@id":"http:\/\/olilioli.md\/ru\/magazin\/toate-produsele-olilioli\/jucarii\/jucarie-din-desen\/#primaryimage"},"image":{"@id":"http:\/\/olilioli.md\/ru\/magazin\/toate-produsele-olilioli\/jucarii\/jucarie-din-desen\/#primaryimage"},"thumbnailUrl":"https:\/\/olilioli.md\/wp-content\/uploads\/2025\/05\/jucarie-desen-oli-1.png","datePublished":"2025-05-14T20:25:02+00:00","dateModified":"2026-04-06T10:20:21+00:00","description":"Transformam desenele copiilor in jucarii.\u201eCeea ce am creat eu conteaza, pentru c\u0103 eu sunt important.\u201dCrearea unei juc\u0103rii dintr-un desen \u00ee\u021bi ofer\u0103 primul semn al \u00eencrederii \u00een propriile idei. Fiecare crea\u021bie devine o validare a copilului: G\u00e2ndurile mele au valoare. Aceasta pune bazele unei identitati increzute la maturitate.","breadcrumb":{"@id":"http:\/\/olilioli.md\/ru\/magazin\/toate-produsele-olilioli\/jucarii\/jucarie-din-desen\/#breadcrumb"},"inLanguage":"ru-RU","potentialAction":[{"@type":"ReadAction","target":["http:\/\/olilioli.md\/ru\/magazin\/toate-produsele-olilioli\/jucarii\/jucarie-din-desen\/"]}]},{"@type":"ImageObject","inLanguage":"ru-RU","@id":"http:\/\/olilioli.md\/ru\/magazin\/toate-produsele-olilioli\/jucarii\/jucarie-din-desen\/#primaryimage","url":"https:\/\/olilioli.md\/wp-content\/uploads\/2025\/05\/jucarie-desen-oli-1.png","contentUrl":"https:\/\/olilioli.md\/wp-content\/uploads\/2025\/05\/jucarie-desen-oli-1.png","width":803,"height":978},{"@type":"BreadcrumbList","@id":"http:\/\/olilioli.md\/ru\/magazin\/toate-produsele-olilioli\/jucarii\/jucarie-din-desen\/#breadcrumb","itemListElement":[{"@type":"ListItem","position":1,"name":"Prima pagin\u0103","item":"http:\/\/olilioli.md\/ru\/"},{"@type":"ListItem","position":2,"name":"Categorii","item":"https:\/\/olilioli.md\/ru\/categorii\/"},{"@type":"ListItem","position":3,"name":"Juc\u0103rie din desen"}]},{"@type":"WebSite","@id":"http:\/\/olilioli.md\/ru\/#website","url":"http:\/\/olilioli.md\/ru\/","name":"Olilioli","description":"produse ecologice pentru copii","publisher":{"@id":"http:\/\/olilioli.md\/ru\/#organization"},"potentialAction":[{"@type":"SearchAction","target":{"@type":"EntryPoint","urlTemplate":"http:\/\/olilioli.md\/ru\/?s={search_term_string}"},"query-input":{"@type":"PropertyValueSpecification","valueRequired":true,"valueName":"search_term_string"}}],"inLanguage":"ru-RU"},{"@type":"Organization","@id":"http:\/\/olilioli.md\/ru\/#organization","name":"Olilioli","url":"http:\/\/olilioli.md\/ru\/","logo":{"@type":"ImageObject","inLanguage":"ru-RU","@id":"http:\/\/olilioli.md\/ru\/#\/schema\/logo\/image\/","url":"https:\/\/olilioli.md\/wp-content\/uploads\/2023\/02\/olilioli_logo-min.png","contentUrl":"https:\/\/olilioli.md\/wp-content\/uploads\/2023\/02\/olilioli_logo-min.png","width":138,"height":36,"caption":"Olilioli"},"image":{"@id":"http:\/\/olilioli.md\/ru\/#\/schema\/logo\/image\/"}}]}},"wcpa_form_fields":null,"_links":{"self":[{"href":"http:\/\/olilioli.md\/ru\/wp-json\/wp\/v2\/product\/991492","targetHints":{"allow":["GET"]}}],"collection":[{"href":"http:\/\/olilioli.md\/ru\/wp-json\/wp\/v2\/product"}],"about":[{"href":"http:\/\/olilioli.md\/ru\/wp-json\/wp\/v2\/types\/product"}],"version-history":[{"count":17,"href":"http:\/\/olilioli.md\/ru\/wp-json\/wp\/v2\/product\/991492\/revisions"}],"predecessor-version":[{"id":991512,"href":"http:\/\/olilioli.md\/ru\/wp-json\/wp\/v2\/product\/991492\/revisions\/991512"}],"wp:featuredmedia":[{"embeddable":true,"href":"http:\/\/olilioli.md\/ru\/wp-json\/wp\/v2\/media\/991493"}],"wp:attachment":[{"href":"http:\/\/olilioli.md\/ru\/wp-json\/wp\/v2\/media?parent=991492"}],"wp:term":[{"taxonomy":"product_cat","embeddable":true,"href":"http:\/\/olilioli.md\/ru\/wp-json\/wp\/v2\/product_cat?post=991492"},{"taxonomy":"product_tag","embeddable":true,"href":"http:\/\/olilioli.md\/ru\/wp-json\/wp\/v2\/product_tag?post=991492"}],"curies":[{"name":"wp","href":"https:\/\/api.w.org\/{rel}","templated":true}]}}