{"id":3,"date":"2022-03-16T16:57:16","date_gmt":"2022-03-16T16:57:16","guid":{"rendered":"https:\/\/debebe.vamtam.com\/?page_id=3"},"modified":"2023-10-26T09:23:51","modified_gmt":"2023-10-26T09:23:51","slug":"privacy-policy","status":"publish","type":"page","link":"https:\/\/olilioli.md\/ru\/privacy-policy\/","title":{"rendered":"Politic\u0103 de confiden\u021bialitate"},"content":{"rendered":"\t\t<div data-elementor-type=\"wp-page\" data-elementor-id=\"3\" class=\"elementor elementor-3\" data-elementor-post-type=\"page\">\n\t\t\t\t\t\t\t\t\t<section class=\"elementor-section elementor-top-section elementor-element elementor-element-a11b58a elementor-section-boxed elementor-section-height-default elementor-section-height-default\" data-id=\"a11b58a\" data-element_type=\"section\">\n\t\t\t\t\t\t<div class=\"elementor-container elementor-column-gap-no\">\n\t\t\t\t\t<div class=\"elementor-column elementor-col-100 elementor-top-column elementor-element elementor-element-cee101d\" data-id=\"cee101d\" data-element_type=\"column\">\n\t\t\t<div class=\"elementor-widget-wrap elementor-element-populated\">\n\t\t\t\t\t\t\t\t\t<\/div>\n\t\t<\/div>\n\t\t\t\t\t\t\t<\/div>\n\t\t<\/section>\n\t\t\t\t<section class=\"elementor-section elementor-top-section elementor-element elementor-element-d3f2856 elementor-section-boxed elementor-section-height-default elementor-section-height-default\" data-id=\"d3f2856\" data-element_type=\"section\">\n\t\t\t\t\t\t<div class=\"elementor-container elementor-column-gap-no\">\n\t\t\t\t\t<div class=\"elementor-column elementor-col-100 elementor-top-column elementor-element elementor-element-96cf12d\" data-id=\"96cf12d\" data-element_type=\"column\">\n\t\t\t<div class=\"elementor-widget-wrap elementor-element-populated\">\n\t\t\t\t\t\t\t\t<div class=\"elementor-element elementor-element-d460023 elementor-widget elementor-widget-heading\" data-id=\"d460023\" data-element_type=\"widget\" data-widget_type=\"heading.default\">\n\t\t\t\t<div class=\"elementor-widget-container\">\n\t\t\t<style>\/*! elementor - v3.17.0 - 25-10-2023 *\/\n.elementor-heading-title{padding:0;margin:0;line-height:1}.elementor-widget-heading .elementor-heading-title[class*=elementor-size-]>a{color:inherit;font-size:inherit;line-height:inherit}.elementor-widget-heading .elementor-heading-title.elementor-size-small{font-size:15px}.elementor-widget-heading .elementor-heading-title.elementor-size-medium{font-size:19px}.elementor-widget-heading .elementor-heading-title.elementor-size-large{font-size:29px}.elementor-widget-heading .elementor-heading-title.elementor-size-xl{font-size:39px}.elementor-widget-heading .elementor-heading-title.elementor-size-xxl{font-size:59px}<\/style><h3 class=\"elementor-heading-title elementor-size-default\">Ultima actualizare: 26 Octombrie 2023 <\/h3>\t\t<\/div>\n\t\t\t\t<\/div>\n\t\t\t\t<div class=\"elementor-element elementor-element-f6bccdc elementor-widget elementor-widget-text-editor\" data-id=\"f6bccdc\" data-element_type=\"widget\" data-widget_type=\"text-editor.default\">\n\t\t\t\t<div class=\"elementor-widget-container\">\n\t\t\t<style>\/*! elementor - v3.17.0 - 25-10-2023 *\/\n.elementor-widget-text-editor.elementor-drop-cap-view-stacked .elementor-drop-cap{background-color:#69727d;color:#fff}.elementor-widget-text-editor.elementor-drop-cap-view-framed .elementor-drop-cap{color:#69727d;border:3px solid;background-color:transparent}.elementor-widget-text-editor:not(.elementor-drop-cap-view-default) .elementor-drop-cap{margin-top:8px}.elementor-widget-text-editor:not(.elementor-drop-cap-view-default) .elementor-drop-cap-letter{width:1em;height:1em}.elementor-widget-text-editor .elementor-drop-cap{float:left;text-align:center;line-height:1;font-size:50px}.elementor-widget-text-editor .elementor-drop-cap-letter{display:inline-block}<\/style>\t\t\t\t<p>Mul\u021bumim c\u0103 a\u021bi ales s\u0103 vizita\u021bi \u0219i s\u0103 utiliza\u021bi site-ul web Olilioli.md. Aceast\u0103 pagin\u0103 de Politic\u0103 de Confiden\u021bialitate v\u0103 explic\u0103 cum colect\u0103m, stoc\u0103m, utiliz\u0103m \u0219i protej\u0103m datele dvs. cu caracter personal. V\u0103 rug\u0103m s\u0103 citi\u021bi cu aten\u021bie aceast\u0103 politic\u0103 pentru a \u00een\u021belege modul \u00een care prelucr\u0103m datele dvs. \u0219i pentru a v\u0103 asigura c\u0103 sunte\u021bi confortabil cu modul \u00een care ne gestion\u0103m informa\u021biile.<\/p>\t\t\t\t\t\t<\/div>\n\t\t\t\t<\/div>\n\t\t\t\t<div class=\"elementor-element elementor-element-eb3ec4b elementor-widget elementor-widget-heading\" data-id=\"eb3ec4b\" data-element_type=\"widget\" data-widget_type=\"heading.default\">\n\t\t\t\t<div class=\"elementor-widget-container\">\n\t\t\t<h3 class=\"elementor-heading-title elementor-size-default\">Informa\u021bii colectate<\/h3>\t\t<\/div>\n\t\t\t\t<\/div>\n\t\t\t\t<div class=\"elementor-element elementor-element-5894aa0 elementor-widget elementor-widget-text-editor\" data-id=\"5894aa0\" data-element_type=\"widget\" data-widget_type=\"text-editor.default\">\n\t\t\t\t<div class=\"elementor-widget-container\">\n\t\t\t\t\t\t\t<p><strong>Informa\u021bii cu caracter personal:<\/strong> La utilizarea site-ului Olilioli.md, este posibil s\u0103 colect\u0103m urm\u0103toarele tipuri de date cu caracter personal:<\/p><ul><li>Numele dvs.<\/li><li>Adresa de e-mail<\/li><li>Num\u0103rul de telefon<\/li><li>Adresa de livrare<\/li><li>Informa\u021bii de plat\u0103 (atunci c\u00e2nd efectua\u021bi tranzac\u021bii pe site)<\/li><\/ul>\t\t\t\t\t\t<\/div>\n\t\t\t\t<\/div>\n\t\t\t\t<div class=\"elementor-element elementor-element-cc36a54 elementor-widget elementor-widget-text-editor\" data-id=\"cc36a54\" data-element_type=\"widget\" data-widget_type=\"text-editor.default\">\n\t\t\t\t<div class=\"elementor-widget-container\">\n\t\t\t\t\t\t\t<p>Aceste date cu caracter personal sunt colectate numai atunci c\u00e2nd le furniza\u021bi voluntar, de exemplu, atunci c\u00e2nd completa\u021bi formularele de comand\u0103, \u00eenregistra\u021bi un cont sau ne contacta\u021bi pentru asisten\u021b\u0103.<\/p>\t\t\t\t\t\t<\/div>\n\t\t\t\t<\/div>\n\t\t\t\t<div class=\"elementor-element elementor-element-501b2c4 elementor-widget elementor-widget-text-editor\" data-id=\"501b2c4\" data-element_type=\"widget\" data-widget_type=\"text-editor.default\">\n\t\t\t\t<div class=\"elementor-widget-container\">\n\t\t\t\t\t\t\t<p><strong>Informa\u021bii non-personale:<\/strong> \u00cen timpul navig\u0103rii pe site, putem colecta informa\u021bii non-personale, cum ar fi adresele IP, tipul de browser, sistemul de operare \u0219i paginile web pe care le-a\u021bi vizitat. Aceste informa\u021bii ne ajut\u0103 s\u0103 \u00een\u021belegem modul \u00een care utilizatorii interac\u021bioneaz\u0103 cu site-ul nostru, dar nu sunt asociate cu identitatea dvs.<\/p>\t\t\t\t\t\t<\/div>\n\t\t\t\t<\/div>\n\t\t\t\t<div class=\"elementor-element elementor-element-f3e2c6e elementor-widget elementor-widget-heading\" data-id=\"f3e2c6e\" data-element_type=\"widget\" data-widget_type=\"heading.default\">\n\t\t\t\t<div class=\"elementor-widget-container\">\n\t\t\t<h3 class=\"elementor-heading-title elementor-size-default\">Scopul prelucr\u0103rii datelor cu caracter personal<\/h3>\t\t<\/div>\n\t\t\t\t<\/div>\n\t\t\t\t<div class=\"elementor-element elementor-element-458dd35 elementor-widget elementor-widget-text-editor\" data-id=\"458dd35\" data-element_type=\"widget\" data-widget_type=\"text-editor.default\">\n\t\t\t\t<div class=\"elementor-widget-container\">\n\t\t\t\t\t\t\t<p>Colect\u0103m \u0219i prelucr\u0103m datele cu caracter personal \u00een urm\u0103toarele scopuri:<\/p><ul><li>Procesarea comenzilor pe site \u0219i livrarea produselor sau serviciilor solicitate.<\/li><li>Comunicarea cu dvs. \u00een leg\u0103tur\u0103 cu comenzile, solicit\u0103rile sau \u00eentreb\u0103rile dvs.<\/li><li>Furnizarea de asisten\u021b\u0103 clien\u021bi \u0219i suport tehnic.<\/li><li>Administrarea contului dvs. pe site-ul nostru.<\/li><li>Trimiterea de actualiz\u0103ri, oferte speciale \u0219i informa\u021bii relevante despre produse sau servicii (doar cu consim\u021b\u0103m\u00e2ntul dvs. expres).<\/li><\/ul>\t\t\t\t\t\t<\/div>\n\t\t\t\t<\/div>\n\t\t\t\t<div class=\"elementor-element elementor-element-ea99e99 elementor-widget elementor-widget-heading\" data-id=\"ea99e99\" data-element_type=\"widget\" data-widget_type=\"heading.default\">\n\t\t\t\t<div class=\"elementor-widget-container\">\n\t\t\t<h3 class=\"elementor-heading-title elementor-size-default\">Protec\u021bia datelor cu caracter personal<\/h3>\t\t<\/div>\n\t\t\t\t<\/div>\n\t\t\t\t<div class=\"elementor-element elementor-element-730d8aa elementor-widget elementor-widget-text-editor\" data-id=\"730d8aa\" data-element_type=\"widget\" data-widget_type=\"text-editor.default\">\n\t\t\t\t<div class=\"elementor-widget-container\">\n\t\t\t\t\t\t\t<p>Ne angaj\u0103m s\u0103 protej\u0103m datele dvs. cu caracter personal \u0219i s\u0103 asigur\u0103m confiden\u021bialitatea acestora. Implement\u0103m m\u0103suri de securitate tehnice \u0219i organizatorice pentru a proteja datele \u00eempotriva accesului neautorizat, pierderii sau alter\u0103rii acestora.<\/p>\t\t\t\t\t\t<\/div>\n\t\t\t\t<\/div>\n\t\t\t\t<div class=\"elementor-element elementor-element-1f6642f elementor-widget elementor-widget-heading\" data-id=\"1f6642f\" data-element_type=\"widget\" data-widget_type=\"heading.default\">\n\t\t\t\t<div class=\"elementor-widget-container\">\n\t\t\t<h3 class=\"elementor-heading-title elementor-size-default\">P\u0103strarea datelor<\/h3>\t\t<\/div>\n\t\t\t\t<\/div>\n\t\t\t\t<div class=\"elementor-element elementor-element-8e34c01 elementor-widget elementor-widget-text-editor\" data-id=\"8e34c01\" data-element_type=\"widget\" data-widget_type=\"text-editor.default\">\n\t\t\t\t<div class=\"elementor-widget-container\">\n\t\t\t\t\t\t\t<p>P\u0103str\u0103m datele cu caracter personal doar at\u00e2ta timp c\u00e2t este necesar pentru scopurile pentru care au fost colectate \u0219i conform legisla\u021biei aplicabile. Dup\u0103 \u00eendeplinirea scopurilor, datele vor fi \u0219terse sau anonimizate.<\/p>\t\t\t\t\t\t<\/div>\n\t\t\t\t<\/div>\n\t\t\t\t<div class=\"elementor-element elementor-element-8dd5888 elementor-widget elementor-widget-heading\" data-id=\"8dd5888\" data-element_type=\"widget\" data-widget_type=\"heading.default\">\n\t\t\t\t<div class=\"elementor-widget-container\">\n\t\t\t<h3 class=\"elementor-heading-title elementor-size-default\">Partajarea datelor cu ter\u021be p\u0103r\u021bi<\/h3>\t\t<\/div>\n\t\t\t\t<\/div>\n\t\t\t\t<div class=\"elementor-element elementor-element-66fe7d1 elementor-widget elementor-widget-text-editor\" data-id=\"66fe7d1\" data-element_type=\"widget\" data-widget_type=\"text-editor.default\">\n\t\t\t\t<div class=\"elementor-widget-container\">\n\t\t\t\t\t\t\t<p>Nu vom partaja datele dvs. cu caracter personal cu ter\u021be p\u0103r\u021bi f\u0103r\u0103 consim\u021b\u0103m\u00e2ntul dvs. prealabil, cu excep\u021bia cazurilor \u00een care este necesar pentru a \u00eendeplini obliga\u021biile contractuale sau \u00een conformitate cu legea aplicabil\u0103.<\/p>\t\t\t\t\t\t<\/div>\n\t\t\t\t<\/div>\n\t\t\t\t<div class=\"elementor-element elementor-element-f19473d elementor-widget elementor-widget-heading\" data-id=\"f19473d\" data-element_type=\"widget\" data-widget_type=\"heading.default\">\n\t\t\t\t<div class=\"elementor-widget-container\">\n\t\t\t<h3 class=\"elementor-heading-title elementor-size-default\">Drepturile dvs.<\/h3>\t\t<\/div>\n\t\t\t\t<\/div>\n\t\t\t\t<div class=\"elementor-element elementor-element-cee9fce elementor-widget elementor-widget-text-editor\" data-id=\"cee9fce\" data-element_type=\"widget\" data-widget_type=\"text-editor.default\">\n\t\t\t\t<div class=\"elementor-widget-container\">\n\t\t\t\t\t\t\t<p>Conform legisla\u021biei privind protec\u021bia datelor, ave\u021bi dreptul de a solicita accesul la datele dvs. cu caracter personal, rectificarea acestora, \u0219tergerea lor sau restric\u021bionarea prelucr\u0103rii. De asemenea, ave\u021bi dreptul de a v\u0103 opune prelucr\u0103rii datelor dvs. \u0219i de a v\u0103 retrage consim\u021b\u0103m\u00e2ntul acordat anterior. Pentru a exercita aceste drepturi, v\u0103 rug\u0103m s\u0103 ne contacta\u021bi prin informa\u021biile de contact de mai jos.<\/p>\t\t\t\t\t\t<\/div>\n\t\t\t\t<\/div>\n\t\t\t\t<div class=\"elementor-element elementor-element-0bc731d elementor-widget elementor-widget-heading\" data-id=\"0bc731d\" data-element_type=\"widget\" data-widget_type=\"heading.default\">\n\t\t\t\t<div class=\"elementor-widget-container\">\n\t\t\t<h3 class=\"elementor-heading-title elementor-size-default\">Modific\u0103ri ale Politicii de Confiden\u021bialitate<\/h3>\t\t<\/div>\n\t\t\t\t<\/div>\n\t\t\t\t<div class=\"elementor-element elementor-element-87801d3 elementor-widget elementor-widget-text-editor\" data-id=\"87801d3\" data-element_type=\"widget\" data-widget_type=\"text-editor.default\">\n\t\t\t\t<div class=\"elementor-widget-container\">\n\t\t\t\t\t\t\t<p>Aceast\u0103 politic\u0103 de confiden\u021bialitate poate fi actualizat\u0103 periodic pentru a reflecta modific\u0103rile \u00een practicile noastre privind protec\u021bia datelor sau \u00een conformitate cu modific\u0103rile legale. V\u0103 recomand\u0103m s\u0103 revizui\u021bi periodic aceast\u0103 politic\u0103 pentru a fi la curent cu modul \u00een care gestion\u0103m datele dvs. cu caracter personal.<\/p>\t\t\t\t\t\t<\/div>\n\t\t\t\t<\/div>\n\t\t\t\t<div class=\"elementor-element elementor-element-3aaaa60 elementor-widget elementor-widget-heading\" data-id=\"3aaaa60\" data-element_type=\"widget\" data-widget_type=\"heading.default\">\n\t\t\t\t<div class=\"elementor-widget-container\">\n\t\t\t<h3 class=\"elementor-heading-title elementor-size-default\">Contact<\/h3>\t\t<\/div>\n\t\t\t\t<\/div>\n\t\t\t\t<div class=\"elementor-element elementor-element-44fdd1a elementor-widget elementor-widget-text-editor\" data-id=\"44fdd1a\" data-element_type=\"widget\" data-widget_type=\"text-editor.default\">\n\t\t\t\t<div class=\"elementor-widget-container\">\n\t\t\t\t\t\t\t<p>Dac\u0103 ave\u021bi \u00eentreb\u0103ri, preocup\u0103ri sau solicit\u0103ri legate de aceast\u0103 Politic\u0103 de Confiden\u021bialitate sau de modul \u00een care prelucr\u0103m datele dvs. cu caracter personal, v\u0103 rug\u0103m s\u0103 ne contacta\u021bi folosind informa\u021biile de contact de mai jos:<\/p><p>Adres\u0103 po\u0219tal\u0103:<br \/>&#8221; Davidoli &#8221; S.R.L.<br \/>MD\u00a0&#8211; 2005, str. Albisoara 82\/1 ap. 84<br \/>Republica\u00a0Moldova<\/p><p>Adres\u0103 de e-mail: hello@olilioli.md<\/p><p>Num\u0103r de telefon: 079 782226<\/p><p>Ne angaj\u0103m s\u0103 r\u0103spundem \u00een termen rezonabil la toate solicit\u0103rile dvs. \u0219i s\u0103 rezolv\u0103m orice probleme legate de protec\u021bia datelor.<\/p><p>Prin continuarea utiliz\u0103rii site-ului Olilioli.md, sunte\u021bi de acord cu aceast\u0103 Politic\u0103 de Confiden\u021bialitate \u0219i cu prelucrarea datelor dvs. cu caracter personal conform acesteia. Dac\u0103 nu sunte\u021bi de acord cu aceast\u0103 politic\u0103, v\u0103 rug\u0103m s\u0103 \u00eenceta\u021bi utilizarea site-ului nostru.<\/p><p>Mul\u021bumim pentru \u00eencrederea acordat\u0103 \u0219i pentru c\u0103 a\u021bi ales s\u0103 vizita\u021bi Olilioli.md. Ne angaj\u0103m s\u0103 protej\u0103m datele dvs. cu caracter personal \u0219i s\u0103 v\u0103 oferim o experien\u021b\u0103 sigur\u0103 pe site-ul nostru.<\/p><p>Administrator Olilioli.md<\/p><p>26 Octombrie 2023<\/p>\t\t\t\t\t\t<\/div>\n\t\t\t\t<\/div>\n\t\t\t\t<div class=\"vamtam-has-theme-widget-styles elementor-element elementor-element-fa6854f elementor-widget elementor-widget-image\" data-id=\"fa6854f\" data-element_type=\"widget\" data-widget_type=\"image.default\">\n\t\t\t\t<div class=\"elementor-widget-container\">\n\t\t\t<style>\/*! elementor - v3.17.0 - 25-10-2023 *\/\n.elementor-widget-image{text-align:center}.elementor-widget-image a{display:inline-block}.elementor-widget-image a img[src$=\".svg\"]{width:48px}.elementor-widget-image img{vertical-align:middle;display:inline-block}<\/style>\t\t\t\t<div class=\"elementor-image\">\n\t\t\t\t\t\t\t\t\t\t\t\t\t\t\t\t\t\t\t\t\t<img decoding=\"async\" width=\"104\" height=\"125\" src=\"https:\/\/olilioli.md\/wp-content\/uploads\/2023\/02\/avantaj-02.svg\" class=\"attachment-large size-large wp-image-987940\" alt=\"\" \/>\t\t\t\t\t\t\t\t\t\t\t\t\t\t\t\t\t\t\t\t\t\t\t\t<\/div>\n\t\t\t\t\t\t<\/div>\n\t\t\t\t<\/div>\n\t\t\t\t<div class=\"vamtam-has-theme-widget-styles elementor-element elementor-element-713a131 elementor-widget elementor-widget-image\" data-id=\"713a131\" data-element_type=\"widget\" data-widget_type=\"image.default\">\n\t\t\t\t<div class=\"elementor-widget-container\">\n\t\t\t\t\t\t\t<div class=\"elementor-image\">\n\t\t\t\t\t\t\t\t\t\t\t\t\t\t\t\t\t\t\t\t\t<img decoding=\"async\" width=\"130\" height=\"25\" src=\"https:\/\/olilioli.md\/wp-content\/uploads\/2022\/06\/animal-underline.svg\" class=\"attachment-large size-large wp-image-6961\" alt=\"\" \/>\t\t\t\t\t\t\t\t\t\t\t\t\t\t\t\t\t\t\t\t\t\t\t\t<\/div>\n\t\t\t\t\t\t<\/div>\n\t\t\t\t<\/div>\n\t\t\t\t\t<\/div>\n\t\t<\/div>\n\t\t\t\t\t\t\t<\/div>\n\t\t<\/section>\n\t\t\t\t\t\t\t<\/div>\n\t\t","protected":false},"excerpt":{"rendered":"<p>Ultima actualizare: 26 Octombrie 2023 Mul\u021bumim c\u0103 a\u021bi ales s\u0103 vizita\u021bi \u0219i s\u0103 utiliza\u021bi site-ul web Olilioli.md. Aceast\u0103 pagin\u0103 de Politic\u0103 de Confiden\u021bialitate v\u0103 explic\u0103 cum colect\u0103m, stoc\u0103m, utiliz\u0103m \u0219i protej\u0103m datele dvs. cu caracter personal. V\u0103 rug\u0103m s\u0103 citi\u021bi cu aten\u021bie aceast\u0103 politic\u0103 pentru a \u00een\u021belege modul \u00een care prelucr\u0103m datele dvs. \u0219i pentru&#8230;<\/p>","protected":false},"author":1,"featured_media":0,"parent":0,"menu_order":0,"comment_status":"closed","ping_status":"closed","template":"","meta":{"om_disable_all_campaigns":false,"footnotes":""},"class_list":["post-3","page","type-page","status-publish","hentry"],"yoast_head":"<!-- This site is optimized with the Yoast SEO plugin v27.4 - https:\/\/yoast.com\/product\/yoast-seo-wordpress\/ -->\n<title>Politic\u0103 de confiden\u021bialitate - Olilioli<\/title>\n<meta name=\"robots\" content=\"index, follow, max-snippet:-1, max-image-preview:large, max-video-preview:-1\" \/>\n<link rel=\"canonical\" href=\"https:\/\/olilioli.md\/ru\/privacy-policy\/\" \/>\n<meta property=\"og:locale\" content=\"ru_RU\" \/>\n<meta property=\"og:type\" content=\"article\" \/>\n<meta property=\"og:title\" content=\"Politic\u0103 de confiden\u021bialitate - Olilioli\" \/>\n<meta property=\"og:description\" content=\"Ultima actualizare: 26 Octombrie 2023 Mul\u021bumim c\u0103 a\u021bi ales s\u0103 vizita\u021bi \u0219i s\u0103 utiliza\u021bi site-ul web Olilioli.md. Aceast\u0103 pagin\u0103 de Politic\u0103 de Confiden\u021bialitate v\u0103 explic\u0103 cum colect\u0103m, stoc\u0103m, utiliz\u0103m \u0219i protej\u0103m datele dvs. cu caracter personal. V\u0103 rug\u0103m s\u0103 citi\u021bi cu aten\u021bie aceast\u0103 politic\u0103 pentru a \u00een\u021belege modul \u00een care prelucr\u0103m datele dvs. \u0219i pentru...\" \/>\n<meta property=\"og:url\" content=\"https:\/\/olilioli.md\/ru\/privacy-policy\/\" \/>\n<meta property=\"og:site_name\" content=\"Olilioli\" \/>\n<meta property=\"article:modified_time\" content=\"2023-10-26T09:23:51+00:00\" \/>\n<meta property=\"og:image\" content=\"https:\/\/olilioli.md\/wp-content\/uploads\/2023\/02\/avantaj-02.svg\" \/>\n<meta name=\"twitter:card\" content=\"summary_large_image\" \/>\n<meta name=\"twitter:label1\" content=\"\u041f\u0440\u0438\u043c\u0435\u0440\u043d\u043e\u0435 \u0432\u0440\u0435\u043c\u044f \u0434\u043b\u044f \u0447\u0442\u0435\u043d\u0438\u044f\" \/>\n\t<meta name=\"twitter:data1\" content=\"4 \u043c\u0438\u043d\u0443\u0442\u044b\" \/>\n<script type=\"application\/ld+json\" class=\"yoast-schema-graph\">{\"@context\":\"https:\\\/\\\/schema.org\",\"@graph\":[{\"@type\":\"WebPage\",\"@id\":\"https:\\\/\\\/olilioli.md\\\/privacy-policy\\\/\",\"url\":\"https:\\\/\\\/olilioli.md\\\/privacy-policy\\\/\",\"name\":\"Politic\u0103 de confiden\u021bialitate - Olilioli\",\"isPartOf\":{\"@id\":\"https:\\\/\\\/olilioli.md\\\/ru\\\/#website\"},\"primaryImageOfPage\":{\"@id\":\"https:\\\/\\\/olilioli.md\\\/privacy-policy\\\/#primaryimage\"},\"image\":{\"@id\":\"https:\\\/\\\/olilioli.md\\\/privacy-policy\\\/#primaryimage\"},\"thumbnailUrl\":\"https:\\\/\\\/olilioli.md\\\/wp-content\\\/uploads\\\/2023\\\/02\\\/avantaj-02.svg\",\"datePublished\":\"2022-03-16T16:57:16+00:00\",\"dateModified\":\"2023-10-26T09:23:51+00:00\",\"breadcrumb\":{\"@id\":\"https:\\\/\\\/olilioli.md\\\/privacy-policy\\\/#breadcrumb\"},\"inLanguage\":\"ru-RU\",\"potentialAction\":[{\"@type\":\"ReadAction\",\"target\":[\"https:\\\/\\\/olilioli.md\\\/privacy-policy\\\/\"]}]},{\"@type\":\"ImageObject\",\"inLanguage\":\"ru-RU\",\"@id\":\"https:\\\/\\\/olilioli.md\\\/privacy-policy\\\/#primaryimage\",\"url\":\"https:\\\/\\\/olilioli.md\\\/wp-content\\\/uploads\\\/2023\\\/02\\\/avantaj-02.svg\",\"contentUrl\":\"https:\\\/\\\/olilioli.md\\\/wp-content\\\/uploads\\\/2023\\\/02\\\/avantaj-02.svg\"},{\"@type\":\"BreadcrumbList\",\"@id\":\"https:\\\/\\\/olilioli.md\\\/privacy-policy\\\/#breadcrumb\",\"itemListElement\":[{\"@type\":\"ListItem\",\"position\":1,\"name\":\"Prima pagin\u0103\",\"item\":\"https:\\\/\\\/olilioli.md\\\/ru\\\/\"},{\"@type\":\"ListItem\",\"position\":2,\"name\":\"Politic\u0103 de confiden\u021bialitate\"}]},{\"@type\":\"WebSite\",\"@id\":\"https:\\\/\\\/olilioli.md\\\/ru\\\/#website\",\"url\":\"https:\\\/\\\/olilioli.md\\\/ru\\\/\",\"name\":\"Olilioli\",\"description\":\"produse ecologice pentru copii\",\"publisher\":{\"@id\":\"https:\\\/\\\/olilioli.md\\\/ru\\\/#organization\"},\"potentialAction\":[{\"@type\":\"SearchAction\",\"target\":{\"@type\":\"EntryPoint\",\"urlTemplate\":\"https:\\\/\\\/olilioli.md\\\/ru\\\/?s={search_term_string}\"},\"query-input\":{\"@type\":\"PropertyValueSpecification\",\"valueRequired\":true,\"valueName\":\"search_term_string\"}}],\"inLanguage\":\"ru-RU\"},{\"@type\":\"Organization\",\"@id\":\"https:\\\/\\\/olilioli.md\\\/ru\\\/#organization\",\"name\":\"Olilioli\",\"url\":\"https:\\\/\\\/olilioli.md\\\/ru\\\/\",\"logo\":{\"@type\":\"ImageObject\",\"inLanguage\":\"ru-RU\",\"@id\":\"https:\\\/\\\/olilioli.md\\\/ru\\\/#\\\/schema\\\/logo\\\/image\\\/\",\"url\":\"https:\\\/\\\/olilioli.md\\\/wp-content\\\/uploads\\\/2023\\\/02\\\/olilioli_logo-min.png\",\"contentUrl\":\"https:\\\/\\\/olilioli.md\\\/wp-content\\\/uploads\\\/2023\\\/02\\\/olilioli_logo-min.png\",\"width\":138,\"height\":36,\"caption\":\"Olilioli\"},\"image\":{\"@id\":\"https:\\\/\\\/olilioli.md\\\/ru\\\/#\\\/schema\\\/logo\\\/image\\\/\"}}]}<\/script>\n<!-- \/ Yoast SEO plugin. -->","yoast_head_json":{"title":"Politic\u0103 de confiden\u021bialitate - Olilioli","robots":{"index":"index","follow":"follow","max-snippet":"max-snippet:-1","max-image-preview":"max-image-preview:large","max-video-preview":"max-video-preview:-1"},"canonical":"https:\/\/olilioli.md\/ru\/privacy-policy\/","og_locale":"ru_RU","og_type":"article","og_title":"Politic\u0103 de confiden\u021bialitate - Olilioli","og_description":"Ultima actualizare: 26 Octombrie 2023 Mul\u021bumim c\u0103 a\u021bi ales s\u0103 vizita\u021bi \u0219i s\u0103 utiliza\u021bi site-ul web Olilioli.md. Aceast\u0103 pagin\u0103 de Politic\u0103 de Confiden\u021bialitate v\u0103 explic\u0103 cum colect\u0103m, stoc\u0103m, utiliz\u0103m \u0219i protej\u0103m datele dvs. cu caracter personal. V\u0103 rug\u0103m s\u0103 citi\u021bi cu aten\u021bie aceast\u0103 politic\u0103 pentru a \u00een\u021belege modul \u00een care prelucr\u0103m datele dvs. \u0219i pentru...","og_url":"https:\/\/olilioli.md\/ru\/privacy-policy\/","og_site_name":"Olilioli","article_modified_time":"2023-10-26T09:23:51+00:00","og_image":[{"url":"https:\/\/olilioli.md\/wp-content\/uploads\/2023\/02\/avantaj-02.svg","type":"","width":"","height":""}],"twitter_card":"summary_large_image","twitter_misc":{"\u041f\u0440\u0438\u043c\u0435\u0440\u043d\u043e\u0435 \u0432\u0440\u0435\u043c\u044f \u0434\u043b\u044f \u0447\u0442\u0435\u043d\u0438\u044f":"4 \u043c\u0438\u043d\u0443\u0442\u044b"},"schema":{"@context":"https:\/\/schema.org","@graph":[{"@type":"WebPage","@id":"https:\/\/olilioli.md\/privacy-policy\/","url":"https:\/\/olilioli.md\/privacy-policy\/","name":"Politic\u0103 de confiden\u021bialitate - Olilioli","isPartOf":{"@id":"https:\/\/olilioli.md\/ru\/#website"},"primaryImageOfPage":{"@id":"https:\/\/olilioli.md\/privacy-policy\/#primaryimage"},"image":{"@id":"https:\/\/olilioli.md\/privacy-policy\/#primaryimage"},"thumbnailUrl":"https:\/\/olilioli.md\/wp-content\/uploads\/2023\/02\/avantaj-02.svg","datePublished":"2022-03-16T16:57:16+00:00","dateModified":"2023-10-26T09:23:51+00:00","breadcrumb":{"@id":"https:\/\/olilioli.md\/privacy-policy\/#breadcrumb"},"inLanguage":"ru-RU","potentialAction":[{"@type":"ReadAction","target":["https:\/\/olilioli.md\/privacy-policy\/"]}]},{"@type":"ImageObject","inLanguage":"ru-RU","@id":"https:\/\/olilioli.md\/privacy-policy\/#primaryimage","url":"https:\/\/olilioli.md\/wp-content\/uploads\/2023\/02\/avantaj-02.svg","contentUrl":"https:\/\/olilioli.md\/wp-content\/uploads\/2023\/02\/avantaj-02.svg"},{"@type":"BreadcrumbList","@id":"https:\/\/olilioli.md\/privacy-policy\/#breadcrumb","itemListElement":[{"@type":"ListItem","position":1,"name":"Prima pagin\u0103","item":"https:\/\/olilioli.md\/ru\/"},{"@type":"ListItem","position":2,"name":"Politic\u0103 de confiden\u021bialitate"}]},{"@type":"WebSite","@id":"https:\/\/olilioli.md\/ru\/#website","url":"https:\/\/olilioli.md\/ru\/","name":"Olilioli","description":"produse ecologice pentru copii","publisher":{"@id":"https:\/\/olilioli.md\/ru\/#organization"},"potentialAction":[{"@type":"SearchAction","target":{"@type":"EntryPoint","urlTemplate":"https:\/\/olilioli.md\/ru\/?s={search_term_string}"},"query-input":{"@type":"PropertyValueSpecification","valueRequired":true,"valueName":"search_term_string"}}],"inLanguage":"ru-RU"},{"@type":"Organization","@id":"https:\/\/olilioli.md\/ru\/#organization","name":"Olilioli","url":"https:\/\/olilioli.md\/ru\/","logo":{"@type":"ImageObject","inLanguage":"ru-RU","@id":"https:\/\/olilioli.md\/ru\/#\/schema\/logo\/image\/","url":"https:\/\/olilioli.md\/wp-content\/uploads\/2023\/02\/olilioli_logo-min.png","contentUrl":"https:\/\/olilioli.md\/wp-content\/uploads\/2023\/02\/olilioli_logo-min.png","width":138,"height":36,"caption":"Olilioli"},"image":{"@id":"https:\/\/olilioli.md\/ru\/#\/schema\/logo\/image\/"}}]}},"_links":{"self":[{"href":"https:\/\/olilioli.md\/ru\/wp-json\/wp\/v2\/pages\/3","targetHints":{"allow":["GET"]}}],"collection":[{"href":"https:\/\/olilioli.md\/ru\/wp-json\/wp\/v2\/pages"}],"about":[{"href":"https:\/\/olilioli.md\/ru\/wp-json\/wp\/v2\/types\/page"}],"author":[{"embeddable":true,"href":"https:\/\/olilioli.md\/ru\/wp-json\/wp\/v2\/users\/1"}],"replies":[{"embeddable":true,"href":"https:\/\/olilioli.md\/ru\/wp-json\/wp\/v2\/comments?post=3"}],"version-history":[{"count":0,"href":"https:\/\/olilioli.md\/ru\/wp-json\/wp\/v2\/pages\/3\/revisions"}],"wp:attachment":[{"href":"https:\/\/olilioli.md\/ru\/wp-json\/wp\/v2\/media?parent=3"}],"curies":[{"name":"wp","href":"https:\/\/api.w.org\/{rel}","templated":true}]}}