{"id":989606,"date":"2023-04-19T19:15:43","date_gmt":"2023-04-19T19:15:43","guid":{"rendered":"https:\/\/olilioli.md\/?post_type=product&#038;p=989606"},"modified":"2023-11-24T09:36:52","modified_gmt":"2023-11-24T09:36:52","slug":"carucior-pentru-papusi-roz-fucsia","status":"publish","type":"product","link":"https:\/\/olilioli.md\/ru\/magazin\/toate-produsele-olilioli\/carucior-pt-papusi\/carucior-pentru-papusi-roz-fucsia\/","title":{"rendered":"\u041a\u043e\u043b\u044f\u0441\u043a\u0430 \u0434\u043b\u044f \u043a\u0443\u043a\u043e\u043b \u0444\u0443\u043a\u0441\u0438\u044f"},"content":{"rendered":"\t\t<div data-elementor-type=\"product-post\" data-elementor-id=\"989606\" class=\"elementor elementor-989606\" data-elementor-post-type=\"product\">\n\t\t\t\t\t\t\t\t\t<section class=\"elementor-section elementor-top-section elementor-element elementor-element-02c9799 elementor-reverse-mobile elementor-section-boxed elementor-section-height-default elementor-section-height-default\" data-id=\"02c9799\" data-element_type=\"section\">\n\t\t\t\t\t\t<div class=\"elementor-container elementor-column-gap-no\">\n\t\t\t\t\t<div class=\"elementor-column elementor-col-33 elementor-top-column elementor-element elementor-element-4ff7689\" data-id=\"4ff7689\" data-element_type=\"column\">\n\t\t\t<div class=\"elementor-widget-wrap elementor-element-populated\">\n\t\t\t\t\t\t\t\t<div class=\"vamtam-has-theme-widget-styles elementor-element elementor-element-8b44a58 elementor-widget elementor-widget-image\" data-id=\"8b44a58\" data-element_type=\"widget\" data-widget_type=\"image.default\">\n\t\t\t\t<div class=\"elementor-widget-container\">\n\t\t\t<style>\/*! elementor - v3.17.0 - 25-10-2023 *\/\n.elementor-widget-image{text-align:center}.elementor-widget-image a{display:inline-block}.elementor-widget-image a img[src$=\".svg\"]{width:48px}.elementor-widget-image img{vertical-align:middle;display:inline-block}<\/style>\t\t\t\t<div class=\"elementor-image\">\n\t\t\t\t\t\t\t\t\t\t\t\t\t\t\t\t\t\t\t\t\t<img decoding=\"async\" width=\"174\" height=\"163\" src=\"https:\/\/olilioli.md\/wp-content\/uploads\/2022\/03\/lion.svg\" class=\"attachment-vamtam_woocommerce_thumbnail_2x size-vamtam_woocommerce_thumbnail_2x wp-image-54\" alt=\"\" \/>\t\t\t\t\t\t\t\t\t\t\t\t\t\t\t\t\t\t\t\t\t\t\t\t<\/div>\n\t\t\t\t\t\t<\/div>\n\t\t\t\t<\/div>\n\t\t\t\t\t<\/div>\n\t\t<\/div>\n\t\t\t\t<div class=\"elementor-column elementor-col-33 elementor-top-column elementor-element elementor-element-984000b\" data-id=\"984000b\" data-element_type=\"column\" data-settings=\"{&quot;background_background&quot;:&quot;classic&quot;}\">\n\t\t\t<div class=\"elementor-widget-wrap elementor-element-populated\">\n\t\t\t\t\t\t\t\t<div class=\"elementor-element elementor-element-f9d7f5e elementor-widget__width-auto elementor-widget elementor-widget-heading\" data-id=\"f9d7f5e\" data-element_type=\"widget\" data-widget_type=\"heading.default\">\n\t\t\t\t<div class=\"elementor-widget-container\">\n\t\t\t<style>\/*! elementor - v3.17.0 - 25-10-2023 *\/\n.elementor-heading-title{padding:0;margin:0;line-height:1}.elementor-widget-heading .elementor-heading-title[class*=elementor-size-]>a{color:inherit;font-size:inherit;line-height:inherit}.elementor-widget-heading .elementor-heading-title.elementor-size-small{font-size:15px}.elementor-widget-heading .elementor-heading-title.elementor-size-medium{font-size:19px}.elementor-widget-heading .elementor-heading-title.elementor-size-large{font-size:29px}.elementor-widget-heading .elementor-heading-title.elementor-size-xl{font-size:39px}.elementor-widget-heading .elementor-heading-title.elementor-size-xxl{font-size:59px}<\/style><h2 class=\"elementor-heading-title elementor-size-default\">Descriere<\/h2>\t\t<\/div>\n\t\t\t\t<\/div>\n\t\t\t\t<div class=\"elementor-element elementor-element-e542b11 elementor-widget elementor-widget-text-editor\" data-id=\"e542b11\" data-element_type=\"widget\" data-widget_type=\"text-editor.default\">\n\t\t\t\t<div class=\"elementor-widget-container\">\n\t\t\t<style>\/*! elementor - v3.17.0 - 25-10-2023 *\/\n.elementor-widget-text-editor.elementor-drop-cap-view-stacked .elementor-drop-cap{background-color:#69727d;color:#fff}.elementor-widget-text-editor.elementor-drop-cap-view-framed .elementor-drop-cap{color:#69727d;border:3px solid;background-color:transparent}.elementor-widget-text-editor:not(.elementor-drop-cap-view-default) .elementor-drop-cap{margin-top:8px}.elementor-widget-text-editor:not(.elementor-drop-cap-view-default) .elementor-drop-cap-letter{width:1em;height:1em}.elementor-widget-text-editor .elementor-drop-cap{float:left;text-align:center;line-height:1;font-size:50px}.elementor-widget-text-editor .elementor-drop-cap-letter{display:inline-block}<\/style>\t\t\t\t<p>Acest c\u0103rucior din lemn pentru p\u0103pu\u0219i este perfect pentru a scoate la plimbare juc\u0103riile preferate.<br \/>O juc\u0103rie care \u00eei invit\u0103 pe copii s\u0103 participe la jocurile de rol. Copiii obi\u0219nuiesc s\u0103 imite maturii, le atribuie papusilor lor un nume, o personalitate, nevoi \u0219i tr\u0103iri, iar aceasta este absolut remarcabil din punctul de vedere al dezvolt\u0103rii, care stimuleaza imaginatia, dezvolt\u0103 abilit\u0103\u021bile de comunicare prin discu\u021bii cu cele mai \u00eendr\u0103gite prietene papu\u0219ile.<br \/>Cadrul solid este frumos finisat, iar suprafe\u021bele prelucrate cu grij\u0103 \u0219i netezite, ro\u021bile din lemn dotate cu cauciucuri protejeaz\u0103 suprafe\u021bele de la zg\u00e2rieturi.<br \/>Face\u021bi deosebit\u0103 \u0219i special\u0103 jucaria, personaliz\u00e2nd-o cu prenumele copilului dvs.! Datorit\u0103 posibilit\u0103\u021bii de personalizare o ve\u021bi iubi \u0219i mai mult, chiar \u0219i atunci c\u00e2nd copilul va \u0219ti nu doar s\u0103 mearg\u0103, dar s\u0103 \u0219i citeasc\u0103.<\/p>\t\t\t\t\t\t<\/div>\n\t\t\t\t<\/div>\n\t\t\t\t<div class=\"vamtam-has-theme-widget-styles elementor-element elementor-element-cc1c3fa elementor-widget elementor-widget-image\" data-id=\"cc1c3fa\" data-element_type=\"widget\" data-widget_type=\"image.default\">\n\t\t\t\t<div class=\"elementor-widget-container\">\n\t\t\t\t\t\t\t<div class=\"elementor-image\">\n\t\t\t\t\t\t\t\t\t\t\t\t\t\t\t\t\t\t\t\t\t<img decoding=\"async\" width=\"187\" height=\"164\" src=\"https:\/\/olilioli.md\/wp-content\/uploads\/2022\/03\/path.svg\" class=\"attachment-full size-full wp-image-56\" alt=\"\" \/>\t\t\t\t\t\t\t\t\t\t\t\t\t\t\t\t\t\t\t\t\t\t\t\t<\/div>\n\t\t\t\t\t\t<\/div>\n\t\t\t\t<\/div>\n\t\t\t\t\t<\/div>\n\t\t<\/div>\n\t\t\t\t<div class=\"elementor-column elementor-col-33 elementor-top-column elementor-element elementor-element-4f89a4c\" data-id=\"4f89a4c\" data-element_type=\"column\">\n\t\t\t<div class=\"elementor-widget-wrap elementor-element-populated\">\n\t\t\t\t\t\t\t\t<div class=\"elementor-element elementor-element-c02ec88 elementor-view-default elementor-widget elementor-widget-icon\" data-id=\"c02ec88\" data-element_type=\"widget\" data-widget_type=\"icon.default\">\n\t\t\t\t<div class=\"elementor-widget-container\">\n\t\t\t\t\t<div class=\"elementor-icon-wrapper\">\n\t\t\t<div class=\"elementor-icon\">\n\t\t\t<i aria-hidden=\"true\" class=\"vamtamtheme- vamtam-theme-cloud\"><\/i>\t\t\t<\/div>\n\t\t<\/div>\n\t\t\t\t<\/div>\n\t\t\t\t<\/div>\n\t\t\t\t\t<\/div>\n\t\t<\/div>\n\t\t\t\t\t\t\t<\/div>\n\t\t<\/section>\n\t\t\t\t<section class=\"elementor-section elementor-top-section elementor-element elementor-element-772271d elementor-reverse-mobile elementor-section-boxed elementor-section-height-default elementor-section-height-default\" data-id=\"772271d\" data-element_type=\"section\">\n\t\t\t\t\t\t<div class=\"elementor-container elementor-column-gap-no\">\n\t\t\t\t\t<div class=\"elementor-column elementor-col-33 elementor-top-column elementor-element elementor-element-8ae590b\" data-id=\"8ae590b\" data-element_type=\"column\">\n\t\t\t<div class=\"elementor-widget-wrap\">\n\t\t\t\t\t\t\t\t\t<\/div>\n\t\t<\/div>\n\t\t\t\t<div class=\"elementor-column elementor-col-33 elementor-top-column elementor-element elementor-element-21fbb62\" data-id=\"21fbb62\" data-element_type=\"column\" data-settings=\"{&quot;background_background&quot;:&quot;classic&quot;}\">\n\t\t\t<div class=\"elementor-widget-wrap elementor-element-populated\">\n\t\t\t\t\t\t\t\t<div class=\"elementor-element elementor-element-dc80bdd elementor-widget elementor-widget-text-editor\" data-id=\"dc80bdd\" data-element_type=\"widget\" data-widget_type=\"text-editor.default\">\n\t\t\t\t<div class=\"elementor-widget-container\">\n\t\t\t\t\t\t\t\t\t\t\t\t\t<\/div>\n\t\t\t\t<\/div>\n\t\t\t\t<div class=\"elementor-element elementor-element-b2ff2be elementor-widget elementor-widget-text-editor\" data-id=\"b2ff2be\" data-element_type=\"widget\" data-widget_type=\"text-editor.default\">\n\t\t\t\t<div class=\"elementor-widget-container\">\n\t\t\t\t\t\t\t\t\t\t\t\t\t<\/div>\n\t\t\t\t<\/div>\n\t\t\t\t\t<\/div>\n\t\t<\/div>\n\t\t\t\t<div class=\"elementor-column elementor-col-33 elementor-top-column elementor-element elementor-element-f831712\" data-id=\"f831712\" data-element_type=\"column\">\n\t\t\t<div class=\"elementor-widget-wrap\">\n\t\t\t\t\t\t\t\t\t<\/div>\n\t\t<\/div>\n\t\t\t\t\t\t\t<\/div>\n\t\t<\/section>\n\t\t\t\t<section class=\"elementor-section elementor-top-section elementor-element elementor-element-25a906ac elementor-reverse-mobile elementor-section-boxed elementor-section-height-default elementor-section-height-default\" data-id=\"25a906ac\" data-element_type=\"section\">\n\t\t\t\t\t\t<div class=\"elementor-container elementor-column-gap-no\">\n\t\t\t\t\t<div class=\"elementor-column elementor-col-100 elementor-top-column elementor-element elementor-element-57c7b4d0\" data-id=\"57c7b4d0\" data-element_type=\"column\" data-settings=\"{&quot;background_background&quot;:&quot;classic&quot;}\">\n\t\t\t<div class=\"elementor-widget-wrap elementor-element-populated\">\n\t\t\t\t\t\t\t\t<div class=\"elementor-element elementor-element-27a0f74b elementor-widget__width-auto elementor-widget elementor-widget-heading\" data-id=\"27a0f74b\" data-element_type=\"widget\" data-widget_type=\"heading.default\">\n\t\t\t\t<div class=\"elementor-widget-container\">\n\t\t\t<h2 class=\"elementor-heading-title elementor-size-default\">Pove\u0219tile clien\u021bilor no\u0219tri \u00een imagini #oliliolikids<\/h2>\t\t<\/div>\n\t\t\t\t<\/div>\n\t\t\t\t<div class=\"elementor-element elementor-element-2cfff1a elementor-arrows-position-outside elementor-pagination-position-outside elementor-widget elementor-widget-image-carousel\" data-id=\"2cfff1a\" data-element_type=\"widget\" data-settings=\"{&quot;slides_to_show&quot;:&quot;4&quot;,&quot;lazyload&quot;:&quot;yes&quot;,&quot;image_spacing_custom&quot;:{&quot;unit&quot;:&quot;px&quot;,&quot;size&quot;:10,&quot;sizes&quot;:[]},&quot;slides_to_show_tablet&quot;:&quot;3&quot;,&quot;slides_to_show_mobile&quot;:&quot;2&quot;,&quot;navigation&quot;:&quot;both&quot;,&quot;autoplay&quot;:&quot;yes&quot;,&quot;pause_on_hover&quot;:&quot;yes&quot;,&quot;pause_on_interaction&quot;:&quot;yes&quot;,&quot;autoplay_speed&quot;:5000,&quot;infinite&quot;:&quot;yes&quot;,&quot;speed&quot;:500,&quot;image_spacing_custom_tablet&quot;:{&quot;unit&quot;:&quot;px&quot;,&quot;size&quot;:&quot;&quot;,&quot;sizes&quot;:[]},&quot;image_spacing_custom_mobile&quot;:{&quot;unit&quot;:&quot;px&quot;,&quot;size&quot;:&quot;&quot;,&quot;sizes&quot;:[]}}\" data-widget_type=\"image-carousel.default\">\n\t\t\t\t<div class=\"elementor-widget-container\">\n\t\t\t<style>\/*! elementor - v3.17.0 - 25-10-2023 *\/\n.elementor-widget-image-carousel .swiper,.elementor-widget-image-carousel .swiper-container{position:static}.elementor-widget-image-carousel .swiper-container .swiper-slide figure,.elementor-widget-image-carousel .swiper .swiper-slide figure{line-height:inherit}.elementor-widget-image-carousel .swiper-slide{text-align:center}.elementor-image-carousel-wrapper:not(.swiper-container-initialized):not(.swiper-initialized) .swiper-slide{max-width:calc(100% \/ var(--e-image-carousel-slides-to-show, 3))}<\/style>\t\t<div class=\"elementor-image-carousel-wrapper swiper-container\" dir=\"ltr\">\n\t\t\t<div class=\"elementor-image-carousel swiper-wrapper swiper-image-stretch\" aria-live=\"off\">\n\t\t\t\t\t\t\t\t<div class=\"swiper-slide\" role=\"group\" aria-roledescription=\"slide\" aria-label=\"1 \u0438\u0437 3\"><a data-elementor-open-lightbox=\"yes\" data-elementor-lightbox-slideshow=\"2cfff1a\" data-e-action-hash=\"#elementor-action%3Aaction%3Dlightbox%26settings%3DeyJpZCI6OTg5Njc3LCJ1cmwiOiJodHRwczpcL1wvb2xpbGlvbGkubWRcL3dwLWNvbnRlbnRcL3VwbG9hZHNcLzIwMjNcLzA0XC9JTUdfNTk4ampqamoxLmpwZyIsInNsaWRlc2hvdyI6IjJjZmZmMWEifQ%3D%3D\" href=\"https:\/\/olilioli.md\/wp-content\/uploads\/2023\/04\/IMG_598jjjjj1.jpg\"><figure class=\"swiper-slide-inner\"><img class=\"swiper-slide-image swiper-lazy\" data-src=\"https:\/\/olilioli.md\/wp-content\/uploads\/elementor\/thumbs\/IMG_598jjjjj1-q5aapcmztsakjygf7p5hba21ooxx1yn5to0o4i3dhc.jpg\" alt=\"IMG_598jjjjj1\" \/><div class=\"swiper-lazy-preloader\"><\/div><\/figure><\/a><\/div><div class=\"swiper-slide\" role=\"group\" aria-roledescription=\"slide\" aria-label=\"2 \u0438\u0437 3\"><a data-elementor-open-lightbox=\"yes\" data-elementor-lightbox-slideshow=\"2cfff1a\" data-e-action-hash=\"#elementor-action%3Aaction%3Dlightbox%26settings%3DeyJpZCI6OTg5Njc2LCJ1cmwiOiJodHRwczpcL1wvb2xpbGlvbGkubWRcL3dwLWNvbnRlbnRcL3VwbG9hZHNcLzIwMjNcLzA0XC9JTUdfNTlnaGdoODEuanBnIiwic2xpZGVzaG93IjoiMmNmZmYxYSJ9\" href=\"https:\/\/olilioli.md\/wp-content\/uploads\/2023\/04\/IMG_59ghgh81.jpg\"><figure class=\"swiper-slide-inner\"><img class=\"swiper-slide-image swiper-lazy\" data-src=\"https:\/\/olilioli.md\/wp-content\/uploads\/elementor\/thumbs\/IMG_59ghgh81-q5aap7xsvm44xwn8z54cgt8qprl2zh4i50r8q4accg.jpg\" alt=\"IMG_59ghgh81\" \/><div class=\"swiper-lazy-preloader\"><\/div><\/figure><\/a><\/div><div class=\"swiper-slide\" role=\"group\" aria-roledescription=\"slide\" aria-label=\"3 \u0438\u0437 3\"><a data-elementor-open-lightbox=\"yes\" data-elementor-lightbox-slideshow=\"2cfff1a\" data-e-action-hash=\"#elementor-action%3Aaction%3Dlightbox%26settings%3DeyJpZCI6OTkwMTMwLCJ1cmwiOiJodHRwczpcL1wvb2xpbGlvbGkubWRcL3dwLWNvbnRlbnRcL3VwbG9hZHNcLzIwMjNcLzExXC9yZWNlaXZlZF8yMzQ1NzQwNzI4MDYwMzUuanBlZyIsInNsaWRlc2hvdyI6IjJjZmZmMWEifQ%3D%3D\" href=\"https:\/\/olilioli.md\/wp-content\/uploads\/2023\/11\/received_234574072806035.jpeg\"><figure class=\"swiper-slide-inner\"><img class=\"swiper-slide-image swiper-lazy\" data-src=\"https:\/\/olilioli.md\/wp-content\/uploads\/elementor\/thumbs\/received_234574072806035-qftrjcinm3q2fe1p1moz0sbl3mn988u9c5gi3c5vy8.jpeg\" alt=\"received_234574072806035\" \/><div class=\"swiper-lazy-preloader\"><\/div><\/figure><\/a><\/div>\t\t\t<\/div>\n\t\t\t\t\t\t\t\t\t\t\t\t<div class=\"elementor-swiper-button elementor-swiper-button-prev\" role=\"button\" tabindex=\"0\">\n\t\t\t\t\t\t<i aria-hidden=\"true\" class=\"eicon-chevron-left\"><\/i>\t\t\t\t\t<\/div>\n\t\t\t\t\t<div class=\"elementor-swiper-button elementor-swiper-button-next\" role=\"button\" tabindex=\"0\">\n\t\t\t\t\t\t<i aria-hidden=\"true\" class=\"eicon-chevron-right\"><\/i>\t\t\t\t\t<\/div>\n\t\t\t\t\n\t\t\t\t\t\t\t\t\t<div class=\"swiper-pagination\"><\/div>\n\t\t\t\t\t\t\t\t\t<\/div>\n\t\t\t\t<\/div>\n\t\t\t\t<\/div>\n\t\t\t\t\t<\/div>\n\t\t<\/div>\n\t\t\t\t\t\t\t<\/div>\n\t\t<\/section>\n\t\t\t\t\t\t\t<\/div>\n\t\t","protected":false},"excerpt":{"rendered":"<p><strong>\u0425\u0430\u0440\u0430\u043a\u0442\u0435\u0440\u0438\u0441\u0442\u0438\u043a\u0438<\/strong><br \/>\n\u0421\u0442\u0440\u0430\u043d\u0430 \u043f\u0440\u043e\u0438\u0437\u0432\u043e\u0434\u0441\u0442\u0432\u0430 - \u041c\u043e\u043b\u0434\u043e\u0432\u0430<br \/>\n\u2022 \u041c\u0430\u0442\u0435\u0440\u0438\u0430\u043b - \u0434\u0435\u0440\u0435\u0432\u044f\u043d\u043d\u0430\u044f \u0444\u0430\u043d\u0435\u0440\u0430<br \/>\n\u2022 \u0421\u043e\u043e\u0442\u0432\u0435\u0442\u0441\u0442\u0432\u0438\u0435 \u0432\u043e\u0437\u0440\u0430\u0441\u0442\u0443 - 18\u043c+<br \/>\n\u2022 \u0412\u044b\u0441\u043e\u0442\u0430 - 45 \u0441\u043c \u0434\u043e \u0440\u0443\u0447\u043a\u0438 (\u043e\u0431\u0449\u0430\u044f \u0432\u044b\u0441\u043e\u0442\u0430 58 \u0441\u043c)<br \/>\n\u2022 \u0428\u0438\u0440\u0438\u043d\u0430 - 32 \u0441\u043c<br \/>\n\u2022 \u0414\u043b\u0438\u043d\u0430 - 55 \u0441\u043c<br \/>\n\u2022 \u0412\u0435\u0441 - 5 \u043a\u0433<\/p>","protected":false},"featured_media":989639,"template":"","meta":{"om_disable_all_campaigns":false},"product_cat":[337],"product_tag":[],"class_list":["post-989606","product","type-product","status-publish","has-post-thumbnail","hentry","product_cat-carucior-pt-papusi","wcpa_has_options"],"yoast_head":"<!-- This site is optimized with the Yoast SEO plugin v27.4 - https:\/\/yoast.com\/product\/yoast-seo-wordpress\/ -->\n<title>C\u0103rucior pentru p\u0103pu\u0219i roz fucsia - Olilioli<\/title>\n<meta name=\"robots\" content=\"index, follow, max-snippet:-1, max-image-preview:large, max-video-preview:-1\" \/>\n<link rel=\"canonical\" href=\"https:\/\/olilioli.md\/ru\/magazin\/toate-produsele-olilioli\/carucior-pt-papusi\/carucior-pentru-papusi-roz-fucsia\/\" \/>\n<meta property=\"og:locale\" content=\"ru_RU\" \/>\n<meta property=\"og:type\" content=\"article\" \/>\n<meta property=\"og:title\" content=\"C\u0103rucior pentru p\u0103pu\u0219i roz fucsia - Olilioli\" \/>\n<meta property=\"og:description\" content=\"Specificatii \u021aara de produc\u021bie - Moldova \u2022 Material principal - placaj din lemn \u2022 Potrivit v\u00e2rstei - 18m+ \u2022 \u00cen\u0103l\u021bime - 45 cm pana la maner (58cm totala) \u2022 Latime - 32 cm \u2022 Lungime - 55 cm \u2022 Greutate - 5 kg\" \/>\n<meta property=\"og:url\" content=\"https:\/\/olilioli.md\/ru\/magazin\/toate-produsele-olilioli\/carucior-pt-papusi\/carucior-pentru-papusi-roz-fucsia\/\" \/>\n<meta property=\"og:site_name\" content=\"Olilioli\" \/>\n<meta property=\"article:modified_time\" content=\"2023-11-24T09:36:52+00:00\" \/>\n<meta property=\"og:image\" content=\"https:\/\/olilioli.md\/wp-content\/uploads\/2023\/04\/IMG_6727f.jpg\" \/>\n\t<meta property=\"og:image:width\" content=\"1500\" \/>\n\t<meta property=\"og:image:height\" content=\"1500\" \/>\n\t<meta property=\"og:image:type\" content=\"image\/jpeg\" \/>\n<meta name=\"twitter:card\" content=\"summary_large_image\" \/>\n<meta name=\"twitter:label1\" content=\"\u041f\u0440\u0438\u043c\u0435\u0440\u043d\u043e\u0435 \u0432\u0440\u0435\u043c\u044f \u0434\u043b\u044f \u0447\u0442\u0435\u043d\u0438\u044f\" \/>\n\t<meta name=\"twitter:data1\" content=\"1 \u043c\u0438\u043d\u0443\u0442\u0430\" \/>\n<script type=\"application\/ld+json\" class=\"yoast-schema-graph\">{\"@context\":\"https:\\\/\\\/schema.org\",\"@graph\":[{\"@type\":\"WebPage\",\"@id\":\"https:\\\/\\\/olilioli.md\\\/magazin\\\/toate-produsele-olilioli\\\/carucior-pt-papusi\\\/carucior-pentru-papusi-roz-fucsia\\\/\",\"url\":\"https:\\\/\\\/olilioli.md\\\/magazin\\\/toate-produsele-olilioli\\\/carucior-pt-papusi\\\/carucior-pentru-papusi-roz-fucsia\\\/\",\"name\":\"C\u0103rucior pentru p\u0103pu\u0219i roz fucsia - Olilioli\",\"isPartOf\":{\"@id\":\"https:\\\/\\\/olilioli.md\\\/ru\\\/#website\"},\"primaryImageOfPage\":{\"@id\":\"https:\\\/\\\/olilioli.md\\\/magazin\\\/toate-produsele-olilioli\\\/carucior-pt-papusi\\\/carucior-pentru-papusi-roz-fucsia\\\/#primaryimage\"},\"image\":{\"@id\":\"https:\\\/\\\/olilioli.md\\\/magazin\\\/toate-produsele-olilioli\\\/carucior-pt-papusi\\\/carucior-pentru-papusi-roz-fucsia\\\/#primaryimage\"},\"thumbnailUrl\":\"https:\\\/\\\/olilioli.md\\\/wp-content\\\/uploads\\\/2023\\\/04\\\/IMG_6727f.jpg\",\"datePublished\":\"2023-04-19T19:15:43+00:00\",\"dateModified\":\"2023-11-24T09:36:52+00:00\",\"breadcrumb\":{\"@id\":\"https:\\\/\\\/olilioli.md\\\/magazin\\\/toate-produsele-olilioli\\\/carucior-pt-papusi\\\/carucior-pentru-papusi-roz-fucsia\\\/#breadcrumb\"},\"inLanguage\":\"ru-RU\",\"potentialAction\":[{\"@type\":\"ReadAction\",\"target\":[\"https:\\\/\\\/olilioli.md\\\/magazin\\\/toate-produsele-olilioli\\\/carucior-pt-papusi\\\/carucior-pentru-papusi-roz-fucsia\\\/\"]}]},{\"@type\":\"ImageObject\",\"inLanguage\":\"ru-RU\",\"@id\":\"https:\\\/\\\/olilioli.md\\\/magazin\\\/toate-produsele-olilioli\\\/carucior-pt-papusi\\\/carucior-pentru-papusi-roz-fucsia\\\/#primaryimage\",\"url\":\"https:\\\/\\\/olilioli.md\\\/wp-content\\\/uploads\\\/2023\\\/04\\\/IMG_6727f.jpg\",\"contentUrl\":\"https:\\\/\\\/olilioli.md\\\/wp-content\\\/uploads\\\/2023\\\/04\\\/IMG_6727f.jpg\",\"width\":1500,\"height\":1500},{\"@type\":\"BreadcrumbList\",\"@id\":\"https:\\\/\\\/olilioli.md\\\/magazin\\\/toate-produsele-olilioli\\\/carucior-pt-papusi\\\/carucior-pentru-papusi-roz-fucsia\\\/#breadcrumb\",\"itemListElement\":[{\"@type\":\"ListItem\",\"position\":1,\"name\":\"Prima pagin\u0103\",\"item\":\"https:\\\/\\\/olilioli.md\\\/ru\\\/\"},{\"@type\":\"ListItem\",\"position\":2,\"name\":\"Categorii\",\"item\":\"https:\\\/\\\/olilioli.md\\\/ru\\\/categorii\\\/\"},{\"@type\":\"ListItem\",\"position\":3,\"name\":\"C\u0103rucior pentru p\u0103pu\u0219i roz fucsia\"}]},{\"@type\":\"WebSite\",\"@id\":\"https:\\\/\\\/olilioli.md\\\/ru\\\/#website\",\"url\":\"https:\\\/\\\/olilioli.md\\\/ru\\\/\",\"name\":\"Olilioli\",\"description\":\"produse ecologice pentru copii\",\"publisher\":{\"@id\":\"https:\\\/\\\/olilioli.md\\\/ru\\\/#organization\"},\"potentialAction\":[{\"@type\":\"SearchAction\",\"target\":{\"@type\":\"EntryPoint\",\"urlTemplate\":\"https:\\\/\\\/olilioli.md\\\/ru\\\/?s={search_term_string}\"},\"query-input\":{\"@type\":\"PropertyValueSpecification\",\"valueRequired\":true,\"valueName\":\"search_term_string\"}}],\"inLanguage\":\"ru-RU\"},{\"@type\":\"Organization\",\"@id\":\"https:\\\/\\\/olilioli.md\\\/ru\\\/#organization\",\"name\":\"Olilioli\",\"url\":\"https:\\\/\\\/olilioli.md\\\/ru\\\/\",\"logo\":{\"@type\":\"ImageObject\",\"inLanguage\":\"ru-RU\",\"@id\":\"https:\\\/\\\/olilioli.md\\\/ru\\\/#\\\/schema\\\/logo\\\/image\\\/\",\"url\":\"https:\\\/\\\/olilioli.md\\\/wp-content\\\/uploads\\\/2023\\\/02\\\/olilioli_logo-min.png\",\"contentUrl\":\"https:\\\/\\\/olilioli.md\\\/wp-content\\\/uploads\\\/2023\\\/02\\\/olilioli_logo-min.png\",\"width\":138,\"height\":36,\"caption\":\"Olilioli\"},\"image\":{\"@id\":\"https:\\\/\\\/olilioli.md\\\/ru\\\/#\\\/schema\\\/logo\\\/image\\\/\"}}]}<\/script>\n<!-- \/ Yoast SEO plugin. -->","yoast_head_json":{"title":"C\u0103rucior pentru p\u0103pu\u0219i roz fucsia - Olilioli","robots":{"index":"index","follow":"follow","max-snippet":"max-snippet:-1","max-image-preview":"max-image-preview:large","max-video-preview":"max-video-preview:-1"},"canonical":"https:\/\/olilioli.md\/ru\/magazin\/toate-produsele-olilioli\/carucior-pt-papusi\/carucior-pentru-papusi-roz-fucsia\/","og_locale":"ru_RU","og_type":"article","og_title":"C\u0103rucior pentru p\u0103pu\u0219i roz fucsia - Olilioli","og_description":"Specificatii \u021aara de produc\u021bie - Moldova \u2022 Material principal - placaj din lemn \u2022 Potrivit v\u00e2rstei - 18m+ \u2022 \u00cen\u0103l\u021bime - 45 cm pana la maner (58cm totala) \u2022 Latime - 32 cm \u2022 Lungime - 55 cm \u2022 Greutate - 5 kg","og_url":"https:\/\/olilioli.md\/ru\/magazin\/toate-produsele-olilioli\/carucior-pt-papusi\/carucior-pentru-papusi-roz-fucsia\/","og_site_name":"Olilioli","article_modified_time":"2023-11-24T09:36:52+00:00","og_image":[{"width":1500,"height":1500,"url":"https:\/\/olilioli.md\/wp-content\/uploads\/2023\/04\/IMG_6727f.jpg","type":"image\/jpeg"}],"twitter_card":"summary_large_image","twitter_misc":{"\u041f\u0440\u0438\u043c\u0435\u0440\u043d\u043e\u0435 \u0432\u0440\u0435\u043c\u044f \u0434\u043b\u044f \u0447\u0442\u0435\u043d\u0438\u044f":"1 \u043c\u0438\u043d\u0443\u0442\u0430"},"schema":{"@context":"https:\/\/schema.org","@graph":[{"@type":"WebPage","@id":"https:\/\/olilioli.md\/magazin\/toate-produsele-olilioli\/carucior-pt-papusi\/carucior-pentru-papusi-roz-fucsia\/","url":"https:\/\/olilioli.md\/magazin\/toate-produsele-olilioli\/carucior-pt-papusi\/carucior-pentru-papusi-roz-fucsia\/","name":"C\u0103rucior pentru p\u0103pu\u0219i roz fucsia - Olilioli","isPartOf":{"@id":"https:\/\/olilioli.md\/ru\/#website"},"primaryImageOfPage":{"@id":"https:\/\/olilioli.md\/magazin\/toate-produsele-olilioli\/carucior-pt-papusi\/carucior-pentru-papusi-roz-fucsia\/#primaryimage"},"image":{"@id":"https:\/\/olilioli.md\/magazin\/toate-produsele-olilioli\/carucior-pt-papusi\/carucior-pentru-papusi-roz-fucsia\/#primaryimage"},"thumbnailUrl":"https:\/\/olilioli.md\/wp-content\/uploads\/2023\/04\/IMG_6727f.jpg","datePublished":"2023-04-19T19:15:43+00:00","dateModified":"2023-11-24T09:36:52+00:00","breadcrumb":{"@id":"https:\/\/olilioli.md\/magazin\/toate-produsele-olilioli\/carucior-pt-papusi\/carucior-pentru-papusi-roz-fucsia\/#breadcrumb"},"inLanguage":"ru-RU","potentialAction":[{"@type":"ReadAction","target":["https:\/\/olilioli.md\/magazin\/toate-produsele-olilioli\/carucior-pt-papusi\/carucior-pentru-papusi-roz-fucsia\/"]}]},{"@type":"ImageObject","inLanguage":"ru-RU","@id":"https:\/\/olilioli.md\/magazin\/toate-produsele-olilioli\/carucior-pt-papusi\/carucior-pentru-papusi-roz-fucsia\/#primaryimage","url":"https:\/\/olilioli.md\/wp-content\/uploads\/2023\/04\/IMG_6727f.jpg","contentUrl":"https:\/\/olilioli.md\/wp-content\/uploads\/2023\/04\/IMG_6727f.jpg","width":1500,"height":1500},{"@type":"BreadcrumbList","@id":"https:\/\/olilioli.md\/magazin\/toate-produsele-olilioli\/carucior-pt-papusi\/carucior-pentru-papusi-roz-fucsia\/#breadcrumb","itemListElement":[{"@type":"ListItem","position":1,"name":"Prima pagin\u0103","item":"https:\/\/olilioli.md\/ru\/"},{"@type":"ListItem","position":2,"name":"Categorii","item":"https:\/\/olilioli.md\/ru\/categorii\/"},{"@type":"ListItem","position":3,"name":"C\u0103rucior pentru p\u0103pu\u0219i roz fucsia"}]},{"@type":"WebSite","@id":"https:\/\/olilioli.md\/ru\/#website","url":"https:\/\/olilioli.md\/ru\/","name":"Olilioli","description":"produse ecologice pentru copii","publisher":{"@id":"https:\/\/olilioli.md\/ru\/#organization"},"potentialAction":[{"@type":"SearchAction","target":{"@type":"EntryPoint","urlTemplate":"https:\/\/olilioli.md\/ru\/?s={search_term_string}"},"query-input":{"@type":"PropertyValueSpecification","valueRequired":true,"valueName":"search_term_string"}}],"inLanguage":"ru-RU"},{"@type":"Organization","@id":"https:\/\/olilioli.md\/ru\/#organization","name":"Olilioli","url":"https:\/\/olilioli.md\/ru\/","logo":{"@type":"ImageObject","inLanguage":"ru-RU","@id":"https:\/\/olilioli.md\/ru\/#\/schema\/logo\/image\/","url":"https:\/\/olilioli.md\/wp-content\/uploads\/2023\/02\/olilioli_logo-min.png","contentUrl":"https:\/\/olilioli.md\/wp-content\/uploads\/2023\/02\/olilioli_logo-min.png","width":138,"height":36,"caption":"Olilioli"},"image":{"@id":"https:\/\/olilioli.md\/ru\/#\/schema\/logo\/image\/"}}]}},"wcpa_form_fields":null,"_links":{"self":[{"href":"https:\/\/olilioli.md\/ru\/wp-json\/wp\/v2\/product\/989606","targetHints":{"allow":["GET"]}}],"collection":[{"href":"https:\/\/olilioli.md\/ru\/wp-json\/wp\/v2\/product"}],"about":[{"href":"https:\/\/olilioli.md\/ru\/wp-json\/wp\/v2\/types\/product"}],"version-history":[{"count":0,"href":"https:\/\/olilioli.md\/ru\/wp-json\/wp\/v2\/product\/989606\/revisions"}],"wp:featuredmedia":[{"embeddable":true,"href":"https:\/\/olilioli.md\/ru\/wp-json\/wp\/v2\/media\/989639"}],"wp:attachment":[{"href":"https:\/\/olilioli.md\/ru\/wp-json\/wp\/v2\/media?parent=989606"}],"wp:term":[{"taxonomy":"product_cat","embeddable":true,"href":"https:\/\/olilioli.md\/ru\/wp-json\/wp\/v2\/product_cat?post=989606"},{"taxonomy":"product_tag","embeddable":true,"href":"https:\/\/olilioli.md\/ru\/wp-json\/wp\/v2\/product_tag?post=989606"}],"curies":[{"name":"wp","href":"https:\/\/api.w.org\/{rel}","templated":true}]}}