{"id":991351,"date":"2025-04-02T13:53:44","date_gmt":"2025-04-02T13:53:44","guid":{"rendered":"https:\/\/olilioli.md\/?post_type=product&#038;p=991351"},"modified":"2025-04-02T16:20:03","modified_gmt":"2025-04-02T16:20:03","slug":"masina-din-lemn-linie","status":"publish","type":"product","link":"https:\/\/olilioli.md\/ru\/magazin\/toate-produsele-olilioli\/jucarii\/masina-din-lemn-linie\/","title":{"rendered":"Ma\u0219ina din lemn- Linie"},"content":{"rendered":"<div data-elementor-type=\"product-post\" data-elementor-id=\"991351\" class=\"elementor elementor-991351\" data-elementor-post-type=\"product\">\n\t\t\t\t\t\t\t\t\t<section class=\"elementor-section elementor-top-section elementor-element elementor-element-02c9799 elementor-reverse-mobile elementor-section-boxed elementor-section-height-default elementor-section-height-default\" data-id=\"02c9799\" data-element_type=\"section\">\n\t\t\t\t\t\t<div class=\"elementor-container elementor-column-gap-no\">\n\t\t\t\t\t<div class=\"elementor-column elementor-col-33 elementor-top-column elementor-element elementor-element-4ff7689\" data-id=\"4ff7689\" data-element_type=\"column\">\n\t\t\t<div class=\"elementor-widget-wrap elementor-element-populated\">\n\t\t\t\t\t\t\t\t<div class=\"vamtam-has-theme-widget-styles elementor-element elementor-element-8b44a58 elementor-widget elementor-widget-image\" data-id=\"8b44a58\" data-element_type=\"widget\" data-widget_type=\"image.default\">\n\t\t\t\t<div class=\"elementor-widget-container\">\n\t\t\t<style>\/*! elementor - v3.17.0 - 25-10-2023 *\/\n.elementor-widget-image{text-align:center}.elementor-widget-image a{display:inline-block}.elementor-widget-image a img[src$=\".svg\"]{width:48px}.elementor-widget-image img{vertical-align:middle;display:inline-block}<\/style>\t\t\t\t<div class=\"elementor-image\">\n\t\t\t\t\t\t\t\t\t\t\t\t\t\t\t\t\t\t\t\t\t<img decoding=\"async\" width=\"174\" height=\"163\" src=\"https:\/\/olilioli.md\/wp-content\/uploads\/2022\/03\/lion.svg\" class=\"attachment-full size-full wp-image-54\" alt=\"\" \/>\t\t\t\t\t\t\t\t\t\t\t\t\t\t\t\t\t\t\t\t\t\t\t\t<\/div>\n\t\t\t\t\t\t<\/div>\n\t\t\t\t<\/div>\n\t\t\t\t\t<\/div>\n\t\t<\/div>\n\t\t\t\t<div class=\"elementor-column elementor-col-33 elementor-top-column elementor-element elementor-element-984000b\" data-id=\"984000b\" data-element_type=\"column\" data-settings=\"{&quot;background_background&quot;:&quot;classic&quot;}\">\n\t\t\t<div class=\"elementor-widget-wrap elementor-element-populated\">\n\t\t\t\t\t\t\t\t<div class=\"elementor-element elementor-element-f9d7f5e elementor-widget__width-auto elementor-widget elementor-widget-heading\" data-id=\"f9d7f5e\" data-element_type=\"widget\" data-widget_type=\"heading.default\">\n\t\t\t\t<div class=\"elementor-widget-container\">\n\t\t\t<style>\/*! elementor - v3.17.0 - 25-10-2023 *\/\n.elementor-heading-title{padding:0;margin:0;line-height:1}.elementor-widget-heading .elementor-heading-title[class*=elementor-size-]>a{color:inherit;font-size:inherit;line-height:inherit}.elementor-widget-heading .elementor-heading-title.elementor-size-small{font-size:15px}.elementor-widget-heading .elementor-heading-title.elementor-size-medium{font-size:19px}.elementor-widget-heading .elementor-heading-title.elementor-size-large{font-size:29px}.elementor-widget-heading .elementor-heading-title.elementor-size-xl{font-size:39px}.elementor-widget-heading .elementor-heading-title.elementor-size-xxl{font-size:59px}<\/style><h2 class=\"elementor-heading-title elementor-size-default\">\u041e\u043f\u0438\u0441\u0430\u043d\u0438\u0435<\/h2>\t\t<\/div>\n\t\t\t\t<\/div>\n\t\t\t\t<div class=\"elementor-element elementor-element-e542b11 elementor-widget elementor-widget-text-editor\" data-id=\"e542b11\" data-element_type=\"widget\" data-widget_type=\"text-editor.default\">\n\t\t\t\t<div class=\"elementor-widget-container\">\n\t\t\t<style>\/*! elementor - v3.17.0 - 25-10-2023 *\/\n.elementor-widget-text-editor.elementor-drop-cap-view-stacked .elementor-drop-cap{background-color:#69727d;color:#fff}.elementor-widget-text-editor.elementor-drop-cap-view-framed .elementor-drop-cap{color:#69727d;border:3px solid;background-color:transparent}.elementor-widget-text-editor:not(.elementor-drop-cap-view-default) .elementor-drop-cap{margin-top:8px}.elementor-widget-text-editor:not(.elementor-drop-cap-view-default) .elementor-drop-cap-letter{width:1em;height:1em}.elementor-widget-text-editor .elementor-drop-cap{float:left;text-align:center;line-height:1;font-size:50px}.elementor-widget-text-editor .elementor-drop-cap-letter{display:inline-block}<\/style>\t\t\t\t<div class=\"flex max-w-full flex-col flex-grow\"><div class=\"min-h-8 text-message flex w-full flex-col items-end gap-2 whitespace-normal break-words [.text-message+&amp;]:mt-5\" dir=\"auto\" data-message-author-role=\"assistant\" data-message-id=\"04aa12d5-3f3a-43b1-a6d7-33b949df2feb\" data-message-model-slug=\"gpt-4o\"><div class=\"flex w-full flex-col gap-1 empty:hidden first:pt-[3px]\"><div class=\"markdown prose w-full break-words dark:prose-invert light\"><p><strong>Ma\u0219inu\u021ba din lemn \u201eLinie \u201d<\/strong> \u2013 Simplitate \u0219i Elegan\u021b\u0103 \u00een Mi\u0219care.<\/p><p>Aceast\u0103 ma\u0219inu\u021b\u0103 minimalist\u0103 din lemn este inspirat\u0103 de linii clare \u0219i forme simple, oferind o experien\u021b\u0103 de joac\u0103 subtil\u0103, dar captivant\u0103. Designul s\u0103u elegant \u0219i o structur\u0103 clar\u0103, promoveaz\u0103 creativitatea copilului, f\u0103r\u0103 a distrage aten\u021bia de la imagina\u021bie. Fabricat\u0103 din lemn, ma\u0219inu\u021ba \u201eLinie \u201d este perfect\u0103 pentru micii exploratori care apreciaz\u0103 frumuse\u021bea formelor simple. Un cadou durabil \u0219i atemporal, care \u00eencurajeaz\u0103 jocuri f\u0103r\u0103 v\u00e2rst\u0103 \u0219i dezvoltarea abilit\u0103\u021bilor motorii fine<\/p><\/div><\/div><\/div><\/div>\t\t\t\t\t\t<\/div>\n\t\t\t\t<\/div>\n\t\t\t\t<div class=\"elementor-element elementor-element-6dab54d elementor-widget elementor-widget-text-editor\" data-id=\"6dab54d\" data-element_type=\"widget\" data-widget_type=\"text-editor.default\">\n\t\t\t\t<div class=\"elementor-widget-container\">\n\t\t\t\t\t\t\t\t\t\t\t\t\t<\/div>\n\t\t\t\t<\/div>\n\t\t\t\t<div class=\"vamtam-has-theme-widget-styles elementor-element elementor-element-cc1c3fa elementor-widget elementor-widget-image\" data-id=\"cc1c3fa\" data-element_type=\"widget\" data-widget_type=\"image.default\">\n\t\t\t\t<div class=\"elementor-widget-container\">\n\t\t\t\t\t\t\t<div class=\"elementor-image\">\n\t\t\t\t\t\t\t\t\t\t\t\t\t\t\t\t\t\t\t\t\t<img decoding=\"async\" width=\"187\" height=\"164\" src=\"https:\/\/olilioli.md\/wp-content\/uploads\/2022\/03\/path.svg\" class=\"attachment-full size-full wp-image-56\" alt=\"\" \/>\t\t\t\t\t\t\t\t\t\t\t\t\t\t\t\t\t\t\t\t\t\t\t\t<\/div>\n\t\t\t\t\t\t<\/div>\n\t\t\t\t<\/div>\n\t\t\t\t\t<\/div>\n\t\t<\/div>\n\t\t\t\t<div class=\"elementor-column elementor-col-33 elementor-top-column elementor-element elementor-element-4f89a4c\" data-id=\"4f89a4c\" data-element_type=\"column\">\n\t\t\t<div class=\"elementor-widget-wrap elementor-element-populated\">\n\t\t\t\t\t\t\t\t<div class=\"elementor-element elementor-element-c02ec88 elementor-view-default elementor-widget elementor-widget-icon\" data-id=\"c02ec88\" data-element_type=\"widget\" data-widget_type=\"icon.default\">\n\t\t\t\t<div class=\"elementor-widget-container\">\n\t\t\t\t\t<div class=\"elementor-icon-wrapper\">\n\t\t\t<div class=\"elementor-icon\">\n\t\t\t<i aria-hidden=\"true\" class=\"vamtamtheme- vamtam-theme-cloud\"><\/i>\t\t\t<\/div>\n\t\t<\/div>\n\t\t\t\t<\/div>\n\t\t\t\t<\/div>\n\t\t\t\t\t<\/div>\n\t\t<\/div>\n\t\t\t\t\t\t\t<\/div>\n\t\t<\/section>\n\t\t\t\t\t\t\t<\/div>","protected":false},"excerpt":{"rendered":"<p>\u0425\u0430\u0440\u0430\u043a\u0442\u0435\u0440\u0438\u0441\u0442\u0438\u043a\u0438<br \/>\n\u0421\u0442\u0440\u0430\u043d\u0430 \u043f\u0440\u043e\u0438\u0437\u0432\u043e\u0434\u0441\u0442\u0432\u0430 - \u041c\u043e\u043b\u0434\u043e\u0432\u0430<br \/>\n\u2022 \u041c\u0430\u0442\u0435\u0440\u0438\u0430\u043b - \u0434\u0435\u0440\u0435\u0432\u044f\u043d\u043d\u0430\u044f \u0444\u0430\u043d\u0435\u0440\u0430<br \/>\n\u2022 Potrivit v\u00e2rstei &#8211; 0m+<br \/>\n\u2022 \u00cen\u0103l\u021bime &#8211; 8 cm<br \/>\n\u2022 L\u0103\u021bime &#8211; 5 cm<br \/>\n\u2022 Lungime &#8211; 14 cm<\/p>","protected":false},"featured_media":991358,"template":"","meta":{"om_disable_all_campaigns":false},"product_cat":[385,315],"product_tag":[],"class_list":["post-991351","product","type-product","status-publish","has-post-thumbnail","hentry","product_cat-jucarii","product_cat-carucior-pt-papusi2","product_shipping_class-intre-2-si-5-kg"],"yoast_head":"<!-- This site is optimized with the Yoast SEO plugin v24.4 - https:\/\/yoast.com\/wordpress\/plugins\/seo\/ -->\n<title>Ma\u0219ina din lemn- Linie - Olilioli<\/title>\n<meta name=\"description\" content=\"Ma\u0219inu\u021ba din lemn \u201eLinii \u201d \u2013 Simplitate \u0219i Elegan\u021b\u0103 \u00een Mi\u0219care. Aceast\u0103 ma\u0219inu\u021b\u0103 minimalist\u0103 din lemn este inspirat\u0103 de linii clare \u0219i forme simple, oferind o experien\u021b\u0103 de joac\u0103 subtil\u0103, dar captivant\u0103. Designul s\u0103u elegant \u0219i o structur\u0103 clar\u0103, promoveaz\u0103 creativitatea copilului, f\u0103r\u0103 a distrage aten\u021bia de la imagina\u021bie. Fabricat\u0103 din lemn, ma\u0219inu\u021ba \u201eLinii \u201d este perfect\u0103 pentru micii exploratori care apreciaz\u0103 frumuse\u021bea formelor simple. Un cadou durabil \u0219i atemporal, care \u00eencurajeaz\u0103 jocuri f\u0103r\u0103 v\u00e2rst\u0103 \u0219i dezvoltarea abilit\u0103\u021bilor motorii fine\" \/>\n<meta name=\"robots\" content=\"index, follow, max-snippet:-1, max-image-preview:large, max-video-preview:-1\" \/>\n<link rel=\"canonical\" href=\"https:\/\/olilioli.md\/ru\/magazin\/toate-produsele-olilioli\/jucarii\/masina-din-lemn-linie\/\" \/>\n<meta property=\"og:locale\" content=\"ru_RU\" \/>\n<meta property=\"og:type\" content=\"article\" \/>\n<meta property=\"og:title\" content=\"Ma\u0219ina din lemn- Linie - Olilioli\" \/>\n<meta property=\"og:description\" content=\"Ma\u0219inu\u021ba din lemn \u201eLinii \u201d \u2013 Simplitate \u0219i Elegan\u021b\u0103 \u00een Mi\u0219care. Aceast\u0103 ma\u0219inu\u021b\u0103 minimalist\u0103 din lemn este inspirat\u0103 de linii clare \u0219i forme simple, oferind o experien\u021b\u0103 de joac\u0103 subtil\u0103, dar captivant\u0103. Designul s\u0103u elegant \u0219i o structur\u0103 clar\u0103, promoveaz\u0103 creativitatea copilului, f\u0103r\u0103 a distrage aten\u021bia de la imagina\u021bie. Fabricat\u0103 din lemn, ma\u0219inu\u021ba \u201eLinii \u201d este perfect\u0103 pentru micii exploratori care apreciaz\u0103 frumuse\u021bea formelor simple. Un cadou durabil \u0219i atemporal, care \u00eencurajeaz\u0103 jocuri f\u0103r\u0103 v\u00e2rst\u0103 \u0219i dezvoltarea abilit\u0103\u021bilor motorii fine\" \/>\n<meta property=\"og:url\" content=\"https:\/\/olilioli.md\/ru\/magazin\/toate-produsele-olilioli\/jucarii\/masina-din-lemn-linie\/\" \/>\n<meta property=\"og:site_name\" content=\"Olilioli\" \/>\n<meta property=\"article:modified_time\" content=\"2025-04-02T16:20:03+00:00\" \/>\n<meta property=\"og:image\" content=\"https:\/\/olilioli.md\/wp-content\/uploads\/2025\/04\/DSC_454766-\u043a\u043e\u043f\u0438\u044f-scaled.jpg\" \/>\n\t<meta property=\"og:image:width\" content=\"2048\" \/>\n\t<meta property=\"og:image:height\" content=\"2560\" \/>\n\t<meta property=\"og:image:type\" content=\"image\/jpeg\" \/>\n<meta name=\"twitter:card\" content=\"summary_large_image\" \/>\n<meta name=\"twitter:label1\" content=\"\u041f\u0440\u0438\u043c\u0435\u0440\u043d\u043e\u0435 \u0432\u0440\u0435\u043c\u044f \u0434\u043b\u044f \u0447\u0442\u0435\u043d\u0438\u044f\" \/>\n\t<meta name=\"twitter:data1\" content=\"2 \u043c\u0438\u043d\u0443\u0442\u044b\" \/>\n<script type=\"application\/ld+json\" class=\"yoast-schema-graph\">{\"@context\":\"https:\/\/schema.org\",\"@graph\":[{\"@type\":\"WebPage\",\"@id\":\"https:\/\/olilioli.md\/magazin\/toate-produsele-olilioli\/jucarii\/masina-din-lemn-linie\/\",\"url\":\"https:\/\/olilioli.md\/magazin\/toate-produsele-olilioli\/jucarii\/masina-din-lemn-linie\/\",\"name\":\"Ma\u0219ina din lemn- Linie - Olilioli\",\"isPartOf\":{\"@id\":\"http:\/\/olilioli.md\/ru\/#website\"},\"primaryImageOfPage\":{\"@id\":\"https:\/\/olilioli.md\/magazin\/toate-produsele-olilioli\/jucarii\/masina-din-lemn-linie\/#primaryimage\"},\"image\":{\"@id\":\"https:\/\/olilioli.md\/magazin\/toate-produsele-olilioli\/jucarii\/masina-din-lemn-linie\/#primaryimage\"},\"thumbnailUrl\":\"https:\/\/olilioli.md\/wp-content\/uploads\/2025\/04\/DSC_454766-\u043a\u043e\u043f\u0438\u044f-scaled.jpg\",\"datePublished\":\"2025-04-02T13:53:44+00:00\",\"dateModified\":\"2025-04-02T16:20:03+00:00\",\"description\":\"Ma\u0219inu\u021ba din lemn \u201eLinii \u201d \u2013 Simplitate \u0219i Elegan\u021b\u0103 \u00een Mi\u0219care. Aceast\u0103 ma\u0219inu\u021b\u0103 minimalist\u0103 din lemn este inspirat\u0103 de linii clare \u0219i forme simple, oferind o experien\u021b\u0103 de joac\u0103 subtil\u0103, dar captivant\u0103. Designul s\u0103u elegant \u0219i o structur\u0103 clar\u0103, promoveaz\u0103 creativitatea copilului, f\u0103r\u0103 a distrage aten\u021bia de la imagina\u021bie. Fabricat\u0103 din lemn, ma\u0219inu\u021ba \u201eLinii \u201d este perfect\u0103 pentru micii exploratori care apreciaz\u0103 frumuse\u021bea formelor simple. Un cadou durabil \u0219i atemporal, care \u00eencurajeaz\u0103 jocuri f\u0103r\u0103 v\u00e2rst\u0103 \u0219i dezvoltarea abilit\u0103\u021bilor motorii fine\",\"breadcrumb\":{\"@id\":\"https:\/\/olilioli.md\/magazin\/toate-produsele-olilioli\/jucarii\/masina-din-lemn-linie\/#breadcrumb\"},\"inLanguage\":\"ru-RU\",\"potentialAction\":[{\"@type\":\"ReadAction\",\"target\":[\"https:\/\/olilioli.md\/magazin\/toate-produsele-olilioli\/jucarii\/masina-din-lemn-linie\/\"]}]},{\"@type\":\"ImageObject\",\"inLanguage\":\"ru-RU\",\"@id\":\"https:\/\/olilioli.md\/magazin\/toate-produsele-olilioli\/jucarii\/masina-din-lemn-linie\/#primaryimage\",\"url\":\"https:\/\/olilioli.md\/wp-content\/uploads\/2025\/04\/DSC_454766-\u043a\u043e\u043f\u0438\u044f-scaled.jpg\",\"contentUrl\":\"https:\/\/olilioli.md\/wp-content\/uploads\/2025\/04\/DSC_454766-\u043a\u043e\u043f\u0438\u044f-scaled.jpg\",\"width\":2048,\"height\":2560},{\"@type\":\"BreadcrumbList\",\"@id\":\"https:\/\/olilioli.md\/magazin\/toate-produsele-olilioli\/jucarii\/masina-din-lemn-linie\/#breadcrumb\",\"itemListElement\":[{\"@type\":\"ListItem\",\"position\":1,\"name\":\"Prima pagin\u0103\",\"item\":\"http:\/\/olilioli.md\/ru\/\"},{\"@type\":\"ListItem\",\"position\":2,\"name\":\"Categorii\",\"item\":\"https:\/\/olilioli.md\/ru\/categorii\/\"},{\"@type\":\"ListItem\",\"position\":3,\"name\":\"Ma\u0219ina din lemn- Linie\"}]},{\"@type\":\"WebSite\",\"@id\":\"http:\/\/olilioli.md\/ru\/#website\",\"url\":\"http:\/\/olilioli.md\/ru\/\",\"name\":\"Olilioli\",\"description\":\"produse ecologice pentru copii\",\"publisher\":{\"@id\":\"http:\/\/olilioli.md\/ru\/#organization\"},\"potentialAction\":[{\"@type\":\"SearchAction\",\"target\":{\"@type\":\"EntryPoint\",\"urlTemplate\":\"http:\/\/olilioli.md\/ru\/?s={search_term_string}\"},\"query-input\":{\"@type\":\"PropertyValueSpecification\",\"valueRequired\":true,\"valueName\":\"search_term_string\"}}],\"inLanguage\":\"ru-RU\"},{\"@type\":\"Organization\",\"@id\":\"http:\/\/olilioli.md\/ru\/#organization\",\"name\":\"Olilioli\",\"url\":\"http:\/\/olilioli.md\/ru\/\",\"logo\":{\"@type\":\"ImageObject\",\"inLanguage\":\"ru-RU\",\"@id\":\"http:\/\/olilioli.md\/ru\/#\/schema\/logo\/image\/\",\"url\":\"https:\/\/olilioli.md\/wp-content\/uploads\/2023\/02\/olilioli_logo-min.png\",\"contentUrl\":\"https:\/\/olilioli.md\/wp-content\/uploads\/2023\/02\/olilioli_logo-min.png\",\"width\":138,\"height\":36,\"caption\":\"Olilioli\"},\"image\":{\"@id\":\"http:\/\/olilioli.md\/ru\/#\/schema\/logo\/image\/\"}}]}<\/script>\n<!-- \/ Yoast SEO plugin. -->","yoast_head_json":{"title":"Ma\u0219ina din lemn- Linie - Olilioli","description":"Ma\u0219inu\u021ba din lemn \u201eLinii \u201d \u2013 Simplitate \u0219i Elegan\u021b\u0103 \u00een Mi\u0219care. Aceast\u0103 ma\u0219inu\u021b\u0103 minimalist\u0103 din lemn este inspirat\u0103 de linii clare \u0219i forme simple, oferind o experien\u021b\u0103 de joac\u0103 subtil\u0103, dar captivant\u0103. Designul s\u0103u elegant \u0219i o structur\u0103 clar\u0103, promoveaz\u0103 creativitatea copilului, f\u0103r\u0103 a distrage aten\u021bia de la imagina\u021bie. Fabricat\u0103 din lemn, ma\u0219inu\u021ba \u201eLinii \u201d este perfect\u0103 pentru micii exploratori care apreciaz\u0103 frumuse\u021bea formelor simple. Un cadou durabil \u0219i atemporal, care \u00eencurajeaz\u0103 jocuri f\u0103r\u0103 v\u00e2rst\u0103 \u0219i dezvoltarea abilit\u0103\u021bilor motorii fine","robots":{"index":"index","follow":"follow","max-snippet":"max-snippet:-1","max-image-preview":"max-image-preview:large","max-video-preview":"max-video-preview:-1"},"canonical":"https:\/\/olilioli.md\/ru\/magazin\/toate-produsele-olilioli\/jucarii\/masina-din-lemn-linie\/","og_locale":"ru_RU","og_type":"article","og_title":"Ma\u0219ina din lemn- Linie - Olilioli","og_description":"Ma\u0219inu\u021ba din lemn \u201eLinii \u201d \u2013 Simplitate \u0219i Elegan\u021b\u0103 \u00een Mi\u0219care. Aceast\u0103 ma\u0219inu\u021b\u0103 minimalist\u0103 din lemn este inspirat\u0103 de linii clare \u0219i forme simple, oferind o experien\u021b\u0103 de joac\u0103 subtil\u0103, dar captivant\u0103. Designul s\u0103u elegant \u0219i o structur\u0103 clar\u0103, promoveaz\u0103 creativitatea copilului, f\u0103r\u0103 a distrage aten\u021bia de la imagina\u021bie. Fabricat\u0103 din lemn, ma\u0219inu\u021ba \u201eLinii \u201d este perfect\u0103 pentru micii exploratori care apreciaz\u0103 frumuse\u021bea formelor simple. Un cadou durabil \u0219i atemporal, care \u00eencurajeaz\u0103 jocuri f\u0103r\u0103 v\u00e2rst\u0103 \u0219i dezvoltarea abilit\u0103\u021bilor motorii fine","og_url":"https:\/\/olilioli.md\/ru\/magazin\/toate-produsele-olilioli\/jucarii\/masina-din-lemn-linie\/","og_site_name":"Olilioli","article_modified_time":"2025-04-02T16:20:03+00:00","og_image":[{"width":2048,"height":2560,"url":"https:\/\/olilioli.md\/wp-content\/uploads\/2025\/04\/DSC_454766-\u043a\u043e\u043f\u0438\u044f-scaled.jpg","type":"image\/jpeg"}],"twitter_card":"summary_large_image","twitter_misc":{"\u041f\u0440\u0438\u043c\u0435\u0440\u043d\u043e\u0435 \u0432\u0440\u0435\u043c\u044f \u0434\u043b\u044f \u0447\u0442\u0435\u043d\u0438\u044f":"2 \u043c\u0438\u043d\u0443\u0442\u044b"},"schema":{"@context":"https:\/\/schema.org","@graph":[{"@type":"WebPage","@id":"https:\/\/olilioli.md\/magazin\/toate-produsele-olilioli\/jucarii\/masina-din-lemn-linie\/","url":"https:\/\/olilioli.md\/magazin\/toate-produsele-olilioli\/jucarii\/masina-din-lemn-linie\/","name":"Ma\u0219ina din lemn- Linie - Olilioli","isPartOf":{"@id":"http:\/\/olilioli.md\/ru\/#website"},"primaryImageOfPage":{"@id":"https:\/\/olilioli.md\/magazin\/toate-produsele-olilioli\/jucarii\/masina-din-lemn-linie\/#primaryimage"},"image":{"@id":"https:\/\/olilioli.md\/magazin\/toate-produsele-olilioli\/jucarii\/masina-din-lemn-linie\/#primaryimage"},"thumbnailUrl":"https:\/\/olilioli.md\/wp-content\/uploads\/2025\/04\/DSC_454766-\u043a\u043e\u043f\u0438\u044f-scaled.jpg","datePublished":"2025-04-02T13:53:44+00:00","dateModified":"2025-04-02T16:20:03+00:00","description":"Ma\u0219inu\u021ba din lemn \u201eLinii \u201d \u2013 Simplitate \u0219i Elegan\u021b\u0103 \u00een Mi\u0219care. Aceast\u0103 ma\u0219inu\u021b\u0103 minimalist\u0103 din lemn este inspirat\u0103 de linii clare \u0219i forme simple, oferind o experien\u021b\u0103 de joac\u0103 subtil\u0103, dar captivant\u0103. Designul s\u0103u elegant \u0219i o structur\u0103 clar\u0103, promoveaz\u0103 creativitatea copilului, f\u0103r\u0103 a distrage aten\u021bia de la imagina\u021bie. Fabricat\u0103 din lemn, ma\u0219inu\u021ba \u201eLinii \u201d este perfect\u0103 pentru micii exploratori care apreciaz\u0103 frumuse\u021bea formelor simple. Un cadou durabil \u0219i atemporal, care \u00eencurajeaz\u0103 jocuri f\u0103r\u0103 v\u00e2rst\u0103 \u0219i dezvoltarea abilit\u0103\u021bilor motorii fine","breadcrumb":{"@id":"https:\/\/olilioli.md\/magazin\/toate-produsele-olilioli\/jucarii\/masina-din-lemn-linie\/#breadcrumb"},"inLanguage":"ru-RU","potentialAction":[{"@type":"ReadAction","target":["https:\/\/olilioli.md\/magazin\/toate-produsele-olilioli\/jucarii\/masina-din-lemn-linie\/"]}]},{"@type":"ImageObject","inLanguage":"ru-RU","@id":"https:\/\/olilioli.md\/magazin\/toate-produsele-olilioli\/jucarii\/masina-din-lemn-linie\/#primaryimage","url":"https:\/\/olilioli.md\/wp-content\/uploads\/2025\/04\/DSC_454766-\u043a\u043e\u043f\u0438\u044f-scaled.jpg","contentUrl":"https:\/\/olilioli.md\/wp-content\/uploads\/2025\/04\/DSC_454766-\u043a\u043e\u043f\u0438\u044f-scaled.jpg","width":2048,"height":2560},{"@type":"BreadcrumbList","@id":"https:\/\/olilioli.md\/magazin\/toate-produsele-olilioli\/jucarii\/masina-din-lemn-linie\/#breadcrumb","itemListElement":[{"@type":"ListItem","position":1,"name":"Prima pagin\u0103","item":"http:\/\/olilioli.md\/ru\/"},{"@type":"ListItem","position":2,"name":"Categorii","item":"https:\/\/olilioli.md\/ru\/categorii\/"},{"@type":"ListItem","position":3,"name":"Ma\u0219ina din lemn- Linie"}]},{"@type":"WebSite","@id":"http:\/\/olilioli.md\/ru\/#website","url":"http:\/\/olilioli.md\/ru\/","name":"Olilioli","description":"produse ecologice pentru copii","publisher":{"@id":"http:\/\/olilioli.md\/ru\/#organization"},"potentialAction":[{"@type":"SearchAction","target":{"@type":"EntryPoint","urlTemplate":"http:\/\/olilioli.md\/ru\/?s={search_term_string}"},"query-input":{"@type":"PropertyValueSpecification","valueRequired":true,"valueName":"search_term_string"}}],"inLanguage":"ru-RU"},{"@type":"Organization","@id":"http:\/\/olilioli.md\/ru\/#organization","name":"Olilioli","url":"http:\/\/olilioli.md\/ru\/","logo":{"@type":"ImageObject","inLanguage":"ru-RU","@id":"http:\/\/olilioli.md\/ru\/#\/schema\/logo\/image\/","url":"https:\/\/olilioli.md\/wp-content\/uploads\/2023\/02\/olilioli_logo-min.png","contentUrl":"https:\/\/olilioli.md\/wp-content\/uploads\/2023\/02\/olilioli_logo-min.png","width":138,"height":36,"caption":"Olilioli"},"image":{"@id":"http:\/\/olilioli.md\/ru\/#\/schema\/logo\/image\/"}}]}},"wcpa_form_fields":null,"_links":{"self":[{"href":"https:\/\/olilioli.md\/ru\/wp-json\/wp\/v2\/product\/991351","targetHints":{"allow":["GET"]}}],"collection":[{"href":"https:\/\/olilioli.md\/ru\/wp-json\/wp\/v2\/product"}],"about":[{"href":"https:\/\/olilioli.md\/ru\/wp-json\/wp\/v2\/types\/product"}],"version-history":[{"count":6,"href":"https:\/\/olilioli.md\/ru\/wp-json\/wp\/v2\/product\/991351\/revisions"}],"predecessor-version":[{"id":991367,"href":"https:\/\/olilioli.md\/ru\/wp-json\/wp\/v2\/product\/991351\/revisions\/991367"}],"wp:featuredmedia":[{"embeddable":true,"href":"https:\/\/olilioli.md\/ru\/wp-json\/wp\/v2\/media\/991358"}],"wp:attachment":[{"href":"https:\/\/olilioli.md\/ru\/wp-json\/wp\/v2\/media?parent=991351"}],"wp:term":[{"taxonomy":"product_cat","embeddable":true,"href":"https:\/\/olilioli.md\/ru\/wp-json\/wp\/v2\/product_cat?post=991351"},{"taxonomy":"product_tag","embeddable":true,"href":"https:\/\/olilioli.md\/ru\/wp-json\/wp\/v2\/product_tag?post=991351"}],"curies":[{"name":"wp","href":"https:\/\/api.w.org\/{rel}","templated":true}]}}